{"id":1296,"date":"2021-03-23T11:41:23","date_gmt":"2021-03-23T10:41:23","guid":{"rendered":"https:\/\/strandhotellet-blokhus.dk\/de\/?page_id=1296"},"modified":"2021-04-30T18:12:23","modified_gmt":"2021-04-30T16:12:23","slug":"parken","status":"publish","type":"page","link":"https:\/\/strandhotellet-blokhus.dk\/de\/parken\/","title":{"rendered":"Parken"},"content":{"rendered":"","protected":false},"excerpt":{"rendered":"","protected":false},"author":1,"featured_media":0,"parent":0,"menu_order":0,"comment_status":"closed","ping_status":"closed","template":"","meta":[],"acf":{"show_banner":"yes","banner_image":{"ID":375,"id":375,"title":"Eksterioer3","filename":"Eksterioer3.jpg","filesize":116056,"url":"https:\/\/strandhotellet-blokhus.dk\/de\/wp-content\/uploads\/sites\/3\/2019\/05\/Eksterioer3.jpg","link":"https:\/\/strandhotellet-blokhus.dk\/de\/galerie\/eksterioer3\/#main","alt":"","author":"1","description":"","caption":"","name":"eksterioer3","status":"inherit","uploaded_to":937,"date":"2019-05-29 06:26:26","modified":"2019-07-01 13:47:12","menu_order":0,"mime_type":"image\/jpeg","type":"image","subtype":"jpeg","icon":"https:\/\/strandhotellet-blokhus.dk\/de\/wp-includes\/images\/media\/default.png","width":1200,"height":800,"sizes":{"thumbnail":"https:\/\/strandhotellet-blokhus.dk\/de\/wp-content\/uploads\/sites\/3\/2019\/05\/Eksterioer3-150x150.jpg","thumbnail-width":150,"thumbnail-height":150,"medium":"https:\/\/strandhotellet-blokhus.dk\/de\/wp-content\/uploads\/sites\/3\/2019\/05\/Eksterioer3-300x200.jpg","medium-width":300,"medium-height":200,"medium_large":"https:\/\/strandhotellet-blokhus.dk\/de\/wp-content\/uploads\/sites\/3\/2019\/05\/Eksterioer3-768x512.jpg","medium_large-width":768,"medium_large-height":512,"large":"https:\/\/strandhotellet-blokhus.dk\/de\/wp-content\/uploads\/sites\/3\/2019\/05\/Eksterioer3-1024x683.jpg","large-width":1024,"large-height":683,"1536x1536":"https:\/\/strandhotellet-blokhus.dk\/de\/wp-content\/uploads\/sites\/3\/2019\/05\/Eksterioer3.jpg","1536x1536-width":1200,"1536x1536-height":800,"2048x2048":"https:\/\/strandhotellet-blokhus.dk\/de\/wp-content\/uploads\/sites\/3\/2019\/05\/Eksterioer3.jpg","2048x2048-width":1200,"2048x2048-height":800}},"show_formular":true,"text_over_form":"","flex_content":[{"acf_fc_layout":"col_2_text_and_image_or_info_case","col6":null,"text":"<h1>Parken<\/h1>\n<h6>STRANDHOTELLETS G\u00c4STEPARKPL\u00c4TZE<\/h6>\n<p>Als Gast im Strandhotellet haben Sie die M\u00f6glichkeit, die auf der Karte markierten Parkpl\u00e4tze kostenlos zu nutzen.<\/p>\n<p>Bitte beachten Sie, dass Hotelg\u00e4ste trotz der Beschilderung max. 2h auf den markierten Fl\u00e4chen frei parken d\u00fcrfen.<\/p>\n<p>Das Strandhotellet verf\u00fcgt \u00fcber einen eigenen Parkplatz direkt am Haus. Dieser kann allerdings aufgrund des begrenzten Platzes belegt sein.<\/p>\n<p>Der hoteleigene Parkplatz verf\u00fcgt \u00fcber zwei Lades\u00e4ulen f\u00fcr Elektro-Fahrzeuge des Anbieters Clever. Zur Nutzung ist ein g\u00fcltiges Clever-Kundenkonto erforderlich, dass unkompliziert auf der <a href=\"https:\/\/clever.dk\/produkter\/clever-app\/clever-app-deutsch\/\" target=\"_blank\" rel=\"noopener\">Internetseite von Clever eingerichtet werden kann<\/a>.<\/p>\n<p>Sollte kein eigenes Kundenkonto vorhanden sein, kann nach vorheriger Absprache mit der Rezeption ein Zugang zu den Lades\u00e4ulen f\u00fcr DKK 50,- pro Tag eingerichtet werden.<\/p>\n<p>Die Parkpl\u00e4tze f\u00fcr Menschen mit Behinderung befinden sich direkt am Haupteingang.<\/p>\n<p>Bei weiteren Fragen oder besonderen Parkbed\u00fcrfnissen wenden Sie sich gerne an die Rezeption.<\/p>\n","buttons":false,"col6_copy":null,"images":[{"image":{"ID":1313,"id":1313,"title":"Sk\u00e6rmbillede 2021-04-18 kl. 09.14.12","filename":"Sk\u00e6rmbillede-2021-04-18-kl.-09.14.12.png","filesize":463116,"url":"https:\/\/strandhotellet-blokhus.dk\/de\/wp-content\/uploads\/sites\/3\/2021\/04\/Sk\u00e6rmbillede-2021-04-18-kl.-09.14.12.png","link":"https:\/\/strandhotellet-blokhus.dk\/de\/parken\/skaermbillede-2021-04-18-kl-09-14-12\/#main","alt":"","author":"1","description":"","caption":"","name":"skaermbillede-2021-04-18-kl-09-14-12","status":"inherit","uploaded_to":1296,"date":"2021-04-18 07:30:18","modified":"2021-04-18 07:30:18","menu_order":0,"mime_type":"image\/png","type":"image","subtype":"png","icon":"https:\/\/strandhotellet-blokhus.dk\/de\/wp-includes\/images\/media\/default.png","width":410,"height":486,"sizes":{"thumbnail":"https:\/\/strandhotellet-blokhus.dk\/de\/wp-content\/uploads\/sites\/3\/2021\/04\/Sk\u00e6rmbillede-2021-04-18-kl.-09.14.12-150x150.png","thumbnail-width":150,"thumbnail-height":150,"medium":"https:\/\/strandhotellet-blokhus.dk\/de\/wp-content\/uploads\/sites\/3\/2021\/04\/Sk\u00e6rmbillede-2021-04-18-kl.-09.14.12-253x300.png","medium-width":253,"medium-height":300,"medium_large":"https:\/\/strandhotellet-blokhus.dk\/de\/wp-content\/uploads\/sites\/3\/2021\/04\/Sk\u00e6rmbillede-2021-04-18-kl.-09.14.12.png","medium_large-width":410,"medium_large-height":486,"large":"https:\/\/strandhotellet-blokhus.dk\/de\/wp-content\/uploads\/sites\/3\/2021\/04\/Sk\u00e6rmbillede-2021-04-18-kl.-09.14.12.png","large-width":410,"large-height":486,"1536x1536":"https:\/\/strandhotellet-blokhus.dk\/de\/wp-content\/uploads\/sites\/3\/2021\/04\/Sk\u00e6rmbillede-2021-04-18-kl.-09.14.12.png","1536x1536-width":410,"1536x1536-height":486,"2048x2048":"https:\/\/strandhotellet-blokhus.dk\/de\/wp-content\/uploads\/sites\/3\/2021\/04\/Sk\u00e6rmbillede-2021-04-18-kl.-09.14.12.png","2048x2048-width":410,"2048x2048-height":486}}}],"show":"no","info_text":"","info_button":null},{"acf_fc_layout":"col_2_case_with_image_text_link","col12":null,"setup":"3grid","bg_color":"grey","text":"<h6 style=\"text-align: center;\">LASSEN SIE SICH AN DER NORDSEE VERW\u00d6HNEN<\/h6>\n<h2 style=\"text-align: center;\">Aufenthalte die verf\u00fchren<\/h2>\n","cases":[{"bg":{"ID":355,"id":355,"title":"Interioer23","filename":"Interioer23.jpg","filesize":72684,"url":"https:\/\/strandhotellet-blokhus.dk\/de\/wp-content\/uploads\/sites\/3\/2019\/05\/Interioer23.jpg","link":"https:\/\/strandhotellet-blokhus.dk\/de\/galerie\/interioer23\/#main","alt":"","author":"1","description":"","caption":"","name":"interioer23","status":"inherit","uploaded_to":937,"date":"2019-05-29 06:14:08","modified":"2019-07-01 13:41:07","menu_order":0,"mime_type":"image\/jpeg","type":"image","subtype":"jpeg","icon":"https:\/\/strandhotellet-blokhus.dk\/de\/wp-includes\/images\/media\/default.png","width":1200,"height":800,"sizes":{"thumbnail":"https:\/\/strandhotellet-blokhus.dk\/de\/wp-content\/uploads\/sites\/3\/2019\/05\/Interioer23-150x150.jpg","thumbnail-width":150,"thumbnail-height":150,"medium":"https:\/\/strandhotellet-blokhus.dk\/de\/wp-content\/uploads\/sites\/3\/2019\/05\/Interioer23-300x200.jpg","medium-width":300,"medium-height":200,"medium_large":"https:\/\/strandhotellet-blokhus.dk\/de\/wp-content\/uploads\/sites\/3\/2019\/05\/Interioer23-768x512.jpg","medium_large-width":768,"medium_large-height":512,"large":"https:\/\/strandhotellet-blokhus.dk\/de\/wp-content\/uploads\/sites\/3\/2019\/05\/Interioer23-1024x683.jpg","large-width":1024,"large-height":683,"1536x1536":"https:\/\/strandhotellet-blokhus.dk\/de\/wp-content\/uploads\/sites\/3\/2019\/05\/Interioer23.jpg","1536x1536-width":1200,"1536x1536-height":800,"2048x2048":"https:\/\/strandhotellet-blokhus.dk\/de\/wp-content\/uploads\/sites\/3\/2019\/05\/Interioer23.jpg","2048x2048-width":1200,"2048x2048-height":800}},"titel":"Getaway Aufenthalt","text":"Eine verschnaufpause vom Alltag - lassen Sie sich verw\u00f6hnen.","link":{"title":"Siehe details","url":"https:\/\/strandhotellet-blokhus.dk\/de\/getaway-aufenthalt\/","target":""}},{"bg":{"ID":384,"id":384,"title":"omgivelserne1","filename":"omgivelserne1.jpg","filesize":202632,"url":"https:\/\/strandhotellet-blokhus.dk\/de\/wp-content\/uploads\/sites\/3\/2019\/05\/omgivelserne1.jpg","link":"https:\/\/strandhotellet-blokhus.dk\/de\/galerie\/omgivelserne1\/#main","alt":"","author":"1","description":"","caption":"","name":"omgivelserne1","status":"inherit","uploaded_to":937,"date":"2019-05-29 06:27:57","modified":"2019-07-01 13:47:12","menu_order":0,"mime_type":"image\/jpeg","type":"image","subtype":"jpeg","icon":"https:\/\/strandhotellet-blokhus.dk\/de\/wp-includes\/images\/media\/default.png","width":1200,"height":800,"sizes":{"thumbnail":"https:\/\/strandhotellet-blokhus.dk\/de\/wp-content\/uploads\/sites\/3\/2019\/05\/omgivelserne1-150x150.jpg","thumbnail-width":150,"thumbnail-height":150,"medium":"https:\/\/strandhotellet-blokhus.dk\/de\/wp-content\/uploads\/sites\/3\/2019\/05\/omgivelserne1-300x200.jpg","medium-width":300,"medium-height":200,"medium_large":"https:\/\/strandhotellet-blokhus.dk\/de\/wp-content\/uploads\/sites\/3\/2019\/05\/omgivelserne1-768x512.jpg","medium_large-width":768,"medium_large-height":512,"large":"https:\/\/strandhotellet-blokhus.dk\/de\/wp-content\/uploads\/sites\/3\/2019\/05\/omgivelserne1-1024x683.jpg","large-width":1024,"large-height":683,"1536x1536":"https:\/\/strandhotellet-blokhus.dk\/de\/wp-content\/uploads\/sites\/3\/2019\/05\/omgivelserne1.jpg","1536x1536-width":1200,"1536x1536-height":800,"2048x2048":"https:\/\/strandhotellet-blokhus.dk\/de\/wp-content\/uploads\/sites\/3\/2019\/05\/omgivelserne1.jpg","2048x2048-width":1200,"2048x2048-height":800}},"titel":"Klassischer Aufenthalt","text":"Lassen Sie sich von morgens bis abends auf H\u00e4nden tragen.","link":{"title":"Siehe details","url":"https:\/\/strandhotellet-blokhus.dk\/de\/klassischer-aufenthalt\/","target":""}},{"bg":{"ID":231,"id":231,"title":"Gourmet-ophold_Strandhotellet-Blokhus","filename":"Gourmet-ophold_Strandhotellet-Blokhus-e1558964657142.jpg","filesize":44789,"url":"https:\/\/strandhotellet-blokhus.dk\/de\/wp-content\/uploads\/sites\/3\/2019\/05\/Gourmet-ophold_Strandhotellet-Blokhus-e1558964657142.jpg","link":"https:\/\/strandhotellet-blokhus.dk\/de\/hund-und-katze\/gourmet-ophold_strandhotellet-blokhus\/#main","alt":"","author":"1","description":"","caption":"","name":"gourmet-ophold_strandhotellet-blokhus","status":"inherit","uploaded_to":228,"date":"2019-05-27 13:42:22","modified":"2019-05-27 13:42:22","menu_order":0,"mime_type":"image\/jpeg","type":"image","subtype":"jpeg","icon":"https:\/\/strandhotellet-blokhus.dk\/de\/wp-includes\/images\/media\/default.png","width":500,"height":281,"sizes":{"thumbnail":"https:\/\/strandhotellet-blokhus.dk\/de\/wp-content\/uploads\/sites\/3\/2019\/05\/Gourmet-ophold_Strandhotellet-Blokhus-e1558964657142-150x150.jpg","thumbnail-width":150,"thumbnail-height":150,"medium":"https:\/\/strandhotellet-blokhus.dk\/de\/wp-content\/uploads\/sites\/3\/2019\/05\/Gourmet-ophold_Strandhotellet-Blokhus-e1558964657142-300x169.jpg","medium-width":300,"medium-height":169,"medium_large":"https:\/\/strandhotellet-blokhus.dk\/de\/wp-content\/uploads\/sites\/3\/2019\/05\/Gourmet-ophold_Strandhotellet-Blokhus-e1558964657142.jpg","medium_large-width":500,"medium_large-height":281,"large":"https:\/\/strandhotellet-blokhus.dk\/de\/wp-content\/uploads\/sites\/3\/2019\/05\/Gourmet-ophold_Strandhotellet-Blokhus-e1558964657142.jpg","large-width":500,"large-height":281,"1536x1536":"https:\/\/strandhotellet-blokhus.dk\/de\/wp-content\/uploads\/sites\/3\/2019\/05\/Gourmet-ophold_Strandhotellet-Blokhus-e1558964657142.jpg","1536x1536-width":500,"1536x1536-height":281,"2048x2048":"https:\/\/strandhotellet-blokhus.dk\/de\/wp-content\/uploads\/sites\/3\/2019\/05\/Gourmet-ophold_Strandhotellet-Blokhus-e1558964657142.jpg","2048x2048-width":500,"2048x2048-height":281}},"titel":"Luxus Aufenthalt","text":"Kitzeln Sie Ihre Geschmacksnerven mit exquisiten Abendessen und Wein.","link":{"title":"Siehe details","url":"https:\/\/strandhotellet-blokhus.dk\/de\/luxus-aufenthalt\/","target":""}}]},{"acf_fc_layout":"col_1_insta_images","col12":null},{"acf_fc_layout":"col_1_newsletter","col12":null}]},"yoast_head":"<!-- This site is optimized with the Yoast SEO plugin v19.13 - https:\/\/yoast.com\/wordpress\/plugins\/seo\/ -->\n<title>Parken - Strandhotel Tysk<\/title>\n<meta name=\"robots\" content=\"index, follow, max-snippet:-1, max-image-preview:large, max-video-preview:-1\" \/>\n<link rel=\"canonical\" href=\"https:\/\/strandhotellet-blokhus.dk\/de\/parken\/\" \/>\n<meta property=\"og:locale\" content=\"de_DE\" \/>\n<meta property=\"og:type\" content=\"article\" \/>\n<meta property=\"og:title\" content=\"Parken - Strandhotel Tysk\" \/>\n<meta property=\"og:url\" content=\"https:\/\/strandhotellet-blokhus.dk\/de\/parken\/\" \/>\n<meta property=\"og:site_name\" content=\"Strandhotel Tysk\" \/>\n<meta property=\"article:modified_time\" content=\"2021-04-30T16:12:23+00:00\" \/>\n<meta name=\"twitter:card\" content=\"summary_large_image\" \/>\n<script type=\"application\/ld+json\" class=\"yoast-schema-graph\">{\"@context\":\"https:\/\/schema.org\",\"@graph\":[{\"@type\":\"WebPage\",\"@id\":\"https:\/\/strandhotellet-blokhus.dk\/de\/parken\/\",\"url\":\"https:\/\/strandhotellet-blokhus.dk\/de\/parken\/\",\"name\":\"Parken - Strandhotel Tysk\",\"isPartOf\":{\"@id\":\"https:\/\/strandhotellet-blokhus.dk\/de\/#website\"},\"datePublished\":\"2021-03-23T10:41:23+00:00\",\"dateModified\":\"2021-04-30T16:12:23+00:00\",\"breadcrumb\":{\"@id\":\"https:\/\/strandhotellet-blokhus.dk\/de\/parken\/#breadcrumb\"},\"inLanguage\":\"de-DE\",\"potentialAction\":[{\"@type\":\"ReadAction\",\"target\":[\"https:\/\/strandhotellet-blokhus.dk\/de\/parken\/\"]}]},{\"@type\":\"BreadcrumbList\",\"@id\":\"https:\/\/strandhotellet-blokhus.dk\/de\/parken\/#breadcrumb\",\"itemListElement\":[{\"@type\":\"ListItem\",\"position\":1,\"name\":\"Hjem\",\"item\":\"https:\/\/strandhotellet-blokhus.dk\/de\/\"},{\"@type\":\"ListItem\",\"position\":2,\"name\":\"Parken\"}]},{\"@type\":\"WebSite\",\"@id\":\"https:\/\/strandhotellet-blokhus.dk\/de\/#website\",\"url\":\"https:\/\/strandhotellet-blokhus.dk\/de\/\",\"name\":\"Strandhotel Tysk\",\"description\":\"\",\"publisher\":{\"@id\":\"https:\/\/strandhotellet-blokhus.dk\/de\/#organization\"},\"potentialAction\":[{\"@type\":\"SearchAction\",\"target\":{\"@type\":\"EntryPoint\",\"urlTemplate\":\"https:\/\/strandhotellet-blokhus.dk\/de\/?s={search_term_string}\"},\"query-input\":\"required name=search_term_string\"}],\"inLanguage\":\"de-DE\"},{\"@type\":\"Organization\",\"@id\":\"https:\/\/strandhotellet-blokhus.dk\/de\/#organization\",\"name\":\"Strandhotel Tysk\",\"url\":\"https:\/\/strandhotellet-blokhus.dk\/de\/\",\"logo\":{\"@type\":\"ImageObject\",\"inLanguage\":\"de-DE\",\"@id\":\"https:\/\/strandhotellet-blokhus.dk\/de\/#\/schema\/logo\/image\/\",\"url\":\"https:\/\/strandhotellet-blokhus.dk\/de\/wp-content\/uploads\/sites\/3\/2019\/05\/Strandhotellet-Blokhus-logo.png\",\"contentUrl\":\"https:\/\/strandhotellet-blokhus.dk\/de\/wp-content\/uploads\/sites\/3\/2019\/05\/Strandhotellet-Blokhus-logo.png\",\"width\":280,\"height\":119,\"caption\":\"Strandhotel Tysk\"},\"image\":{\"@id\":\"https:\/\/strandhotellet-blokhus.dk\/de\/#\/schema\/logo\/image\/\"}}]}<\/script>\n<!-- \/ Yoast SEO plugin. -->","yoast_head_json":{"title":"Parken - Strandhotel Tysk","robots":{"index":"index","follow":"follow","max-snippet":"max-snippet:-1","max-image-preview":"max-image-preview:large","max-video-preview":"max-video-preview:-1"},"canonical":"https:\/\/strandhotellet-blokhus.dk\/de\/parken\/","og_locale":"de_DE","og_type":"article","og_title":"Parken - Strandhotel Tysk","og_url":"https:\/\/strandhotellet-blokhus.dk\/de\/parken\/","og_site_name":"Strandhotel Tysk","article_modified_time":"2021-04-30T16:12:23+00:00","twitter_card":"summary_large_image","schema":{"@context":"https:\/\/schema.org","@graph":[{"@type":"WebPage","@id":"https:\/\/strandhotellet-blokhus.dk\/de\/parken\/","url":"https:\/\/strandhotellet-blokhus.dk\/de\/parken\/","name":"Parken - Strandhotel Tysk","isPartOf":{"@id":"https:\/\/strandhotellet-blokhus.dk\/de\/#website"},"datePublished":"2021-03-23T10:41:23+00:00","dateModified":"2021-04-30T16:12:23+00:00","breadcrumb":{"@id":"https:\/\/strandhotellet-blokhus.dk\/de\/parken\/#breadcrumb"},"inLanguage":"de-DE","potentialAction":[{"@type":"ReadAction","target":["https:\/\/strandhotellet-blokhus.dk\/de\/parken\/"]}]},{"@type":"BreadcrumbList","@id":"https:\/\/strandhotellet-blokhus.dk\/de\/parken\/#breadcrumb","itemListElement":[{"@type":"ListItem","position":1,"name":"Hjem","item":"https:\/\/strandhotellet-blokhus.dk\/de\/"},{"@type":"ListItem","position":2,"name":"Parken"}]},{"@type":"WebSite","@id":"https:\/\/strandhotellet-blokhus.dk\/de\/#website","url":"https:\/\/strandhotellet-blokhus.dk\/de\/","name":"Strandhotel Tysk","description":"","publisher":{"@id":"https:\/\/strandhotellet-blokhus.dk\/de\/#organization"},"potentialAction":[{"@type":"SearchAction","target":{"@type":"EntryPoint","urlTemplate":"https:\/\/strandhotellet-blokhus.dk\/de\/?s={search_term_string}"},"query-input":"required name=search_term_string"}],"inLanguage":"de-DE"},{"@type":"Organization","@id":"https:\/\/strandhotellet-blokhus.dk\/de\/#organization","name":"Strandhotel Tysk","url":"https:\/\/strandhotellet-blokhus.dk\/de\/","logo":{"@type":"ImageObject","inLanguage":"de-DE","@id":"https:\/\/strandhotellet-blokhus.dk\/de\/#\/schema\/logo\/image\/","url":"https:\/\/strandhotellet-blokhus.dk\/de\/wp-content\/uploads\/sites\/3\/2019\/05\/Strandhotellet-Blokhus-logo.png","contentUrl":"https:\/\/strandhotellet-blokhus.dk\/de\/wp-content\/uploads\/sites\/3\/2019\/05\/Strandhotellet-Blokhus-logo.png","width":280,"height":119,"caption":"Strandhotel Tysk"},"image":{"@id":"https:\/\/strandhotellet-blokhus.dk\/de\/#\/schema\/logo\/image\/"}}]}},"_links":{"self":[{"href":"https:\/\/strandhotellet-blokhus.dk\/de\/wp-json\/wp\/v2\/pages\/1296"}],"collection":[{"href":"https:\/\/strandhotellet-blokhus.dk\/de\/wp-json\/wp\/v2\/pages"}],"about":[{"href":"https:\/\/strandhotellet-blokhus.dk\/de\/wp-json\/wp\/v2\/types\/page"}],"author":[{"embeddable":true,"href":"https:\/\/strandhotellet-blokhus.dk\/de\/wp-json\/wp\/v2\/users\/1"}],"replies":[{"embeddable":true,"href":"https:\/\/strandhotellet-blokhus.dk\/de\/wp-json\/wp\/v2\/comments?post=1296"}],"version-history":[{"count":6,"href":"https:\/\/strandhotellet-blokhus.dk\/de\/wp-json\/wp\/v2\/pages\/1296\/revisions"}],"predecessor-version":[{"id":1316,"href":"https:\/\/strandhotellet-blokhus.dk\/de\/wp-json\/wp\/v2\/pages\/1296\/revisions\/1316"}],"wp:attachment":[{"href":"https:\/\/strandhotellet-blokhus.dk\/de\/wp-json\/wp\/v2\/media?parent=1296"}],"curies":[{"name":"wp","href":"https:\/\/api.w.org\/{rel}","templated":true}]}}