{"id":1341,"date":"2024-12-03T18:29:14","date_gmt":"2024-12-03T17:29:14","guid":{"rendered":"https:\/\/strandhotellet-blokhus.dk\/de\/?page_id=1341"},"modified":"2025-10-21T15:08:44","modified_gmt":"2025-10-21T13:08:44","slug":"mittag","status":"publish","type":"page","link":"https:\/\/strandhotellet-blokhus.dk\/de\/das-restaurant-im-strandhotellet\/mittag\/","title":{"rendered":"Mittag"},"content":{"rendered":"","protected":false},"excerpt":{"rendered":"","protected":false},"author":2,"featured_media":0,"parent":463,"menu_order":0,"comment_status":"closed","ping_status":"closed","template":"","meta":[],"acf":{"flex_content":[{"acf_fc_layout":"col1_text","col12":null,"text":"<h1 style=\"text-align: center\">Mittagskarte<\/h1>\n<p style=\"text-align: center\">Wir servieren Mittagessen von 12 bis 16 Uhr.<\/p>\n<p style=\"text-align: center\">Das Mittagsmen\u00fc des Restaurants Bl\u00e5 besteht aus mehreren Zutaten, die auf sorgf\u00e4ltig ausgew\u00e4hlten Produkten von lokalen Lieferanten aus der Region basieren. Wir lassen uns von unserer Lage in der N\u00e4he der Nordsee inspirieren und stehen daher selbstverst\u00e4ndlich auch mit Fisch und Meeresfr\u00fcchten auf unserer Speisekarte. Wir bieten eine gro\u00dfe Auswahl an verschiedenen Schn\u00e4psen, die von der Natur in und um Blokhus kreiert wurden.<\/p>\n<p style=\"text-align: center\"><em>Wir servieren Mittagessen von 12 bis 16 Uhr <\/em><\/p>\n<p style=\"text-align: center\"><strong><br \/>\n<\/strong><strong>Strandhotellet&#8217;s belegtes Sandwich-Buffet 245,-<\/strong><\/p>\n<p style=\"text-align: center\"><em>Jeden Sonntag von 12.00 \u2013 15.00 Uhr<\/em><\/p>\n<p style=\"text-align: center\"><em>Auf unserem Buffet mit offenen belegten Br\u00f6tchen finden Sie eine abwechslungsreiche Auswahl an delikaten St\u00fccken von belegten Br\u00f6tchen,<\/em><\/p>\n<p style=\"text-align: center\"><em>\u00a0wo die Qualit\u00e4t in jedem einzelnen Bissen durchscheint. Unsere Mittagskarte kann ebenfalls bestellt werden.<\/em><\/p>\n<p style=\"text-align: center\"><em>\u00a0<\/em><\/p>\n<p style=\"text-align: center\"><strong>Belegte Br\u00f6tchen mit offenem Gesicht<\/strong><\/p>\n<p style=\"text-align: center\">Gebratene Scholle-Garnelen-Hummer, Mayo-Limette, Forellenrogen und Kr\u00e4uter.<br \/>\nDKK. 145,-<\/p>\n<p style=\"text-align: center\">Gebratener Hering auf Toast mit Curry-Spuma und eingelegter Birne, Fenchel-Rohkost, pochiertem Ei, Salat.<br \/>\nDKK. 145,-<\/p>\n<p style=\"text-align: center\">Marinierte Entenbrust auf Sauerteigbrot, gebackene Rote Bete und in feine Scheiben geschnitten\u00a0Schnittlauchmayo, salat.<br \/>\nDKK. 140,-<\/p>\n<p style=\"text-align: center\">Kartoffel mit Kr\u00e4utermayo &#8211; knusprige Zwiebeln und frische Schalottenkresse.<\/p>\n<p style=\"text-align: center\">\u00a0DKK. 130,-<\/p>\n<p style=\"text-align: center\">Ger\u00f6stetes Sandwich, Brot-H\u00fchnchensalat, Champignons, Speck und eingelegte rote Zwiebeln.<\/p>\n<p style=\"text-align: center\">DKK. 145,-<\/p>\n<p style=\"text-align: center\">Kaltger\u00e4ucherter Lachs mit Meerrettichcreme, Kartoffelchips und Gurke.<br \/>\nDKK. 145,-<\/p>\n<p style=\"text-align: center\"><strong><br \/>\nSternschnuppe<\/strong><\/p>\n<p style=\"text-align: center\">Gebratenes Schollenfilet, Seelachsfilet, Hummer-Mayo, handgesch\u00e4lte Garnelen, kaltger\u00e4ucherter Lachs,\u00a0Fischmousse, Forellenrogen werden auf Toast serviert.<br \/>\nDKK. 245,-<\/p>\n<p style=\"text-align: center\"><strong>\u00a0<\/strong><\/p>\n<p style=\"text-align: center\"><strong>Warme Gerichte<\/strong><\/p>\n<p style=\"text-align: center\">Fisch des Tages mit Kartoffeln und So\u00dfe.<\/p>\n<p style=\"text-align: center\">DKK. 255,-<\/p>\n<p style=\"text-align: center\">Pariser Steak auf Toast mit eingelegten R\u00fcben, karamellisierten Zwiebeln,<\/p>\n<p style=\"text-align: center\">\u00a0Meerrettich, Kapern.<br \/>\nDKK. 185,-<\/p>\n<p style=\"text-align: center\"><strong>\u00a0<\/strong><\/p>\n<p style=\"text-align: center\"><strong>Der s\u00fc\u00dfe <\/strong><strong><br \/>\n<\/strong>Kaffee\/Tee, hei\u00dfer Kakao mit<\/p>\n<p style=\"text-align: center\">warme Brezel mit Vanillesauce und Rum-Rosinen.<\/p>\n<p style=\"text-align: center\">DKK. 99,-<\/p>\n<p style=\"text-align: center\">Hausgemachter Brownie.<br \/>\nDKK. 99,-<\/p>\n<p style=\"text-align: center\">Die K\u00e4seplatte.<br \/>\nDKK. 155,-<\/p>\n<p style=\"text-align: center\"><strong>\u00a0<\/strong><\/p>\n<p style=\"text-align: center\"><strong>Restaurant Blaue Meeresfr\u00fcchte-Platte<\/strong><\/p>\n<p style=\"text-align: center\">Garnelen, Jakobsmuscheln, Austern der Saison, Krabbenscheren und Langusten Zus\u00e4tzlicher Kauf: 30 g. Kaviar 399 DKK. 50 gr. Kaviar 595 oder gegrillter Hummer 349 DKK. Zus\u00e4tzliche Austern DKK. 45 pro St\u00fcck<\/p>\n<p style=\"text-align: center\"><strong>Serviert nur f\u00fcr mindestens 2 Personen. F\u00fcr 775,- DKK. preis. Pr. Person<\/strong><\/p>\n<p style=\"text-align: center\"><em>HINWEIS: Muss am Tag im Voraus gebucht werden, um zum Mittagessen genossen zu werden.<\/em><\/p>\n<p style=\"text-align: center\"><strong>\u00a0<\/strong><\/p>\n"},{"acf_fc_layout":"col_1_horizontal_viewing_of_images","col12":null,"images":[{"image":{"ID":132,"id":132,"title":"Strandhotellet-Blokhus_RAISFOTO_9371","filename":"Strandhotellet-Blokhus_RAISFOTO_9371.jpg","filesize":110927,"url":"https:\/\/strandhotellet-blokhus.dk\/de\/wp-content\/uploads\/sites\/3\/2019\/05\/Strandhotellet-Blokhus_RAISFOTO_9371.jpg","link":"https:\/\/strandhotellet-blokhus.dk\/de\/galerie\/strandhotellet-blokhus_raisfoto_9371\/#main","alt":"","author":"1","description":"","caption":"","name":"strandhotellet-blokhus_raisfoto_9371","status":"inherit","uploaded_to":937,"date":"2019-05-24 12:10:52","modified":"2019-07-01 13:41:07","menu_order":0,"mime_type":"image\/jpeg","type":"image","subtype":"jpeg","icon":"https:\/\/strandhotellet-blokhus.dk\/de\/wp-includes\/images\/media\/default.png","width":1200,"height":800,"sizes":{"thumbnail":"https:\/\/strandhotellet-blokhus.dk\/de\/wp-content\/uploads\/sites\/3\/2019\/05\/Strandhotellet-Blokhus_RAISFOTO_9371-150x150.jpg","thumbnail-width":150,"thumbnail-height":150,"medium":"https:\/\/strandhotellet-blokhus.dk\/de\/wp-content\/uploads\/sites\/3\/2019\/05\/Strandhotellet-Blokhus_RAISFOTO_9371-300x200.jpg","medium-width":300,"medium-height":200,"medium_large":"https:\/\/strandhotellet-blokhus.dk\/de\/wp-content\/uploads\/sites\/3\/2019\/05\/Strandhotellet-Blokhus_RAISFOTO_9371-768x512.jpg","medium_large-width":768,"medium_large-height":512,"large":"https:\/\/strandhotellet-blokhus.dk\/de\/wp-content\/uploads\/sites\/3\/2019\/05\/Strandhotellet-Blokhus_RAISFOTO_9371-1024x683.jpg","large-width":1024,"large-height":683,"1536x1536":"https:\/\/strandhotellet-blokhus.dk\/de\/wp-content\/uploads\/sites\/3\/2019\/05\/Strandhotellet-Blokhus_RAISFOTO_9371.jpg","1536x1536-width":1200,"1536x1536-height":800,"2048x2048":"https:\/\/strandhotellet-blokhus.dk\/de\/wp-content\/uploads\/sites\/3\/2019\/05\/Strandhotellet-Blokhus_RAISFOTO_9371.jpg","2048x2048-width":1200,"2048x2048-height":800}}},{"image":{"ID":913,"id":913,"title":"Laekker-frokost-med-inspiration-fra-Nordjysk-natur_strandhotellet-blokhus","filename":"Laekker-frokost-med-inspiration-fra-Nordjysk-natur_strandhotellet-blokhus.jpg","filesize":102210,"url":"https:\/\/strandhotellet-blokhus.dk\/de\/wp-content\/uploads\/sites\/3\/2019\/06\/Laekker-frokost-med-inspiration-fra-Nordjysk-natur_strandhotellet-blokhus.jpg","link":"https:\/\/strandhotellet-blokhus.dk\/de\/?attachment_id=913#main","alt":"","author":"1","description":"","caption":"","name":"laekker-frokost-med-inspiration-fra-nordjysk-natur_strandhotellet-blokhus","status":"inherit","uploaded_to":1343,"date":"2019-06-20 12:41:35","modified":"2024-12-03 17:18:42","menu_order":0,"mime_type":"image\/jpeg","type":"image","subtype":"jpeg","icon":"https:\/\/strandhotellet-blokhus.dk\/de\/wp-includes\/images\/media\/default.png","width":2000,"height":500,"sizes":{"thumbnail":"https:\/\/strandhotellet-blokhus.dk\/de\/wp-content\/uploads\/sites\/3\/2019\/06\/Laekker-frokost-med-inspiration-fra-Nordjysk-natur_strandhotellet-blokhus-150x150.jpg","thumbnail-width":150,"thumbnail-height":150,"medium":"https:\/\/strandhotellet-blokhus.dk\/de\/wp-content\/uploads\/sites\/3\/2019\/06\/Laekker-frokost-med-inspiration-fra-Nordjysk-natur_strandhotellet-blokhus-300x75.jpg","medium-width":300,"medium-height":75,"medium_large":"https:\/\/strandhotellet-blokhus.dk\/de\/wp-content\/uploads\/sites\/3\/2019\/06\/Laekker-frokost-med-inspiration-fra-Nordjysk-natur_strandhotellet-blokhus-768x192.jpg","medium_large-width":768,"medium_large-height":192,"large":"https:\/\/strandhotellet-blokhus.dk\/de\/wp-content\/uploads\/sites\/3\/2019\/06\/Laekker-frokost-med-inspiration-fra-Nordjysk-natur_strandhotellet-blokhus-1024x256.jpg","large-width":1024,"large-height":256,"1536x1536":"https:\/\/strandhotellet-blokhus.dk\/de\/wp-content\/uploads\/sites\/3\/2019\/06\/Laekker-frokost-med-inspiration-fra-Nordjysk-natur_strandhotellet-blokhus.jpg","1536x1536-width":1536,"1536x1536-height":384,"2048x2048":"https:\/\/strandhotellet-blokhus.dk\/de\/wp-content\/uploads\/sites\/3\/2019\/06\/Laekker-frokost-med-inspiration-fra-Nordjysk-natur_strandhotellet-blokhus.jpg","2048x2048-width":2000,"2048x2048-height":500}}},{"image":{"ID":918,"id":918,"title":"Restaurant_mad_strandhotellet_blokhus","filename":"Restaurant_mad_strandhotellet_blokhus.jpg","filesize":123759,"url":"https:\/\/strandhotellet-blokhus.dk\/de\/wp-content\/uploads\/sites\/3\/2019\/06\/Restaurant_mad_strandhotellet_blokhus.jpg","link":"https:\/\/strandhotellet-blokhus.dk\/de\/luxus-aufenthalt\/restaurant_mad_strandhotellet_blokhus\/#main","alt":"","author":"1","description":"","caption":"","name":"restaurant_mad_strandhotellet_blokhus","status":"inherit","uploaded_to":948,"date":"2019-06-21 06:47:12","modified":"2020-10-30 11:05:25","menu_order":0,"mime_type":"image\/jpeg","type":"image","subtype":"jpeg","icon":"https:\/\/strandhotellet-blokhus.dk\/de\/wp-includes\/images\/media\/default.png","width":600,"height":600,"sizes":{"thumbnail":"https:\/\/strandhotellet-blokhus.dk\/de\/wp-content\/uploads\/sites\/3\/2019\/06\/Restaurant_mad_strandhotellet_blokhus-150x150.jpg","thumbnail-width":150,"thumbnail-height":150,"medium":"https:\/\/strandhotellet-blokhus.dk\/de\/wp-content\/uploads\/sites\/3\/2019\/06\/Restaurant_mad_strandhotellet_blokhus-300x300.jpg","medium-width":300,"medium-height":300,"medium_large":"https:\/\/strandhotellet-blokhus.dk\/de\/wp-content\/uploads\/sites\/3\/2019\/06\/Restaurant_mad_strandhotellet_blokhus.jpg","medium_large-width":600,"medium_large-height":600,"large":"https:\/\/strandhotellet-blokhus.dk\/de\/wp-content\/uploads\/sites\/3\/2019\/06\/Restaurant_mad_strandhotellet_blokhus.jpg","large-width":600,"large-height":600,"1536x1536":"https:\/\/strandhotellet-blokhus.dk\/de\/wp-content\/uploads\/sites\/3\/2019\/06\/Restaurant_mad_strandhotellet_blokhus.jpg","1536x1536-width":600,"1536x1536-height":600,"2048x2048":"https:\/\/strandhotellet-blokhus.dk\/de\/wp-content\/uploads\/sites\/3\/2019\/06\/Restaurant_mad_strandhotellet_blokhus.jpg","2048x2048-width":600,"2048x2048-height":600}}},{"image":{"ID":486,"id":486,"title":"raastegt-hummer-kirsebaer-fennikel-estragon","filename":"raastegt-hummer-kirsebaer-fennikel-estragon.jpg","filesize":120617,"url":"https:\/\/strandhotellet-blokhus.dk\/de\/wp-content\/uploads\/sites\/3\/2019\/05\/raastegt-hummer-kirsebaer-fennikel-estragon.jpg","link":"https:\/\/strandhotellet-blokhus.dk\/de\/?attachment_id=486#main","alt":"","author":"1","description":"","caption":"","name":"raastegt-hummer-kirsebaer-fennikel-estragon","status":"inherit","uploaded_to":1344,"date":"2019-05-29 08:28:56","modified":"2024-12-03 17:20:50","menu_order":0,"mime_type":"image\/jpeg","type":"image","subtype":"jpeg","icon":"https:\/\/strandhotellet-blokhus.dk\/de\/wp-includes\/images\/media\/default.png","width":600,"height":600,"sizes":{"thumbnail":"https:\/\/strandhotellet-blokhus.dk\/de\/wp-content\/uploads\/sites\/3\/2019\/05\/raastegt-hummer-kirsebaer-fennikel-estragon-150x150.jpg","thumbnail-width":150,"thumbnail-height":150,"medium":"https:\/\/strandhotellet-blokhus.dk\/de\/wp-content\/uploads\/sites\/3\/2019\/05\/raastegt-hummer-kirsebaer-fennikel-estragon-300x300.jpg","medium-width":300,"medium-height":300,"medium_large":"https:\/\/strandhotellet-blokhus.dk\/de\/wp-content\/uploads\/sites\/3\/2019\/05\/raastegt-hummer-kirsebaer-fennikel-estragon.jpg","medium_large-width":600,"medium_large-height":600,"large":"https:\/\/strandhotellet-blokhus.dk\/de\/wp-content\/uploads\/sites\/3\/2019\/05\/raastegt-hummer-kirsebaer-fennikel-estragon.jpg","large-width":600,"large-height":600,"1536x1536":"https:\/\/strandhotellet-blokhus.dk\/de\/wp-content\/uploads\/sites\/3\/2019\/05\/raastegt-hummer-kirsebaer-fennikel-estragon.jpg","1536x1536-width":600,"1536x1536-height":600,"2048x2048":"https:\/\/strandhotellet-blokhus.dk\/de\/wp-content\/uploads\/sites\/3\/2019\/05\/raastegt-hummer-kirsebaer-fennikel-estragon.jpg","2048x2048-width":600,"2048x2048-height":600}}},{"image":{"ID":484,"id":484,"title":"Strandhotellet_blokhus_restaurant_dessert","filename":"Strandhotellet_blokhus_restaurant_dessert.jpg","filesize":93841,"url":"https:\/\/strandhotellet-blokhus.dk\/de\/wp-content\/uploads\/sites\/3\/2019\/05\/Strandhotellet_blokhus_restaurant_dessert.jpg","link":"https:\/\/strandhotellet-blokhus.dk\/de\/?attachment_id=484#main","alt":"","author":"1","description":"","caption":"","name":"strandhotellet_blokhus_restaurant_dessert","status":"inherit","uploaded_to":1344,"date":"2019-05-29 08:28:10","modified":"2024-12-03 17:20:50","menu_order":0,"mime_type":"image\/jpeg","type":"image","subtype":"jpeg","icon":"https:\/\/strandhotellet-blokhus.dk\/de\/wp-includes\/images\/media\/default.png","width":600,"height":600,"sizes":{"thumbnail":"https:\/\/strandhotellet-blokhus.dk\/de\/wp-content\/uploads\/sites\/3\/2019\/05\/Strandhotellet_blokhus_restaurant_dessert-150x150.jpg","thumbnail-width":150,"thumbnail-height":150,"medium":"https:\/\/strandhotellet-blokhus.dk\/de\/wp-content\/uploads\/sites\/3\/2019\/05\/Strandhotellet_blokhus_restaurant_dessert-300x300.jpg","medium-width":300,"medium-height":300,"medium_large":"https:\/\/strandhotellet-blokhus.dk\/de\/wp-content\/uploads\/sites\/3\/2019\/05\/Strandhotellet_blokhus_restaurant_dessert.jpg","medium_large-width":600,"medium_large-height":600,"large":"https:\/\/strandhotellet-blokhus.dk\/de\/wp-content\/uploads\/sites\/3\/2019\/05\/Strandhotellet_blokhus_restaurant_dessert.jpg","large-width":600,"large-height":600,"1536x1536":"https:\/\/strandhotellet-blokhus.dk\/de\/wp-content\/uploads\/sites\/3\/2019\/05\/Strandhotellet_blokhus_restaurant_dessert.jpg","1536x1536-width":600,"1536x1536-height":600,"2048x2048":"https:\/\/strandhotellet-blokhus.dk\/de\/wp-content\/uploads\/sites\/3\/2019\/05\/Strandhotellet_blokhus_restaurant_dessert.jpg","2048x2048-width":600,"2048x2048-height":600}}}]}],"show_banner":"yes","banner_image":{"ID":497,"id":497,"title":"Strandhotellet_restaurant_blokhus_vegetar","filename":"Strandhotellet_restaurant_blokhus_vegetar.jpg","filesize":100437,"url":"https:\/\/strandhotellet-blokhus.dk\/de\/wp-content\/uploads\/sites\/3\/2019\/05\/Strandhotellet_restaurant_blokhus_vegetar.jpg","link":"https:\/\/strandhotellet-blokhus.dk\/de\/?attachment_id=497#main","alt":"","author":"1","description":"","caption":"","name":"strandhotellet_restaurant_blokhus_vegetar","status":"inherit","uploaded_to":1345,"date":"2019-05-29 08:37:40","modified":"2024-12-03 17:22:16","menu_order":0,"mime_type":"image\/jpeg","type":"image","subtype":"jpeg","icon":"https:\/\/strandhotellet-blokhus.dk\/de\/wp-includes\/images\/media\/default.png","width":600,"height":600,"sizes":{"thumbnail":"https:\/\/strandhotellet-blokhus.dk\/de\/wp-content\/uploads\/sites\/3\/2019\/05\/Strandhotellet_restaurant_blokhus_vegetar-150x150.jpg","thumbnail-width":150,"thumbnail-height":150,"medium":"https:\/\/strandhotellet-blokhus.dk\/de\/wp-content\/uploads\/sites\/3\/2019\/05\/Strandhotellet_restaurant_blokhus_vegetar-300x300.jpg","medium-width":300,"medium-height":300,"medium_large":"https:\/\/strandhotellet-blokhus.dk\/de\/wp-content\/uploads\/sites\/3\/2019\/05\/Strandhotellet_restaurant_blokhus_vegetar.jpg","medium_large-width":600,"medium_large-height":600,"large":"https:\/\/strandhotellet-blokhus.dk\/de\/wp-content\/uploads\/sites\/3\/2019\/05\/Strandhotellet_restaurant_blokhus_vegetar.jpg","large-width":600,"large-height":600,"1536x1536":"https:\/\/strandhotellet-blokhus.dk\/de\/wp-content\/uploads\/sites\/3\/2019\/05\/Strandhotellet_restaurant_blokhus_vegetar.jpg","1536x1536-width":600,"1536x1536-height":600,"2048x2048":"https:\/\/strandhotellet-blokhus.dk\/de\/wp-content\/uploads\/sites\/3\/2019\/05\/Strandhotellet_restaurant_blokhus_vegetar.jpg","2048x2048-width":600,"2048x2048-height":600}},"show_formular":true,"text_over_form":"","video_img_banner":"video","banner_video":false},"yoast_head":"<!-- This site is optimized with the Yoast SEO plugin v19.13 - https:\/\/yoast.com\/wordpress\/plugins\/seo\/ -->\n<title>Mittag - Strandhotel Tysk<\/title>\n<meta name=\"robots\" content=\"index, follow, max-snippet:-1, max-image-preview:large, max-video-preview:-1\" \/>\n<link rel=\"canonical\" href=\"https:\/\/strandhotellet-blokhus.dk\/de\/das-restaurant-im-strandhotellet\/mittag\/\" \/>\n<meta property=\"og:locale\" content=\"de_DE\" \/>\n<meta property=\"og:type\" content=\"article\" \/>\n<meta property=\"og:title\" content=\"Mittag - Strandhotel Tysk\" \/>\n<meta property=\"og:url\" content=\"https:\/\/strandhotellet-blokhus.dk\/de\/das-restaurant-im-strandhotellet\/mittag\/\" \/>\n<meta property=\"og:site_name\" content=\"Strandhotel Tysk\" \/>\n<meta property=\"article:modified_time\" content=\"2025-10-21T13:08:44+00:00\" \/>\n<meta name=\"twitter:card\" content=\"summary_large_image\" \/>\n<script type=\"application\/ld+json\" class=\"yoast-schema-graph\">{\"@context\":\"https:\/\/schema.org\",\"@graph\":[{\"@type\":\"WebPage\",\"@id\":\"https:\/\/strandhotellet-blokhus.dk\/de\/das-restaurant-im-strandhotellet\/mittag\/\",\"url\":\"https:\/\/strandhotellet-blokhus.dk\/de\/das-restaurant-im-strandhotellet\/mittag\/\",\"name\":\"Mittag - Strandhotel Tysk\",\"isPartOf\":{\"@id\":\"https:\/\/strandhotellet-blokhus.dk\/de\/#website\"},\"datePublished\":\"2024-12-03T17:29:14+00:00\",\"dateModified\":\"2025-10-21T13:08:44+00:00\",\"breadcrumb\":{\"@id\":\"https:\/\/strandhotellet-blokhus.dk\/de\/das-restaurant-im-strandhotellet\/mittag\/#breadcrumb\"},\"inLanguage\":\"de-DE\",\"potentialAction\":[{\"@type\":\"ReadAction\",\"target\":[\"https:\/\/strandhotellet-blokhus.dk\/de\/das-restaurant-im-strandhotellet\/mittag\/\"]}]},{\"@type\":\"BreadcrumbList\",\"@id\":\"https:\/\/strandhotellet-blokhus.dk\/de\/das-restaurant-im-strandhotellet\/mittag\/#breadcrumb\",\"itemListElement\":[{\"@type\":\"ListItem\",\"position\":1,\"name\":\"Hjem\",\"item\":\"https:\/\/strandhotellet-blokhus.dk\/de\/\"},{\"@type\":\"ListItem\",\"position\":2,\"name\":\"Das Restaurant im Strandhotellet\",\"item\":\"https:\/\/strandhotellet-blokhus.dk\/de\/das-restaurant-im-strandhotellet\/\"},{\"@type\":\"ListItem\",\"position\":3,\"name\":\"Mittag\"}]},{\"@type\":\"WebSite\",\"@id\":\"https:\/\/strandhotellet-blokhus.dk\/de\/#website\",\"url\":\"https:\/\/strandhotellet-blokhus.dk\/de\/\",\"name\":\"Strandhotel Tysk\",\"description\":\"\",\"publisher\":{\"@id\":\"https:\/\/strandhotellet-blokhus.dk\/de\/#organization\"},\"potentialAction\":[{\"@type\":\"SearchAction\",\"target\":{\"@type\":\"EntryPoint\",\"urlTemplate\":\"https:\/\/strandhotellet-blokhus.dk\/de\/?s={search_term_string}\"},\"query-input\":\"required name=search_term_string\"}],\"inLanguage\":\"de-DE\"},{\"@type\":\"Organization\",\"@id\":\"https:\/\/strandhotellet-blokhus.dk\/de\/#organization\",\"name\":\"Strandhotel Tysk\",\"url\":\"https:\/\/strandhotellet-blokhus.dk\/de\/\",\"logo\":{\"@type\":\"ImageObject\",\"inLanguage\":\"de-DE\",\"@id\":\"https:\/\/strandhotellet-blokhus.dk\/de\/#\/schema\/logo\/image\/\",\"url\":\"https:\/\/strandhotellet-blokhus.dk\/de\/wp-content\/uploads\/sites\/3\/2019\/05\/Strandhotellet-Blokhus-logo.png\",\"contentUrl\":\"https:\/\/strandhotellet-blokhus.dk\/de\/wp-content\/uploads\/sites\/3\/2019\/05\/Strandhotellet-Blokhus-logo.png\",\"width\":280,\"height\":119,\"caption\":\"Strandhotel Tysk\"},\"image\":{\"@id\":\"https:\/\/strandhotellet-blokhus.dk\/de\/#\/schema\/logo\/image\/\"}}]}<\/script>\n<!-- \/ Yoast SEO plugin. -->","yoast_head_json":{"title":"Mittag - Strandhotel Tysk","robots":{"index":"index","follow":"follow","max-snippet":"max-snippet:-1","max-image-preview":"max-image-preview:large","max-video-preview":"max-video-preview:-1"},"canonical":"https:\/\/strandhotellet-blokhus.dk\/de\/das-restaurant-im-strandhotellet\/mittag\/","og_locale":"de_DE","og_type":"article","og_title":"Mittag - Strandhotel Tysk","og_url":"https:\/\/strandhotellet-blokhus.dk\/de\/das-restaurant-im-strandhotellet\/mittag\/","og_site_name":"Strandhotel Tysk","article_modified_time":"2025-10-21T13:08:44+00:00","twitter_card":"summary_large_image","schema":{"@context":"https:\/\/schema.org","@graph":[{"@type":"WebPage","@id":"https:\/\/strandhotellet-blokhus.dk\/de\/das-restaurant-im-strandhotellet\/mittag\/","url":"https:\/\/strandhotellet-blokhus.dk\/de\/das-restaurant-im-strandhotellet\/mittag\/","name":"Mittag - Strandhotel Tysk","isPartOf":{"@id":"https:\/\/strandhotellet-blokhus.dk\/de\/#website"},"datePublished":"2024-12-03T17:29:14+00:00","dateModified":"2025-10-21T13:08:44+00:00","breadcrumb":{"@id":"https:\/\/strandhotellet-blokhus.dk\/de\/das-restaurant-im-strandhotellet\/mittag\/#breadcrumb"},"inLanguage":"de-DE","potentialAction":[{"@type":"ReadAction","target":["https:\/\/strandhotellet-blokhus.dk\/de\/das-restaurant-im-strandhotellet\/mittag\/"]}]},{"@type":"BreadcrumbList","@id":"https:\/\/strandhotellet-blokhus.dk\/de\/das-restaurant-im-strandhotellet\/mittag\/#breadcrumb","itemListElement":[{"@type":"ListItem","position":1,"name":"Hjem","item":"https:\/\/strandhotellet-blokhus.dk\/de\/"},{"@type":"ListItem","position":2,"name":"Das Restaurant im Strandhotellet","item":"https:\/\/strandhotellet-blokhus.dk\/de\/das-restaurant-im-strandhotellet\/"},{"@type":"ListItem","position":3,"name":"Mittag"}]},{"@type":"WebSite","@id":"https:\/\/strandhotellet-blokhus.dk\/de\/#website","url":"https:\/\/strandhotellet-blokhus.dk\/de\/","name":"Strandhotel Tysk","description":"","publisher":{"@id":"https:\/\/strandhotellet-blokhus.dk\/de\/#organization"},"potentialAction":[{"@type":"SearchAction","target":{"@type":"EntryPoint","urlTemplate":"https:\/\/strandhotellet-blokhus.dk\/de\/?s={search_term_string}"},"query-input":"required name=search_term_string"}],"inLanguage":"de-DE"},{"@type":"Organization","@id":"https:\/\/strandhotellet-blokhus.dk\/de\/#organization","name":"Strandhotel Tysk","url":"https:\/\/strandhotellet-blokhus.dk\/de\/","logo":{"@type":"ImageObject","inLanguage":"de-DE","@id":"https:\/\/strandhotellet-blokhus.dk\/de\/#\/schema\/logo\/image\/","url":"https:\/\/strandhotellet-blokhus.dk\/de\/wp-content\/uploads\/sites\/3\/2019\/05\/Strandhotellet-Blokhus-logo.png","contentUrl":"https:\/\/strandhotellet-blokhus.dk\/de\/wp-content\/uploads\/sites\/3\/2019\/05\/Strandhotellet-Blokhus-logo.png","width":280,"height":119,"caption":"Strandhotel Tysk"},"image":{"@id":"https:\/\/strandhotellet-blokhus.dk\/de\/#\/schema\/logo\/image\/"}}]}},"_links":{"self":[{"href":"https:\/\/strandhotellet-blokhus.dk\/de\/wp-json\/wp\/v2\/pages\/1341"}],"collection":[{"href":"https:\/\/strandhotellet-blokhus.dk\/de\/wp-json\/wp\/v2\/pages"}],"about":[{"href":"https:\/\/strandhotellet-blokhus.dk\/de\/wp-json\/wp\/v2\/types\/page"}],"author":[{"embeddable":true,"href":"https:\/\/strandhotellet-blokhus.dk\/de\/wp-json\/wp\/v2\/users\/2"}],"replies":[{"embeddable":true,"href":"https:\/\/strandhotellet-blokhus.dk\/de\/wp-json\/wp\/v2\/comments?post=1341"}],"version-history":[{"count":14,"href":"https:\/\/strandhotellet-blokhus.dk\/de\/wp-json\/wp\/v2\/pages\/1341\/revisions"}],"predecessor-version":[{"id":1371,"href":"https:\/\/strandhotellet-blokhus.dk\/de\/wp-json\/wp\/v2\/pages\/1341\/revisions\/1371"}],"up":[{"embeddable":true,"href":"https:\/\/strandhotellet-blokhus.dk\/de\/wp-json\/wp\/v2\/pages\/463"}],"wp:attachment":[{"href":"https:\/\/strandhotellet-blokhus.dk\/de\/wp-json\/wp\/v2\/media?parent=1341"}],"curies":[{"name":"wp","href":"https:\/\/api.w.org\/{rel}","templated":true}]}}