{"id":1377,"date":"2025-11-02T14:27:02","date_gmt":"2025-11-02T13:27:02","guid":{"rendered":"https:\/\/strandhotellet-blokhus.dk\/de\/?page_id=1377"},"modified":"2025-11-04T13:55:18","modified_gmt":"2025-11-04T12:55:18","slug":"fruhstuck","status":"publish","type":"page","link":"https:\/\/strandhotellet-blokhus.dk\/de\/fruhstuck\/","title":{"rendered":"Fr\u00fcst\u00fcck"},"content":{"rendered":"","protected":false},"excerpt":{"rendered":"","protected":false},"author":2,"featured_media":0,"parent":0,"menu_order":0,"comment_status":"closed","ping_status":"closed","template":"","meta":[],"acf":{"flex_content":[{"acf_fc_layout":"col1_text","col12":null,"text":"<h1 style=\"text-align: center\">Fr\u00fchst\u00fcck<\/h1>\n<p style=\"text-align: center\">Im Strandhotel servieren wir jeden Morgen ein leckeres Fr\u00fchst\u00fccksbuffet mit allem, was das Herz begehrt.<\/p>\n<p style=\"text-align: center\">Das Fr\u00fchst\u00fcck wird wochentags von 7:00 bis 10:00 Uhr und samstags, sonntags und an Feiertagen von 7:30 bis 10:30 Uhr serviert.<\/p>\n<p style=\"text-align: center\">Es besteht auch die M\u00f6glichkeit, als externer Gast einen Tisch f\u00fcr unser Fr\u00fchst\u00fccksbuffet zu reservieren, sofern wir \u00fcber die entsprechenden Kapazit\u00e4ten verf\u00fcgen.<\/p>\n<p style=\"text-align: center\">Der Preis hierf\u00fcr betr\u00e4gt 250 DKK pro Person.<\/p>\n<h4 style=\"text-align: center\"><strong>Das Buffet umfasst:<\/strong><\/h4>\n<p style=\"text-align: center\">Natur-Skyr<\/p>\n<p style=\"text-align: center\">Joghurt des Tages<\/p>\n<p style=\"text-align: center\">Verschiedene Toppings f\u00fcr Skyr und Joghurt<\/p>\n<p style=\"text-align: center\">Leckere Marmeladen<\/p>\n<p style=\"text-align: center\">Spegep\u00f8lse von Kaas Slagter &amp; Madbutik<\/p>\n<p style=\"text-align: center\">Lauwarme Leberpastete von Kaas Slagter &amp; Madbutik<\/p>\n<p style=\"text-align: center\">Rullep\u00f8lse und Landskinke<\/p>\n<p style=\"text-align: center\">Kaltger\u00e4ucherter Lachs von Kyst mit R\u00e4ucherk\u00e4secreme<\/p>\n<p style=\"text-align: center\">Nutella<\/p>\n<p style=\"text-align: center\">Amerikanische Pfannkuchen mit Honig<\/p>\n<p style=\"text-align: center\">Haferflocken<\/p>\n<p style=\"text-align: center\">Cornflakes<\/p>\n<p style=\"text-align: center\">Morgenkager (d\u00e4nisches Geb\u00e4ck)<\/p>\n<p style=\"text-align: center\">Ausgew\u00e4hlte K\u00e4sesorten mit Paprika<\/p>\n<p style=\"text-align: center\">Schnittk\u00e4se von Ingstrup Mejeri<\/p>\n<p style=\"text-align: center\">Milch und Eiswasser<\/p>\n<p style=\"text-align: center\">Kaltgepresster Bio-Apfelsaft<\/p>\n<p style=\"text-align: center\">Ingwer-Shots<\/p>\n<p style=\"text-align: center\">Frisches Obst<\/p>\n<p style=\"text-align: center\">Helle und grobe Br\u00f6tchen mit Butter<\/p>\n<p style=\"text-align: center\">Hausgebackenes Roggenbrot<\/p>\n<p style=\"text-align: center\">Wir nehmen gerne Ihre Bestellung entgegen f\u00fcr:<\/p>\n<p style=\"text-align: center\">Eier des Tages:<\/p>\n<p style=\"text-align: center\">R\u00fchrei, Spiegelei und weich gekochtes Ei<\/p>\n<p style=\"text-align: center\">Brunch-W\u00fcrstchen<\/p>\n<p style=\"text-align: center\">Bierbrot mit Schlagsahne<\/p>\n<p style=\"text-align: center\">Frisch gepresster Orangensaft<\/p>\n<p style=\"text-align: center\">Frisch gebr\u00fchter Kaffee und Tee (Spezialkaffee +25,-)<\/p>\n<p style=\"text-align: center\">Verschiedene Morgenbitter +35,-<\/p>\n<p style=\"text-align: center\"><strong>Guten Morgen und guten Appetit!<\/strong><\/p>\n"}],"show_banner":"yes","video_img_banner":"img","banner_image":{"ID":1195,"id":1195,"title":"fullsizeoutput_34f5","filename":"fullsizeoutput_34f5-1-scaled.jpeg","filesize":462604,"url":"https:\/\/strandhotellet-blokhus.dk\/de\/wp-content\/uploads\/sites\/3\/2020\/05\/fullsizeoutput_34f5-1-scaled.jpeg","link":"https:\/\/strandhotellet-blokhus.dk\/de\/galerie\/fullsizeoutput_34f5-2\/#main","alt":"","author":"1","description":"","caption":"","name":"fullsizeoutput_34f5-2","status":"inherit","uploaded_to":937,"date":"2020-05-18 15:35:23","modified":"2020-05-18 15:35:23","menu_order":0,"mime_type":"image\/jpeg","type":"image","subtype":"jpeg","icon":"https:\/\/strandhotellet-blokhus.dk\/de\/wp-includes\/images\/media\/default.png","width":2048,"height":2560,"sizes":{"thumbnail":"https:\/\/strandhotellet-blokhus.dk\/de\/wp-content\/uploads\/sites\/3\/2020\/05\/fullsizeoutput_34f5-1-150x150.jpeg","thumbnail-width":150,"thumbnail-height":150,"medium":"https:\/\/strandhotellet-blokhus.dk\/de\/wp-content\/uploads\/sites\/3\/2020\/05\/fullsizeoutput_34f5-1-240x300.jpeg","medium-width":240,"medium-height":300,"medium_large":"https:\/\/strandhotellet-blokhus.dk\/de\/wp-content\/uploads\/sites\/3\/2020\/05\/fullsizeoutput_34f5-1-768x960.jpeg","medium_large-width":768,"medium_large-height":960,"large":"https:\/\/strandhotellet-blokhus.dk\/de\/wp-content\/uploads\/sites\/3\/2020\/05\/fullsizeoutput_34f5-1-819x1024.jpeg","large-width":819,"large-height":1024,"1536x1536":"https:\/\/strandhotellet-blokhus.dk\/de\/wp-content\/uploads\/sites\/3\/2020\/05\/fullsizeoutput_34f5-1-1229x1536.jpeg","1536x1536-width":1229,"1536x1536-height":1536,"2048x2048":"https:\/\/strandhotellet-blokhus.dk\/de\/wp-content\/uploads\/sites\/3\/2020\/05\/fullsizeoutput_34f5-1-1639x2048.jpeg","2048x2048-width":1639,"2048x2048-height":2048}},"show_formular":false},"yoast_head":"<!-- This site is optimized with the Yoast SEO plugin v19.13 - https:\/\/yoast.com\/wordpress\/plugins\/seo\/ -->\n<title>Fr\u00fcst\u00fcck - Strandhotel Tysk<\/title>\n<meta name=\"robots\" content=\"index, follow, max-snippet:-1, max-image-preview:large, max-video-preview:-1\" \/>\n<link rel=\"canonical\" href=\"https:\/\/strandhotellet-blokhus.dk\/de\/fruhstuck\/\" \/>\n<meta property=\"og:locale\" content=\"de_DE\" \/>\n<meta property=\"og:type\" content=\"article\" \/>\n<meta property=\"og:title\" content=\"Fr\u00fcst\u00fcck - Strandhotel Tysk\" \/>\n<meta property=\"og:url\" content=\"https:\/\/strandhotellet-blokhus.dk\/de\/fruhstuck\/\" \/>\n<meta property=\"og:site_name\" content=\"Strandhotel Tysk\" \/>\n<meta property=\"article:modified_time\" content=\"2025-11-04T12:55:18+00:00\" \/>\n<meta name=\"twitter:card\" content=\"summary_large_image\" \/>\n<script type=\"application\/ld+json\" class=\"yoast-schema-graph\">{\"@context\":\"https:\/\/schema.org\",\"@graph\":[{\"@type\":\"WebPage\",\"@id\":\"https:\/\/strandhotellet-blokhus.dk\/de\/fruhstuck\/\",\"url\":\"https:\/\/strandhotellet-blokhus.dk\/de\/fruhstuck\/\",\"name\":\"Fr\u00fcst\u00fcck - Strandhotel Tysk\",\"isPartOf\":{\"@id\":\"https:\/\/strandhotellet-blokhus.dk\/de\/#website\"},\"datePublished\":\"2025-11-02T13:27:02+00:00\",\"dateModified\":\"2025-11-04T12:55:18+00:00\",\"breadcrumb\":{\"@id\":\"https:\/\/strandhotellet-blokhus.dk\/de\/fruhstuck\/#breadcrumb\"},\"inLanguage\":\"de-DE\",\"potentialAction\":[{\"@type\":\"ReadAction\",\"target\":[\"https:\/\/strandhotellet-blokhus.dk\/de\/fruhstuck\/\"]}]},{\"@type\":\"BreadcrumbList\",\"@id\":\"https:\/\/strandhotellet-blokhus.dk\/de\/fruhstuck\/#breadcrumb\",\"itemListElement\":[{\"@type\":\"ListItem\",\"position\":1,\"name\":\"Hjem\",\"item\":\"https:\/\/strandhotellet-blokhus.dk\/de\/\"},{\"@type\":\"ListItem\",\"position\":2,\"name\":\"Fr\u00fcst\u00fcck\"}]},{\"@type\":\"WebSite\",\"@id\":\"https:\/\/strandhotellet-blokhus.dk\/de\/#website\",\"url\":\"https:\/\/strandhotellet-blokhus.dk\/de\/\",\"name\":\"Strandhotel Tysk\",\"description\":\"\",\"publisher\":{\"@id\":\"https:\/\/strandhotellet-blokhus.dk\/de\/#organization\"},\"potentialAction\":[{\"@type\":\"SearchAction\",\"target\":{\"@type\":\"EntryPoint\",\"urlTemplate\":\"https:\/\/strandhotellet-blokhus.dk\/de\/?s={search_term_string}\"},\"query-input\":\"required name=search_term_string\"}],\"inLanguage\":\"de-DE\"},{\"@type\":\"Organization\",\"@id\":\"https:\/\/strandhotellet-blokhus.dk\/de\/#organization\",\"name\":\"Strandhotel Tysk\",\"url\":\"https:\/\/strandhotellet-blokhus.dk\/de\/\",\"logo\":{\"@type\":\"ImageObject\",\"inLanguage\":\"de-DE\",\"@id\":\"https:\/\/strandhotellet-blokhus.dk\/de\/#\/schema\/logo\/image\/\",\"url\":\"https:\/\/strandhotellet-blokhus.dk\/de\/wp-content\/uploads\/sites\/3\/2019\/05\/Strandhotellet-Blokhus-logo.png\",\"contentUrl\":\"https:\/\/strandhotellet-blokhus.dk\/de\/wp-content\/uploads\/sites\/3\/2019\/05\/Strandhotellet-Blokhus-logo.png\",\"width\":280,\"height\":119,\"caption\":\"Strandhotel Tysk\"},\"image\":{\"@id\":\"https:\/\/strandhotellet-blokhus.dk\/de\/#\/schema\/logo\/image\/\"}}]}<\/script>\n<!-- \/ Yoast SEO plugin. -->","yoast_head_json":{"title":"Fr\u00fcst\u00fcck - Strandhotel Tysk","robots":{"index":"index","follow":"follow","max-snippet":"max-snippet:-1","max-image-preview":"max-image-preview:large","max-video-preview":"max-video-preview:-1"},"canonical":"https:\/\/strandhotellet-blokhus.dk\/de\/fruhstuck\/","og_locale":"de_DE","og_type":"article","og_title":"Fr\u00fcst\u00fcck - Strandhotel Tysk","og_url":"https:\/\/strandhotellet-blokhus.dk\/de\/fruhstuck\/","og_site_name":"Strandhotel Tysk","article_modified_time":"2025-11-04T12:55:18+00:00","twitter_card":"summary_large_image","schema":{"@context":"https:\/\/schema.org","@graph":[{"@type":"WebPage","@id":"https:\/\/strandhotellet-blokhus.dk\/de\/fruhstuck\/","url":"https:\/\/strandhotellet-blokhus.dk\/de\/fruhstuck\/","name":"Fr\u00fcst\u00fcck - Strandhotel Tysk","isPartOf":{"@id":"https:\/\/strandhotellet-blokhus.dk\/de\/#website"},"datePublished":"2025-11-02T13:27:02+00:00","dateModified":"2025-11-04T12:55:18+00:00","breadcrumb":{"@id":"https:\/\/strandhotellet-blokhus.dk\/de\/fruhstuck\/#breadcrumb"},"inLanguage":"de-DE","potentialAction":[{"@type":"ReadAction","target":["https:\/\/strandhotellet-blokhus.dk\/de\/fruhstuck\/"]}]},{"@type":"BreadcrumbList","@id":"https:\/\/strandhotellet-blokhus.dk\/de\/fruhstuck\/#breadcrumb","itemListElement":[{"@type":"ListItem","position":1,"name":"Hjem","item":"https:\/\/strandhotellet-blokhus.dk\/de\/"},{"@type":"ListItem","position":2,"name":"Fr\u00fcst\u00fcck"}]},{"@type":"WebSite","@id":"https:\/\/strandhotellet-blokhus.dk\/de\/#website","url":"https:\/\/strandhotellet-blokhus.dk\/de\/","name":"Strandhotel Tysk","description":"","publisher":{"@id":"https:\/\/strandhotellet-blokhus.dk\/de\/#organization"},"potentialAction":[{"@type":"SearchAction","target":{"@type":"EntryPoint","urlTemplate":"https:\/\/strandhotellet-blokhus.dk\/de\/?s={search_term_string}"},"query-input":"required name=search_term_string"}],"inLanguage":"de-DE"},{"@type":"Organization","@id":"https:\/\/strandhotellet-blokhus.dk\/de\/#organization","name":"Strandhotel Tysk","url":"https:\/\/strandhotellet-blokhus.dk\/de\/","logo":{"@type":"ImageObject","inLanguage":"de-DE","@id":"https:\/\/strandhotellet-blokhus.dk\/de\/#\/schema\/logo\/image\/","url":"https:\/\/strandhotellet-blokhus.dk\/de\/wp-content\/uploads\/sites\/3\/2019\/05\/Strandhotellet-Blokhus-logo.png","contentUrl":"https:\/\/strandhotellet-blokhus.dk\/de\/wp-content\/uploads\/sites\/3\/2019\/05\/Strandhotellet-Blokhus-logo.png","width":280,"height":119,"caption":"Strandhotel Tysk"},"image":{"@id":"https:\/\/strandhotellet-blokhus.dk\/de\/#\/schema\/logo\/image\/"}}]}},"_links":{"self":[{"href":"https:\/\/strandhotellet-blokhus.dk\/de\/wp-json\/wp\/v2\/pages\/1377"}],"collection":[{"href":"https:\/\/strandhotellet-blokhus.dk\/de\/wp-json\/wp\/v2\/pages"}],"about":[{"href":"https:\/\/strandhotellet-blokhus.dk\/de\/wp-json\/wp\/v2\/types\/page"}],"author":[{"embeddable":true,"href":"https:\/\/strandhotellet-blokhus.dk\/de\/wp-json\/wp\/v2\/users\/2"}],"replies":[{"embeddable":true,"href":"https:\/\/strandhotellet-blokhus.dk\/de\/wp-json\/wp\/v2\/comments?post=1377"}],"version-history":[{"count":6,"href":"https:\/\/strandhotellet-blokhus.dk\/de\/wp-json\/wp\/v2\/pages\/1377\/revisions"}],"predecessor-version":[{"id":1383,"href":"https:\/\/strandhotellet-blokhus.dk\/de\/wp-json\/wp\/v2\/pages\/1377\/revisions\/1383"}],"wp:attachment":[{"href":"https:\/\/strandhotellet-blokhus.dk\/de\/wp-json\/wp\/v2\/media?parent=1377"}],"curies":[{"name":"wp","href":"https:\/\/api.w.org\/{rel}","templated":true}]}}