{"id":184,"date":"2019-05-27T11:51:16","date_gmt":"2019-05-27T09:51:16","guid":{"rendered":"http:\/\/strandhotellet-blokhus.dk\/de\/?page_id=184"},"modified":"2021-02-24T21:42:28","modified_gmt":"2021-02-24T20:42:28","slug":"kontakt","status":"publish","type":"page","link":"https:\/\/strandhotellet-blokhus.dk\/de\/kontakt\/","title":{"rendered":"Kontakt"},"content":{"rendered":"","protected":false},"excerpt":{"rendered":"","protected":false},"author":1,"featured_media":0,"parent":0,"menu_order":0,"comment_status":"closed","ping_status":"closed","template":"","meta":[],"acf":{"show_banner":"yes","banner_image":{"ID":731,"id":731,"title":"Strandhotellet-blokhus23232","filename":"Strandhotellet-blokhus23232.jpg","filesize":312517,"url":"https:\/\/strandhotellet-blokhus.dk\/de\/wp-content\/uploads\/sites\/3\/2019\/06\/Strandhotellet-blokhus23232.jpg","link":"https:\/\/strandhotellet-blokhus.dk\/de\/die-vorgeschichte\/strandhotellet-blokhus23232\/#main","alt":"","author":"1","description":"","caption":"","name":"strandhotellet-blokhus23232","status":"inherit","uploaded_to":94,"date":"2019-06-04 07:55:57","modified":"2019-07-02 07:07:41","menu_order":0,"mime_type":"image\/jpeg","type":"image","subtype":"jpeg","icon":"https:\/\/strandhotellet-blokhus.dk\/de\/wp-includes\/images\/media\/default.png","width":2000,"height":500,"sizes":{"thumbnail":"https:\/\/strandhotellet-blokhus.dk\/de\/wp-content\/uploads\/sites\/3\/2019\/06\/Strandhotellet-blokhus23232-150x150.jpg","thumbnail-width":150,"thumbnail-height":150,"medium":"https:\/\/strandhotellet-blokhus.dk\/de\/wp-content\/uploads\/sites\/3\/2019\/06\/Strandhotellet-blokhus23232-300x75.jpg","medium-width":300,"medium-height":75,"medium_large":"https:\/\/strandhotellet-blokhus.dk\/de\/wp-content\/uploads\/sites\/3\/2019\/06\/Strandhotellet-blokhus23232-768x192.jpg","medium_large-width":768,"medium_large-height":192,"large":"https:\/\/strandhotellet-blokhus.dk\/de\/wp-content\/uploads\/sites\/3\/2019\/06\/Strandhotellet-blokhus23232-1024x256.jpg","large-width":1024,"large-height":256,"1536x1536":"https:\/\/strandhotellet-blokhus.dk\/de\/wp-content\/uploads\/sites\/3\/2019\/06\/Strandhotellet-blokhus23232.jpg","1536x1536-width":1536,"1536x1536-height":384,"2048x2048":"https:\/\/strandhotellet-blokhus.dk\/de\/wp-content\/uploads\/sites\/3\/2019\/06\/Strandhotellet-blokhus23232.jpg","2048x2048-width":2000,"2048x2048-height":500}},"flex_content":[{"acf_fc_layout":"col_2_contact_info_and_google_maps","col6":null,"text":"<h1>Strandhotellet Blokhus<\/h1>\n<h6><span style=\"text-decoration: underline;\">WIR STEHEN GERNE ZU IHRER VERF\u00a8UGUNG<\/span><\/h6>\n<p>Strandhotellet Blokhus<br \/>\nS\u00f8nder i By 2<br \/>\n9492 Blokhus<\/p>\n<p>Sie erreichen uns unter:<\/p>\n","contact_info":[{"icomoon":"icon-telefon","link":{"title":"Tlf. +45 70 26 00 15","url":"tel:+4570260015","target":""}},{"icomoon":"icon-mail","link":{"title":"info@strandhotellet-blokhus.dk","url":"mailto:info@strandhotellet-blokhus.dk","target":""}}],"text_under":"<h2><span style=\"text-decoration: underline;\">\u00d6ffnungszeiten der Rezeption<\/span><\/h2>\n<p>Die Rezeption hat t\u00e4glich von 08.00 bis 18.00 Uhr ge\u00f6ffnet (an Wochenenden und feiertags nach Bedarf auch l\u00e4nger).<br \/>\nDie Telefone sind t\u00e4glich von 10 bis 17 Uhr ge\u00f6ffnet.<br \/>\nBei Ankunft nach 17.00 Uhr bitten wir die Rezeption rechtzeitig zu informieren.<\/p>\n<p>Das Restaurant hat t\u00e4glich von 12.00 bis 20.00 Uhr ge\u00f6ffnet. F\u00fcr Hausg\u00e4ste und Tischreservierungen halten wir nach Absprache selbstverst\u00e4ndlich gerne l\u00e4nger ge\u00f6ffnet.<\/p>\n","col6_copy":null,"google_maps_image":{"ID":192,"id":192,"title":"googlemaps","filename":"googlemaps.png","filesize":50746,"url":"https:\/\/strandhotellet-blokhus.dk\/de\/wp-content\/uploads\/sites\/3\/2019\/05\/googlemaps.png","link":"https:\/\/strandhotellet-blokhus.dk\/de\/kontakt\/googlemaps\/#main","alt":"","author":"1","description":"","caption":"","name":"googlemaps","status":"inherit","uploaded_to":184,"date":"2019-05-27 10:00:03","modified":"2019-05-27 10:00:03","menu_order":0,"mime_type":"image\/png","type":"image","subtype":"png","icon":"https:\/\/strandhotellet-blokhus.dk\/de\/wp-includes\/images\/media\/default.png","width":664,"height":692,"sizes":{"thumbnail":"https:\/\/strandhotellet-blokhus.dk\/de\/wp-content\/uploads\/sites\/3\/2019\/05\/googlemaps-150x150.png","thumbnail-width":150,"thumbnail-height":150,"medium":"https:\/\/strandhotellet-blokhus.dk\/de\/wp-content\/uploads\/sites\/3\/2019\/05\/googlemaps-288x300.png","medium-width":288,"medium-height":300,"medium_large":"https:\/\/strandhotellet-blokhus.dk\/de\/wp-content\/uploads\/sites\/3\/2019\/05\/googlemaps.png","medium_large-width":664,"medium_large-height":692,"large":"https:\/\/strandhotellet-blokhus.dk\/de\/wp-content\/uploads\/sites\/3\/2019\/05\/googlemaps.png","large-width":664,"large-height":692,"1536x1536":"https:\/\/strandhotellet-blokhus.dk\/de\/wp-content\/uploads\/sites\/3\/2019\/05\/googlemaps.png","1536x1536-width":664,"1536x1536-height":692,"2048x2048":"https:\/\/strandhotellet-blokhus.dk\/de\/wp-content\/uploads\/sites\/3\/2019\/05\/googlemaps.png","2048x2048-width":664,"2048x2048-height":692}},"google_maps_link":{"title":"","url":"https:\/\/www.google.com\/maps\/place\/S%C3%B8nder+I+By+2,+9492+Blokhus,+Danmark\/@57.2631786,9.2489123,8z\/data=!4m13!1m7!3m6!1s0x464920f641908a4d:0x491e06c858ed7e6a!2sS%C3%B8nder+I+By+2,+9492+Blokhus,+Danmark!3b1!8m2!3d57.2490717!4d9.582246!3m4!1s0x464920f641908a4d:0x491e06c858ed7e6a!8m2!3d57.2490717!4d9.582246?hl=da","target":"_blank"}},{"acf_fc_layout":"col_1_insta_images","col12":null}],"show_formular":true,"text_over_form":""},"yoast_head":"<!-- This site is optimized with the Yoast SEO plugin v19.13 - https:\/\/yoast.com\/wordpress\/plugins\/seo\/ -->\n<title>Kontakt - Strandhotellet Blokhus<\/title>\n<meta name=\"description\" content=\"Strandhotellet BlokhusWIR STEHEN GERNE ZU IHRER VERF\u00a8UGUNG Strandhotellet BlokhusS\u00f8nder i By 29492 BlokhusKontaktieren Sie uns unter: Tel. +45 70 26 00 15info@strandhotellet-blokhus.dk \u00d6ffnungszeiten der Rezeption 8.00 \u2013 18.00 UhrAu\u00dferhalb der \u00d6ffnungszeiten der Rezeption sind das Restaurant gerne behilflich.\" \/>\n<meta name=\"robots\" content=\"index, follow, max-snippet:-1, max-image-preview:large, max-video-preview:-1\" \/>\n<link rel=\"canonical\" href=\"https:\/\/strandhotellet-blokhus.dk\/de\/kontakt\/\" \/>\n<meta property=\"og:locale\" content=\"de_DE\" \/>\n<meta property=\"og:type\" content=\"article\" \/>\n<meta property=\"og:title\" content=\"Kontakt - Strandhotellet Blokhus\" \/>\n<meta property=\"og:description\" content=\"Strandhotellet BlokhusWIR STEHEN GERNE ZU IHRER VERF\u00a8UGUNG Strandhotellet BlokhusS\u00f8nder i By 29492 BlokhusKontaktieren Sie uns unter: Tel. +45 70 26 00 15info@strandhotellet-blokhus.dk \u00d6ffnungszeiten der Rezeption 8.00 \u2013 18.00 UhrAu\u00dferhalb der \u00d6ffnungszeiten der Rezeption sind das Restaurant gerne behilflich.\" \/>\n<meta property=\"og:url\" content=\"https:\/\/strandhotellet-blokhus.dk\/de\/kontakt\/\" \/>\n<meta property=\"og:site_name\" content=\"Strandhotel Tysk\" \/>\n<meta property=\"article:modified_time\" content=\"2021-02-24T20:42:28+00:00\" \/>\n<meta name=\"twitter:card\" content=\"summary_large_image\" \/>\n<script type=\"application\/ld+json\" class=\"yoast-schema-graph\">{\"@context\":\"https:\/\/schema.org\",\"@graph\":[{\"@type\":\"WebPage\",\"@id\":\"https:\/\/strandhotellet-blokhus.dk\/de\/kontakt\/\",\"url\":\"https:\/\/strandhotellet-blokhus.dk\/de\/kontakt\/\",\"name\":\"Kontakt - Strandhotellet Blokhus\",\"isPartOf\":{\"@id\":\"https:\/\/strandhotellet-blokhus.dk\/de\/#website\"},\"datePublished\":\"2019-05-27T09:51:16+00:00\",\"dateModified\":\"2021-02-24T20:42:28+00:00\",\"description\":\"Strandhotellet BlokhusWIR STEHEN GERNE ZU IHRER VERF\u00a8UGUNG Strandhotellet BlokhusS\u00f8nder i By 29492 BlokhusKontaktieren Sie uns unter: Tel. +45 70 26 00 15info@strandhotellet-blokhus.dk \u00d6ffnungszeiten der Rezeption 8.00 \u2013 18.00 UhrAu\u00dferhalb der \u00d6ffnungszeiten der Rezeption sind das Restaurant gerne behilflich.\",\"breadcrumb\":{\"@id\":\"https:\/\/strandhotellet-blokhus.dk\/de\/kontakt\/#breadcrumb\"},\"inLanguage\":\"de-DE\",\"potentialAction\":[{\"@type\":\"ReadAction\",\"target\":[\"https:\/\/strandhotellet-blokhus.dk\/de\/kontakt\/\"]}]},{\"@type\":\"BreadcrumbList\",\"@id\":\"https:\/\/strandhotellet-blokhus.dk\/de\/kontakt\/#breadcrumb\",\"itemListElement\":[{\"@type\":\"ListItem\",\"position\":1,\"name\":\"Hjem\",\"item\":\"https:\/\/strandhotellet-blokhus.dk\/de\/\"},{\"@type\":\"ListItem\",\"position\":2,\"name\":\"Kontakt\"}]},{\"@type\":\"WebSite\",\"@id\":\"https:\/\/strandhotellet-blokhus.dk\/de\/#website\",\"url\":\"https:\/\/strandhotellet-blokhus.dk\/de\/\",\"name\":\"Strandhotel Tysk\",\"description\":\"\",\"publisher\":{\"@id\":\"https:\/\/strandhotellet-blokhus.dk\/de\/#organization\"},\"potentialAction\":[{\"@type\":\"SearchAction\",\"target\":{\"@type\":\"EntryPoint\",\"urlTemplate\":\"https:\/\/strandhotellet-blokhus.dk\/de\/?s={search_term_string}\"},\"query-input\":\"required name=search_term_string\"}],\"inLanguage\":\"de-DE\"},{\"@type\":\"Organization\",\"@id\":\"https:\/\/strandhotellet-blokhus.dk\/de\/#organization\",\"name\":\"Strandhotel Tysk\",\"url\":\"https:\/\/strandhotellet-blokhus.dk\/de\/\",\"logo\":{\"@type\":\"ImageObject\",\"inLanguage\":\"de-DE\",\"@id\":\"https:\/\/strandhotellet-blokhus.dk\/de\/#\/schema\/logo\/image\/\",\"url\":\"https:\/\/strandhotellet-blokhus.dk\/de\/wp-content\/uploads\/sites\/3\/2019\/05\/Strandhotellet-Blokhus-logo.png\",\"contentUrl\":\"https:\/\/strandhotellet-blokhus.dk\/de\/wp-content\/uploads\/sites\/3\/2019\/05\/Strandhotellet-Blokhus-logo.png\",\"width\":280,\"height\":119,\"caption\":\"Strandhotel Tysk\"},\"image\":{\"@id\":\"https:\/\/strandhotellet-blokhus.dk\/de\/#\/schema\/logo\/image\/\"}}]}<\/script>\n<!-- \/ Yoast SEO plugin. -->","yoast_head_json":{"title":"Kontakt - Strandhotellet Blokhus","description":"Strandhotellet BlokhusWIR STEHEN GERNE ZU IHRER VERF\u00a8UGUNG Strandhotellet BlokhusS\u00f8nder i By 29492 BlokhusKontaktieren Sie uns unter: Tel. +45 70 26 00 15info@strandhotellet-blokhus.dk \u00d6ffnungszeiten der Rezeption 8.00 \u2013 18.00 UhrAu\u00dferhalb der \u00d6ffnungszeiten der Rezeption sind das Restaurant gerne behilflich.","robots":{"index":"index","follow":"follow","max-snippet":"max-snippet:-1","max-image-preview":"max-image-preview:large","max-video-preview":"max-video-preview:-1"},"canonical":"https:\/\/strandhotellet-blokhus.dk\/de\/kontakt\/","og_locale":"de_DE","og_type":"article","og_title":"Kontakt - Strandhotellet Blokhus","og_description":"Strandhotellet BlokhusWIR STEHEN GERNE ZU IHRER VERF\u00a8UGUNG Strandhotellet BlokhusS\u00f8nder i By 29492 BlokhusKontaktieren Sie uns unter: Tel. +45 70 26 00 15info@strandhotellet-blokhus.dk \u00d6ffnungszeiten der Rezeption 8.00 \u2013 18.00 UhrAu\u00dferhalb der \u00d6ffnungszeiten der Rezeption sind das Restaurant gerne behilflich.","og_url":"https:\/\/strandhotellet-blokhus.dk\/de\/kontakt\/","og_site_name":"Strandhotel Tysk","article_modified_time":"2021-02-24T20:42:28+00:00","twitter_card":"summary_large_image","schema":{"@context":"https:\/\/schema.org","@graph":[{"@type":"WebPage","@id":"https:\/\/strandhotellet-blokhus.dk\/de\/kontakt\/","url":"https:\/\/strandhotellet-blokhus.dk\/de\/kontakt\/","name":"Kontakt - Strandhotellet Blokhus","isPartOf":{"@id":"https:\/\/strandhotellet-blokhus.dk\/de\/#website"},"datePublished":"2019-05-27T09:51:16+00:00","dateModified":"2021-02-24T20:42:28+00:00","description":"Strandhotellet BlokhusWIR STEHEN GERNE ZU IHRER VERF\u00a8UGUNG Strandhotellet BlokhusS\u00f8nder i By 29492 BlokhusKontaktieren Sie uns unter: Tel. +45 70 26 00 15info@strandhotellet-blokhus.dk \u00d6ffnungszeiten der Rezeption 8.00 \u2013 18.00 UhrAu\u00dferhalb der \u00d6ffnungszeiten der Rezeption sind das Restaurant gerne behilflich.","breadcrumb":{"@id":"https:\/\/strandhotellet-blokhus.dk\/de\/kontakt\/#breadcrumb"},"inLanguage":"de-DE","potentialAction":[{"@type":"ReadAction","target":["https:\/\/strandhotellet-blokhus.dk\/de\/kontakt\/"]}]},{"@type":"BreadcrumbList","@id":"https:\/\/strandhotellet-blokhus.dk\/de\/kontakt\/#breadcrumb","itemListElement":[{"@type":"ListItem","position":1,"name":"Hjem","item":"https:\/\/strandhotellet-blokhus.dk\/de\/"},{"@type":"ListItem","position":2,"name":"Kontakt"}]},{"@type":"WebSite","@id":"https:\/\/strandhotellet-blokhus.dk\/de\/#website","url":"https:\/\/strandhotellet-blokhus.dk\/de\/","name":"Strandhotel Tysk","description":"","publisher":{"@id":"https:\/\/strandhotellet-blokhus.dk\/de\/#organization"},"potentialAction":[{"@type":"SearchAction","target":{"@type":"EntryPoint","urlTemplate":"https:\/\/strandhotellet-blokhus.dk\/de\/?s={search_term_string}"},"query-input":"required name=search_term_string"}],"inLanguage":"de-DE"},{"@type":"Organization","@id":"https:\/\/strandhotellet-blokhus.dk\/de\/#organization","name":"Strandhotel Tysk","url":"https:\/\/strandhotellet-blokhus.dk\/de\/","logo":{"@type":"ImageObject","inLanguage":"de-DE","@id":"https:\/\/strandhotellet-blokhus.dk\/de\/#\/schema\/logo\/image\/","url":"https:\/\/strandhotellet-blokhus.dk\/de\/wp-content\/uploads\/sites\/3\/2019\/05\/Strandhotellet-Blokhus-logo.png","contentUrl":"https:\/\/strandhotellet-blokhus.dk\/de\/wp-content\/uploads\/sites\/3\/2019\/05\/Strandhotellet-Blokhus-logo.png","width":280,"height":119,"caption":"Strandhotel Tysk"},"image":{"@id":"https:\/\/strandhotellet-blokhus.dk\/de\/#\/schema\/logo\/image\/"}}]}},"_links":{"self":[{"href":"https:\/\/strandhotellet-blokhus.dk\/de\/wp-json\/wp\/v2\/pages\/184"}],"collection":[{"href":"https:\/\/strandhotellet-blokhus.dk\/de\/wp-json\/wp\/v2\/pages"}],"about":[{"href":"https:\/\/strandhotellet-blokhus.dk\/de\/wp-json\/wp\/v2\/types\/page"}],"author":[{"embeddable":true,"href":"https:\/\/strandhotellet-blokhus.dk\/de\/wp-json\/wp\/v2\/users\/1"}],"replies":[{"embeddable":true,"href":"https:\/\/strandhotellet-blokhus.dk\/de\/wp-json\/wp\/v2\/comments?post=184"}],"version-history":[{"count":19,"href":"https:\/\/strandhotellet-blokhus.dk\/de\/wp-json\/wp\/v2\/pages\/184\/revisions"}],"predecessor-version":[{"id":1294,"href":"https:\/\/strandhotellet-blokhus.dk\/de\/wp-json\/wp\/v2\/pages\/184\/revisions\/1294"}],"wp:attachment":[{"href":"https:\/\/strandhotellet-blokhus.dk\/de\/wp-json\/wp\/v2\/media?parent=184"}],"curies":[{"name":"wp","href":"https:\/\/api.w.org\/{rel}","templated":true}]}}