{"id":329,"date":"2019-05-28T15:49:24","date_gmt":"2019-05-28T13:49:24","guid":{"rendered":"http:\/\/strandhotellet-blokhus.dk\/de\/?page_id=329"},"modified":"2024-11-17T18:18:32","modified_gmt":"2024-11-17T17:18:32","slug":"wellness-und-massage","status":"publish","type":"page","link":"https:\/\/strandhotellet-blokhus.dk\/de\/wellness-und-massage\/","title":{"rendered":"Wellness und massage"},"content":{"rendered":"","protected":false},"excerpt":{"rendered":"","protected":false},"author":1,"featured_media":0,"parent":0,"menu_order":0,"comment_status":"closed","ping_status":"closed","template":"","meta":[],"acf":{"show_banner":"yes","banner_image":{"ID":302,"id":302,"title":"Wellness-pool-sauna_afslapning_strandhotellet-blokhus","filename":"Wellness-pool-sauna_afslapning_strandhotellet-blokhus-1.jpg","filesize":137644,"url":"https:\/\/strandhotellet-blokhus.dk\/de\/wp-content\/uploads\/sites\/3\/2019\/05\/Wellness-pool-sauna_afslapning_strandhotellet-blokhus-1.jpg","link":"https:\/\/strandhotellet-blokhus.dk\/de\/pool-und-sauna\/wellness-pool-sauna_afslapning_strandhotellet-blokhus-2\/#main","alt":"","author":"1","description":"","caption":"","name":"wellness-pool-sauna_afslapning_strandhotellet-blokhus-2","status":"inherit","uploaded_to":297,"date":"2019-05-28 13:30:15","modified":"2019-05-28 13:30:15","menu_order":0,"mime_type":"image\/jpeg","type":"image","subtype":"jpeg","icon":"https:\/\/strandhotellet-blokhus.dk\/de\/wp-includes\/images\/media\/default.png","width":2000,"height":500,"sizes":{"thumbnail":"https:\/\/strandhotellet-blokhus.dk\/de\/wp-content\/uploads\/sites\/3\/2019\/05\/Wellness-pool-sauna_afslapning_strandhotellet-blokhus-1-150x150.jpg","thumbnail-width":150,"thumbnail-height":150,"medium":"https:\/\/strandhotellet-blokhus.dk\/de\/wp-content\/uploads\/sites\/3\/2019\/05\/Wellness-pool-sauna_afslapning_strandhotellet-blokhus-1-300x75.jpg","medium-width":300,"medium-height":75,"medium_large":"https:\/\/strandhotellet-blokhus.dk\/de\/wp-content\/uploads\/sites\/3\/2019\/05\/Wellness-pool-sauna_afslapning_strandhotellet-blokhus-1-768x192.jpg","medium_large-width":768,"medium_large-height":192,"large":"https:\/\/strandhotellet-blokhus.dk\/de\/wp-content\/uploads\/sites\/3\/2019\/05\/Wellness-pool-sauna_afslapning_strandhotellet-blokhus-1-1024x256.jpg","large-width":1024,"large-height":256,"1536x1536":"https:\/\/strandhotellet-blokhus.dk\/de\/wp-content\/uploads\/sites\/3\/2019\/05\/Wellness-pool-sauna_afslapning_strandhotellet-blokhus-1.jpg","1536x1536-width":1536,"1536x1536-height":384,"2048x2048":"https:\/\/strandhotellet-blokhus.dk\/de\/wp-content\/uploads\/sites\/3\/2019\/05\/Wellness-pool-sauna_afslapning_strandhotellet-blokhus-1.jpg","2048x2048-width":2000,"2048x2048-height":500}},"flex_content":[{"acf_fc_layout":"col_2_text_and_image_or_info_case","col6":null,"text":"<h1>Wellness und massage<\/h1>\n<h6 dir=\"ltr\"><span style=\"text-decoration: underline\">LASSEN SIE SICH IN UNSEREM WELLNESS VERW\u00d6HNEN<\/span><\/h6>\n<p>Im Strandhotellet Blokhus m\u00f6chten wir unsere G\u00e4ste von Kopf bis Fu\u00df verw\u00f6hnen. Erleben Sie eine romantische und harmonische Atmosph\u00e4re, die es Ihnen erm\u00f6glicht ganz zu sich zu finden. Sie werden sp\u00fcren wie der Stress und der Trubel des Alltags verblasst, sobald Sie bei uns ankommen sind. Wir verw\u00f6hnen alle Ihre Sinne, mit entspannter Musik, aromatischen D\u00fcften, Pool und Sauna. Sie werden sich f\u00fchlen wie neu geboren.<\/p>\n<p>Wussten Sie, dass Wellness bedeutet gesund und wohl zu sein? Dieses beinhaltet sowohl physisches, mentales, spirituelles und soziales wohlauf Sein. Das ist es was wir im Strandhotellet erreichen m\u00f6chten. Wir m\u00f6chten Ihren K\u00f6rper und Geist verw\u00f6hnen. Die Sauna ist ein wunderbarer Ort um zu entspannen und die Sorgen des Alltags zu vergessen. Lassen Sie sich im Pool treiben.<\/p>\n<p>Ein Wellnessaufenthalt ist der perfekte Weg seine Liebsten oder sich selbst zu verw\u00f6hnen. Mit einem Wellnessaufenthalt im Strandhotellet treffen Sie immer die richtige Wahl, egal mit wem Sie dieses Erlebnis teilen.<\/p>\n<p>Verbinden Sie doch Ihren Besuch in unserem Wellnessbereich mit einem Strandspaziergang. Blokhus liegt an einem der sch\u00f6nsten Sandstr\u00e4nde Nordeuropas, der von R\u00f8dhus im S\u00fcden bis L\u00f8kken im Norden reicht.<\/p>\n<h2>Massage<\/h2>\n<p>Im Strandhotellet verw\u00f6hnen wir Sie zus\u00e4tzlich mit einem Angebot an Massage-Anwendungen. Die Massagen sind nur f\u00fcr unsere Hausg\u00e4ste verf\u00fcgbar.<\/p>\n<p>Bei Interesse wenden Sie sich bitte an die Rezeption.<br \/>\nReservierung ist unbedingt erforderlich.<br \/>\nDie Bezahlung erfolgt an der Rezeption.<\/p>\n<p>Wir verf\u00fcgen nur \u00fcber einen Masseur im Haus. Paarmassagen sind daher leider nicht m\u00f6glich. Es k\u00f6nnen aber Massagen in unmittelbarer zeitlicher Abfolge vereinbart werden.<\/p>\n<p>Wir bieten in Zusammenarbeit mit unserem Masseur folgendes Angebot:<\/p>\n<p><strong>Klassische, therapeutische \u00d6lmassage<\/strong><br \/>\n(Ganzk\u00f6rper oder Teilk\u00f6rper)<\/p>\n<p>Diese Anwendung dient der therapeutischen L\u00f6sung von Verspannungen. Es ist die ideale Anwendung bei chronischen Verspannungen, Kopfschmerzen, muskul\u00e4ren Problemen oder zur Regeneration nach Verletzungen.<\/p>\n<p><strong>Entspannungsmassage<\/strong><\/p>\n<p>Diese Anwendung beruhigt K\u00f6rper und Seele gleicherma\u00dfen. Perfekt geeignet f\u00fcr alle, die eine Pause vom Alltag brauchen. Diese Massage kombiniert die klassische Massage mit Elementen aus der Cranio-Sacral-Therapie. Den Abschluss bildet eine Kopf- und Gesichtsmassage.<\/p>\n<p><strong>Healingmassage<\/strong><\/p>\n<p>Diese Massage ist ganz auf das L\u00f6sen k\u00f6rperlicher und mentaler Blockaden ausgerichtet. Zus\u00e4tzlich zu den Elementen der klassischen Massage werden die Energiestr\u00f6me im K\u00f6rper gerichtet.<\/p>\n<p><strong>Zoneterapi<\/strong><\/p>\n<p>Reinigende und therapeutische Fu\u00dfmassage. Stimulierend f\u00fcr den gesamten K\u00f6rper.<\/p>\n<p><strong>Preis<\/strong><\/p>\n<p>Die Kosten f\u00fcr unsere Anwendungen entnehmen Sie nachstehender \u00dcbersicht, die Bezahlung erfolgt an der Rezeption:<\/p>\n<p>25 min. \/ 495,- DKK<br \/>\n40 min. \/ 565,- DKK<br \/>\n55 min. \/ 665,- DKK<\/p>\n","buttons":false,"col6_copy":null,"images":[{"image":{"ID":152,"id":152,"title":"1B0A5554-400x267","filename":"1B0A5554-400x267.jpg","filesize":15954,"url":"https:\/\/strandhotellet-blokhus.dk\/de\/wp-content\/uploads\/sites\/3\/2019\/05\/1B0A5554-400x267.jpg","link":"https:\/\/strandhotellet-blokhus.dk\/de\/wellness-und-massage\/1b0a5554-400x267\/#main","alt":"","author":"1","description":"","caption":"","name":"1b0a5554-400x267","status":"inherit","uploaded_to":329,"date":"2019-05-27 08:20:56","modified":"2019-06-28 09:18:51","menu_order":0,"mime_type":"image\/jpeg","type":"image","subtype":"jpeg","icon":"https:\/\/strandhotellet-blokhus.dk\/de\/wp-includes\/images\/media\/default.png","width":400,"height":267,"sizes":{"thumbnail":"https:\/\/strandhotellet-blokhus.dk\/de\/wp-content\/uploads\/sites\/3\/2019\/05\/1B0A5554-400x267-150x150.jpg","thumbnail-width":150,"thumbnail-height":150,"medium":"https:\/\/strandhotellet-blokhus.dk\/de\/wp-content\/uploads\/sites\/3\/2019\/05\/1B0A5554-400x267-300x200.jpg","medium-width":300,"medium-height":200,"medium_large":"https:\/\/strandhotellet-blokhus.dk\/de\/wp-content\/uploads\/sites\/3\/2019\/05\/1B0A5554-400x267.jpg","medium_large-width":400,"medium_large-height":267,"large":"https:\/\/strandhotellet-blokhus.dk\/de\/wp-content\/uploads\/sites\/3\/2019\/05\/1B0A5554-400x267.jpg","large-width":400,"large-height":267,"1536x1536":"https:\/\/strandhotellet-blokhus.dk\/de\/wp-content\/uploads\/sites\/3\/2019\/05\/1B0A5554-400x267.jpg","1536x1536-width":400,"1536x1536-height":267,"2048x2048":"https:\/\/strandhotellet-blokhus.dk\/de\/wp-content\/uploads\/sites\/3\/2019\/05\/1B0A5554-400x267.jpg","2048x2048-width":400,"2048x2048-height":267}}},{"image":{"ID":337,"id":337,"title":"badehuse_blokhus_strand_strandhotellet-400x220","filename":"badehuse_blokhus_strand_strandhotellet-400x220.jpg","filesize":16259,"url":"https:\/\/strandhotellet-blokhus.dk\/de\/wp-content\/uploads\/sites\/3\/2019\/05\/badehuse_blokhus_strand_strandhotellet-400x220.jpg","link":"https:\/\/strandhotellet-blokhus.dk\/de\/wellness-und-massage\/badehuse_blokhus_strand_strandhotellet-400x220\/#main","alt":"","author":"1","description":"","caption":"","name":"badehuse_blokhus_strand_strandhotellet-400x220","status":"inherit","uploaded_to":329,"date":"2019-05-28 13:52:42","modified":"2019-05-28 13:52:42","menu_order":0,"mime_type":"image\/jpeg","type":"image","subtype":"jpeg","icon":"https:\/\/strandhotellet-blokhus.dk\/de\/wp-includes\/images\/media\/default.png","width":400,"height":220,"sizes":{"thumbnail":"https:\/\/strandhotellet-blokhus.dk\/de\/wp-content\/uploads\/sites\/3\/2019\/05\/badehuse_blokhus_strand_strandhotellet-400x220-150x150.jpg","thumbnail-width":150,"thumbnail-height":150,"medium":"https:\/\/strandhotellet-blokhus.dk\/de\/wp-content\/uploads\/sites\/3\/2019\/05\/badehuse_blokhus_strand_strandhotellet-400x220-300x165.jpg","medium-width":300,"medium-height":165,"medium_large":"https:\/\/strandhotellet-blokhus.dk\/de\/wp-content\/uploads\/sites\/3\/2019\/05\/badehuse_blokhus_strand_strandhotellet-400x220.jpg","medium_large-width":400,"medium_large-height":220,"large":"https:\/\/strandhotellet-blokhus.dk\/de\/wp-content\/uploads\/sites\/3\/2019\/05\/badehuse_blokhus_strand_strandhotellet-400x220.jpg","large-width":400,"large-height":220,"1536x1536":"https:\/\/strandhotellet-blokhus.dk\/de\/wp-content\/uploads\/sites\/3\/2019\/05\/badehuse_blokhus_strand_strandhotellet-400x220.jpg","1536x1536-width":400,"1536x1536-height":220,"2048x2048":"https:\/\/strandhotellet-blokhus.dk\/de\/wp-content\/uploads\/sites\/3\/2019\/05\/badehuse_blokhus_strand_strandhotellet-400x220.jpg","2048x2048-width":400,"2048x2048-height":220}}}],"show":"no","info_text":"","info_button":null},{"acf_fc_layout":"col_2_case_with_image_text_link","col12":null,"setup":"3grid","bg_color":"grey","text":"<h6 style=\"text-align: center\">LASSEN SIE SICH AN DER NORDSEE VERW\u00d6HNEN<\/h6>\n<h2 style=\"text-align: center\">Aufenthalte die verf\u00fchren<\/h2>\n","cases":[{"bg":{"ID":229,"id":229,"title":"Getaway-ophold_Strandhotellet-Blokhus","filename":"Getaway-ophold_Strandhotellet-Blokhus-e1558964563172.jpg","filesize":18371,"url":"https:\/\/strandhotellet-blokhus.dk\/de\/wp-content\/uploads\/sites\/3\/2019\/05\/Getaway-ophold_Strandhotellet-Blokhus-e1558964563172.jpg","link":"https:\/\/strandhotellet-blokhus.dk\/de\/hund-und-katze\/getaway-ophold_strandhotellet-blokhus\/#main","alt":"","author":"1","description":"","caption":"","name":"getaway-ophold_strandhotellet-blokhus","status":"inherit","uploaded_to":228,"date":"2019-05-27 13:42:21","modified":"2019-05-27 13:42:21","menu_order":0,"mime_type":"image\/jpeg","type":"image","subtype":"jpeg","icon":"https:\/\/strandhotellet-blokhus.dk\/de\/wp-includes\/images\/media\/default.png","width":500,"height":283,"sizes":{"thumbnail":"https:\/\/strandhotellet-blokhus.dk\/de\/wp-content\/uploads\/sites\/3\/2019\/05\/Getaway-ophold_Strandhotellet-Blokhus-e1558964563172-150x150.jpg","thumbnail-width":150,"thumbnail-height":150,"medium":"https:\/\/strandhotellet-blokhus.dk\/de\/wp-content\/uploads\/sites\/3\/2019\/05\/Getaway-ophold_Strandhotellet-Blokhus-e1558964563172-300x170.jpg","medium-width":300,"medium-height":170,"medium_large":"https:\/\/strandhotellet-blokhus.dk\/de\/wp-content\/uploads\/sites\/3\/2019\/05\/Getaway-ophold_Strandhotellet-Blokhus-e1558964563172.jpg","medium_large-width":500,"medium_large-height":283,"large":"https:\/\/strandhotellet-blokhus.dk\/de\/wp-content\/uploads\/sites\/3\/2019\/05\/Getaway-ophold_Strandhotellet-Blokhus-e1558964563172.jpg","large-width":500,"large-height":283,"1536x1536":"https:\/\/strandhotellet-blokhus.dk\/de\/wp-content\/uploads\/sites\/3\/2019\/05\/Getaway-ophold_Strandhotellet-Blokhus-e1558964563172.jpg","1536x1536-width":500,"1536x1536-height":283,"2048x2048":"https:\/\/strandhotellet-blokhus.dk\/de\/wp-content\/uploads\/sites\/3\/2019\/05\/Getaway-ophold_Strandhotellet-Blokhus-e1558964563172.jpg","2048x2048-width":500,"2048x2048-height":283}},"titel":"Getaway Aufenthalt","text":"Eine verschnaufpause vom Alltag - lassen Sie sich verw\u00f6hnen","link":{"title":"Siehe details","url":"https:\/\/strandhotellet-blokhus.dk\/de\/getaway-aufenthalt\/","target":""}},{"bg":{"ID":230,"id":230,"title":"Klassisk-ophold_Strandhotellet-Blokhus","filename":"Klassisk-ophold_Strandhotellet-Blokhus-e1558964611156.jpg","filesize":24379,"url":"https:\/\/strandhotellet-blokhus.dk\/de\/wp-content\/uploads\/sites\/3\/2019\/05\/Klassisk-ophold_Strandhotellet-Blokhus-e1558964611156.jpg","link":"https:\/\/strandhotellet-blokhus.dk\/de\/hund-und-katze\/klassisk-ophold_strandhotellet-blokhus\/#main","alt":"","author":"1","description":"","caption":"","name":"klassisk-ophold_strandhotellet-blokhus","status":"inherit","uploaded_to":228,"date":"2019-05-27 13:42:21","modified":"2019-05-27 13:42:21","menu_order":0,"mime_type":"image\/jpeg","type":"image","subtype":"jpeg","icon":"https:\/\/strandhotellet-blokhus.dk\/de\/wp-includes\/images\/media\/default.png","width":500,"height":282,"sizes":{"thumbnail":"https:\/\/strandhotellet-blokhus.dk\/de\/wp-content\/uploads\/sites\/3\/2019\/05\/Klassisk-ophold_Strandhotellet-Blokhus-e1558964611156-150x150.jpg","thumbnail-width":150,"thumbnail-height":150,"medium":"https:\/\/strandhotellet-blokhus.dk\/de\/wp-content\/uploads\/sites\/3\/2019\/05\/Klassisk-ophold_Strandhotellet-Blokhus-e1558964611156-300x169.jpg","medium-width":300,"medium-height":169,"medium_large":"https:\/\/strandhotellet-blokhus.dk\/de\/wp-content\/uploads\/sites\/3\/2019\/05\/Klassisk-ophold_Strandhotellet-Blokhus-e1558964611156.jpg","medium_large-width":500,"medium_large-height":282,"large":"https:\/\/strandhotellet-blokhus.dk\/de\/wp-content\/uploads\/sites\/3\/2019\/05\/Klassisk-ophold_Strandhotellet-Blokhus-e1558964611156.jpg","large-width":500,"large-height":282,"1536x1536":"https:\/\/strandhotellet-blokhus.dk\/de\/wp-content\/uploads\/sites\/3\/2019\/05\/Klassisk-ophold_Strandhotellet-Blokhus-e1558964611156.jpg","1536x1536-width":500,"1536x1536-height":282,"2048x2048":"https:\/\/strandhotellet-blokhus.dk\/de\/wp-content\/uploads\/sites\/3\/2019\/05\/Klassisk-ophold_Strandhotellet-Blokhus-e1558964611156.jpg","2048x2048-width":500,"2048x2048-height":282}},"titel":"Klassischer Aufenthalt","text":"Lassen Sie sich von morgens bis abends auf H\u00e4nden tragen.","link":{"title":"Siehe details","url":"http:\/\/strandhotellet-blokhus.dk\/de\/klassischer-aufenthalt\/","target":""}},{"bg":{"ID":231,"id":231,"title":"Gourmet-ophold_Strandhotellet-Blokhus","filename":"Gourmet-ophold_Strandhotellet-Blokhus-e1558964657142.jpg","filesize":44789,"url":"https:\/\/strandhotellet-blokhus.dk\/de\/wp-content\/uploads\/sites\/3\/2019\/05\/Gourmet-ophold_Strandhotellet-Blokhus-e1558964657142.jpg","link":"https:\/\/strandhotellet-blokhus.dk\/de\/hund-und-katze\/gourmet-ophold_strandhotellet-blokhus\/#main","alt":"","author":"1","description":"","caption":"","name":"gourmet-ophold_strandhotellet-blokhus","status":"inherit","uploaded_to":228,"date":"2019-05-27 13:42:22","modified":"2019-05-27 13:42:22","menu_order":0,"mime_type":"image\/jpeg","type":"image","subtype":"jpeg","icon":"https:\/\/strandhotellet-blokhus.dk\/de\/wp-includes\/images\/media\/default.png","width":500,"height":281,"sizes":{"thumbnail":"https:\/\/strandhotellet-blokhus.dk\/de\/wp-content\/uploads\/sites\/3\/2019\/05\/Gourmet-ophold_Strandhotellet-Blokhus-e1558964657142-150x150.jpg","thumbnail-width":150,"thumbnail-height":150,"medium":"https:\/\/strandhotellet-blokhus.dk\/de\/wp-content\/uploads\/sites\/3\/2019\/05\/Gourmet-ophold_Strandhotellet-Blokhus-e1558964657142-300x169.jpg","medium-width":300,"medium-height":169,"medium_large":"https:\/\/strandhotellet-blokhus.dk\/de\/wp-content\/uploads\/sites\/3\/2019\/05\/Gourmet-ophold_Strandhotellet-Blokhus-e1558964657142.jpg","medium_large-width":500,"medium_large-height":281,"large":"https:\/\/strandhotellet-blokhus.dk\/de\/wp-content\/uploads\/sites\/3\/2019\/05\/Gourmet-ophold_Strandhotellet-Blokhus-e1558964657142.jpg","large-width":500,"large-height":281,"1536x1536":"https:\/\/strandhotellet-blokhus.dk\/de\/wp-content\/uploads\/sites\/3\/2019\/05\/Gourmet-ophold_Strandhotellet-Blokhus-e1558964657142.jpg","1536x1536-width":500,"1536x1536-height":281,"2048x2048":"https:\/\/strandhotellet-blokhus.dk\/de\/wp-content\/uploads\/sites\/3\/2019\/05\/Gourmet-ophold_Strandhotellet-Blokhus-e1558964657142.jpg","2048x2048-width":500,"2048x2048-height":281}},"titel":"Luxus Aufenthalt","text":"Kitzeln Sie Ihre Geschmacksnerven mit exquisiten Abendessen und Wein.","link":{"title":"Siehe details","url":"https:\/\/strandhotellet-blokhus.dk\/de\/luxus-aufenthalt\/","target":""}}]},{"acf_fc_layout":"col_1_insta_images","col12":null}],"show_formular":true,"text_over_form":""},"yoast_head":"<!-- This site is optimized with the Yoast SEO plugin v19.13 - https:\/\/yoast.com\/wordpress\/plugins\/seo\/ -->\n<title>Wellness Blokhus | Wellness Hotel Blokhus | Wellnessophold<\/title>\n<meta name=\"description\" content=\"Har du brug for at fork\u00e6le din bedre halvdel? P\u00e5 Strandhotellet Blokhus i Nordjylland tilbyder vi gode rammer for fuld fork\u00e6lelse i vores wellness afdeling\" \/>\n<meta name=\"robots\" content=\"index, follow, max-snippet:-1, max-image-preview:large, max-video-preview:-1\" \/>\n<link rel=\"canonical\" href=\"https:\/\/strandhotellet-blokhus.dk\/de\/wellness-und-massage\/\" \/>\n<meta property=\"og:locale\" content=\"de_DE\" \/>\n<meta property=\"og:type\" content=\"article\" \/>\n<meta property=\"og:title\" content=\"Wellness Blokhus | Wellness Hotel Blokhus | Wellnessophold\" \/>\n<meta property=\"og:description\" content=\"Har du brug for at fork\u00e6le din bedre halvdel? P\u00e5 Strandhotellet Blokhus i Nordjylland tilbyder vi gode rammer for fuld fork\u00e6lelse i vores wellness afdeling\" \/>\n<meta property=\"og:url\" content=\"https:\/\/strandhotellet-blokhus.dk\/de\/wellness-und-massage\/\" \/>\n<meta property=\"og:site_name\" content=\"Strandhotel Tysk\" \/>\n<meta property=\"article:modified_time\" content=\"2024-11-17T17:18:32+00:00\" \/>\n<meta name=\"twitter:card\" content=\"summary_large_image\" \/>\n<script type=\"application\/ld+json\" class=\"yoast-schema-graph\">{\"@context\":\"https:\/\/schema.org\",\"@graph\":[{\"@type\":\"WebPage\",\"@id\":\"https:\/\/strandhotellet-blokhus.dk\/de\/wellness-und-massage\/\",\"url\":\"https:\/\/strandhotellet-blokhus.dk\/de\/wellness-und-massage\/\",\"name\":\"Wellness Blokhus | Wellness Hotel Blokhus | Wellnessophold\",\"isPartOf\":{\"@id\":\"https:\/\/strandhotellet-blokhus.dk\/de\/#website\"},\"datePublished\":\"2019-05-28T13:49:24+00:00\",\"dateModified\":\"2024-11-17T17:18:32+00:00\",\"description\":\"Har du brug for at fork\u00e6le din bedre halvdel? P\u00e5 Strandhotellet Blokhus i Nordjylland tilbyder vi gode rammer for fuld fork\u00e6lelse i vores wellness afdeling\",\"breadcrumb\":{\"@id\":\"https:\/\/strandhotellet-blokhus.dk\/de\/wellness-und-massage\/#breadcrumb\"},\"inLanguage\":\"de-DE\",\"potentialAction\":[{\"@type\":\"ReadAction\",\"target\":[\"https:\/\/strandhotellet-blokhus.dk\/de\/wellness-und-massage\/\"]}]},{\"@type\":\"BreadcrumbList\",\"@id\":\"https:\/\/strandhotellet-blokhus.dk\/de\/wellness-und-massage\/#breadcrumb\",\"itemListElement\":[{\"@type\":\"ListItem\",\"position\":1,\"name\":\"Hjem\",\"item\":\"https:\/\/strandhotellet-blokhus.dk\/de\/\"},{\"@type\":\"ListItem\",\"position\":2,\"name\":\"Wellness und massage\"}]},{\"@type\":\"WebSite\",\"@id\":\"https:\/\/strandhotellet-blokhus.dk\/de\/#website\",\"url\":\"https:\/\/strandhotellet-blokhus.dk\/de\/\",\"name\":\"Strandhotel Tysk\",\"description\":\"\",\"publisher\":{\"@id\":\"https:\/\/strandhotellet-blokhus.dk\/de\/#organization\"},\"potentialAction\":[{\"@type\":\"SearchAction\",\"target\":{\"@type\":\"EntryPoint\",\"urlTemplate\":\"https:\/\/strandhotellet-blokhus.dk\/de\/?s={search_term_string}\"},\"query-input\":\"required name=search_term_string\"}],\"inLanguage\":\"de-DE\"},{\"@type\":\"Organization\",\"@id\":\"https:\/\/strandhotellet-blokhus.dk\/de\/#organization\",\"name\":\"Strandhotel Tysk\",\"url\":\"https:\/\/strandhotellet-blokhus.dk\/de\/\",\"logo\":{\"@type\":\"ImageObject\",\"inLanguage\":\"de-DE\",\"@id\":\"https:\/\/strandhotellet-blokhus.dk\/de\/#\/schema\/logo\/image\/\",\"url\":\"https:\/\/strandhotellet-blokhus.dk\/de\/wp-content\/uploads\/sites\/3\/2019\/05\/Strandhotellet-Blokhus-logo.png\",\"contentUrl\":\"https:\/\/strandhotellet-blokhus.dk\/de\/wp-content\/uploads\/sites\/3\/2019\/05\/Strandhotellet-Blokhus-logo.png\",\"width\":280,\"height\":119,\"caption\":\"Strandhotel Tysk\"},\"image\":{\"@id\":\"https:\/\/strandhotellet-blokhus.dk\/de\/#\/schema\/logo\/image\/\"}}]}<\/script>\n<!-- \/ Yoast SEO plugin. -->","yoast_head_json":{"title":"Wellness Blokhus | Wellness Hotel Blokhus | Wellnessophold","description":"Har du brug for at fork\u00e6le din bedre halvdel? P\u00e5 Strandhotellet Blokhus i Nordjylland tilbyder vi gode rammer for fuld fork\u00e6lelse i vores wellness afdeling","robots":{"index":"index","follow":"follow","max-snippet":"max-snippet:-1","max-image-preview":"max-image-preview:large","max-video-preview":"max-video-preview:-1"},"canonical":"https:\/\/strandhotellet-blokhus.dk\/de\/wellness-und-massage\/","og_locale":"de_DE","og_type":"article","og_title":"Wellness Blokhus | Wellness Hotel Blokhus | Wellnessophold","og_description":"Har du brug for at fork\u00e6le din bedre halvdel? P\u00e5 Strandhotellet Blokhus i Nordjylland tilbyder vi gode rammer for fuld fork\u00e6lelse i vores wellness afdeling","og_url":"https:\/\/strandhotellet-blokhus.dk\/de\/wellness-und-massage\/","og_site_name":"Strandhotel Tysk","article_modified_time":"2024-11-17T17:18:32+00:00","twitter_card":"summary_large_image","schema":{"@context":"https:\/\/schema.org","@graph":[{"@type":"WebPage","@id":"https:\/\/strandhotellet-blokhus.dk\/de\/wellness-und-massage\/","url":"https:\/\/strandhotellet-blokhus.dk\/de\/wellness-und-massage\/","name":"Wellness Blokhus | Wellness Hotel Blokhus | Wellnessophold","isPartOf":{"@id":"https:\/\/strandhotellet-blokhus.dk\/de\/#website"},"datePublished":"2019-05-28T13:49:24+00:00","dateModified":"2024-11-17T17:18:32+00:00","description":"Har du brug for at fork\u00e6le din bedre halvdel? P\u00e5 Strandhotellet Blokhus i Nordjylland tilbyder vi gode rammer for fuld fork\u00e6lelse i vores wellness afdeling","breadcrumb":{"@id":"https:\/\/strandhotellet-blokhus.dk\/de\/wellness-und-massage\/#breadcrumb"},"inLanguage":"de-DE","potentialAction":[{"@type":"ReadAction","target":["https:\/\/strandhotellet-blokhus.dk\/de\/wellness-und-massage\/"]}]},{"@type":"BreadcrumbList","@id":"https:\/\/strandhotellet-blokhus.dk\/de\/wellness-und-massage\/#breadcrumb","itemListElement":[{"@type":"ListItem","position":1,"name":"Hjem","item":"https:\/\/strandhotellet-blokhus.dk\/de\/"},{"@type":"ListItem","position":2,"name":"Wellness und massage"}]},{"@type":"WebSite","@id":"https:\/\/strandhotellet-blokhus.dk\/de\/#website","url":"https:\/\/strandhotellet-blokhus.dk\/de\/","name":"Strandhotel Tysk","description":"","publisher":{"@id":"https:\/\/strandhotellet-blokhus.dk\/de\/#organization"},"potentialAction":[{"@type":"SearchAction","target":{"@type":"EntryPoint","urlTemplate":"https:\/\/strandhotellet-blokhus.dk\/de\/?s={search_term_string}"},"query-input":"required name=search_term_string"}],"inLanguage":"de-DE"},{"@type":"Organization","@id":"https:\/\/strandhotellet-blokhus.dk\/de\/#organization","name":"Strandhotel Tysk","url":"https:\/\/strandhotellet-blokhus.dk\/de\/","logo":{"@type":"ImageObject","inLanguage":"de-DE","@id":"https:\/\/strandhotellet-blokhus.dk\/de\/#\/schema\/logo\/image\/","url":"https:\/\/strandhotellet-blokhus.dk\/de\/wp-content\/uploads\/sites\/3\/2019\/05\/Strandhotellet-Blokhus-logo.png","contentUrl":"https:\/\/strandhotellet-blokhus.dk\/de\/wp-content\/uploads\/sites\/3\/2019\/05\/Strandhotellet-Blokhus-logo.png","width":280,"height":119,"caption":"Strandhotel Tysk"},"image":{"@id":"https:\/\/strandhotellet-blokhus.dk\/de\/#\/schema\/logo\/image\/"}}]}},"_links":{"self":[{"href":"https:\/\/strandhotellet-blokhus.dk\/de\/wp-json\/wp\/v2\/pages\/329"}],"collection":[{"href":"https:\/\/strandhotellet-blokhus.dk\/de\/wp-json\/wp\/v2\/pages"}],"about":[{"href":"https:\/\/strandhotellet-blokhus.dk\/de\/wp-json\/wp\/v2\/types\/page"}],"author":[{"embeddable":true,"href":"https:\/\/strandhotellet-blokhus.dk\/de\/wp-json\/wp\/v2\/users\/1"}],"replies":[{"embeddable":true,"href":"https:\/\/strandhotellet-blokhus.dk\/de\/wp-json\/wp\/v2\/comments?post=329"}],"version-history":[{"count":39,"href":"https:\/\/strandhotellet-blokhus.dk\/de\/wp-json\/wp\/v2\/pages\/329\/revisions"}],"predecessor-version":[{"id":1339,"href":"https:\/\/strandhotellet-blokhus.dk\/de\/wp-json\/wp\/v2\/pages\/329\/revisions\/1339"}],"wp:attachment":[{"href":"https:\/\/strandhotellet-blokhus.dk\/de\/wp-json\/wp\/v2\/media?parent=329"}],"curies":[{"name":"wp","href":"https:\/\/api.w.org\/{rel}","templated":true}]}}