{"id":429,"date":"2019-05-29T08:52:57","date_gmt":"2019-05-29T06:52:57","guid":{"rendered":"http:\/\/strandhotellet-blokhus.dk\/de\/?page_id=429"},"modified":"2023-01-12T14:15:32","modified_gmt":"2023-01-12T13:15:32","slug":"historische-wohnung","status":"publish","type":"page","link":"https:\/\/strandhotellet-blokhus.dk\/de\/historische-wohnung\/","title":{"rendered":"Wohnung"},"content":{"rendered":"","protected":false},"excerpt":{"rendered":"","protected":false},"author":1,"featured_media":0,"parent":0,"menu_order":0,"comment_status":"closed","ping_status":"closed","template":"","meta":[],"acf":{"show_banner":"yes","banner_image":{"ID":690,"id":690,"title":"Strandhotellet-Blokhus_lejlighed_sommerhus_nordjylland","filename":"Strandhotellet-Blokhus_lejlighed_sommerhus_nordjylland.jpg","filesize":154287,"url":"https:\/\/strandhotellet-blokhus.dk\/de\/wp-content\/uploads\/sites\/3\/2019\/05\/Strandhotellet-Blokhus_lejlighed_sommerhus_nordjylland.jpg","link":"https:\/\/strandhotellet-blokhus.dk\/de\/historische-wohnung\/strandhotellet-blokhus_lejlighed_sommerhus_nordjylland\/#main","alt":"","author":"1","description":"","caption":"","name":"strandhotellet-blokhus_lejlighed_sommerhus_nordjylland","status":"inherit","uploaded_to":429,"date":"2019-05-31 11:52:34","modified":"2019-05-31 11:52:34","menu_order":0,"mime_type":"image\/jpeg","type":"image","subtype":"jpeg","icon":"https:\/\/strandhotellet-blokhus.dk\/de\/wp-includes\/images\/media\/default.png","width":2000,"height":500,"sizes":{"thumbnail":"https:\/\/strandhotellet-blokhus.dk\/de\/wp-content\/uploads\/sites\/3\/2019\/05\/Strandhotellet-Blokhus_lejlighed_sommerhus_nordjylland-150x150.jpg","thumbnail-width":150,"thumbnail-height":150,"medium":"https:\/\/strandhotellet-blokhus.dk\/de\/wp-content\/uploads\/sites\/3\/2019\/05\/Strandhotellet-Blokhus_lejlighed_sommerhus_nordjylland-300x75.jpg","medium-width":300,"medium-height":75,"medium_large":"https:\/\/strandhotellet-blokhus.dk\/de\/wp-content\/uploads\/sites\/3\/2019\/05\/Strandhotellet-Blokhus_lejlighed_sommerhus_nordjylland-768x192.jpg","medium_large-width":768,"medium_large-height":192,"large":"https:\/\/strandhotellet-blokhus.dk\/de\/wp-content\/uploads\/sites\/3\/2019\/05\/Strandhotellet-Blokhus_lejlighed_sommerhus_nordjylland-1024x256.jpg","large-width":1024,"large-height":256,"1536x1536":"https:\/\/strandhotellet-blokhus.dk\/de\/wp-content\/uploads\/sites\/3\/2019\/05\/Strandhotellet-Blokhus_lejlighed_sommerhus_nordjylland.jpg","1536x1536-width":1536,"1536x1536-height":384,"2048x2048":"https:\/\/strandhotellet-blokhus.dk\/de\/wp-content\/uploads\/sites\/3\/2019\/05\/Strandhotellet-Blokhus_lejlighed_sommerhus_nordjylland.jpg","2048x2048-width":2000,"2048x2048-height":500}},"flex_content":[{"acf_fc_layout":"col_2_text_and_image_or_info_case","col6":null,"text":"<h1>Historische Apartmentwohnung<\/h1>\n<h6><span style=\"text-decoration: underline;\">NUR 1 MIN. VOM STRANDHOTTELET ENTFERNT<\/span><\/h6>\n<p>Wir vermieten zwei Apartmentwohnungen im historischen Kancellig\u00e5rd mit jeweils drei sch\u00f6nen und gem\u00fctlichen Zimmern.<\/p>\n<p>Das charmante und einzigartige Geb\u00e4ude wurde 1777 erbaut und steht heute unter Denkmalschutz. Das historische Geb\u00e4ude wurde behutsam renoviert. Entsprechend lassen sich in den Wohnungen viele originale Details finden.<\/p>\n<p>Die Apartmentwohnungen im Kancellig\u00e5rd sind vollst\u00e4ndig m\u00f6bliert und werden vom Hotel betreut. Die Einrichtung und die offenen R\u00e4ume sorgen f\u00fcr viel Licht und eine gem\u00fctliche Atmosph\u00e4re. Das Geb\u00e4ude hat eine hervorragende Lage im Ort mit kurzem Abstand zum Strand, dem Ortszentrum und der gr\u00fcnen Umgebung.<\/p>\n<p>Das im Preis inbegriffene Fr\u00fchst\u00fcck servieren wir im Restaurant des Hotels. In angenehmer Atmosph\u00e4re bieten wir Ihnen ein reiches Fr\u00fchst\u00fccksb\u00fcffet. Das Strandhottelet Blokhus liegt nur 1 min. Fu\u00dfweg entfernt.<\/p>\n<p>Sollten Sie sich selbst versorgen wollen, steht Ihnen eine vollausgestattete K\u00fcche zur Verf\u00fcgung. Beide Apartments haben jeweils einen Vorder- und Hintergarten und bieten viel Platz zur Entspannung oder die M\u00f6glichkeit f\u00fcr ein Barbecue. <em>Ein Grill steht nicht zur Verf\u00fcgung.<\/em><\/p>\n<p>Alle Angebote des Hotels sind im Preis inbegriffen, inklusive Wellness- und Fitnessbereich.<\/p>\n<p>Parkpl\u00e4tze befinden sich direkt am Haus. Alternativ kann am Hotel geparkt werden, wo es zus\u00e4tzlich eine Lades\u00e4ule f\u00fcr E-Autos gibt.<\/p>\n<p>\u00dcberlassen Sie die Reinigung dem Personal und genie\u00dfen Sie Ihren Aufenthalt.<\/p>\n","buttons":false,"col6_copy":null,"images":false,"show":"yes","info_text":"<h2 style=\"text-align: center;\"><span style=\"text-decoration: underline;\">Sch\u00f6ne Umgebung <\/span><\/h2>\n<p>Ein Aufenthalt in Strandhottelts\u00b4 Apartmentwohnungen beinhaltet:<\/p>\n<ul>\n<li>3 Zimmer (6 Personen)<\/li>\n<li>2 Badezimmer<\/li>\n<li>K\u00fcche<\/li>\n<li>Wohnzimmer<\/li>\n<li>Eigener Vorder- und Hintergarten<\/li>\n<li><em>M\u00f6glichkeit zu grillen <\/em><\/li>\n<li><em>Zugang zum Wellness- und Fitnessbereich<\/em><\/li>\n<li>Fr\u00fchst\u00fcck<\/li>\n<li>Wi-Fi<\/li>\n<\/ul>\n","info_button":{"title":"Jetzt buchen","url":" https:\/\/book.strandhotellet-blokhus.dk\/reserve\/de\/home","target":""}},{"acf_fc_layout":"col_1_insta_images","col12":null}],"show_formular":true,"text_over_form":""},"yoast_head":"<!-- This site is optimized with the Yoast SEO plugin v19.13 - https:\/\/yoast.com\/wordpress\/plugins\/seo\/ -->\n<title>Historische Wohnung - Strandhotellet Blokhus<\/title>\n<meta name=\"robots\" content=\"index, follow, max-snippet:-1, max-image-preview:large, max-video-preview:-1\" \/>\n<link rel=\"canonical\" href=\"https:\/\/strandhotellet-blokhus.dk\/de\/historische-wohnung\/\" \/>\n<meta property=\"og:locale\" content=\"de_DE\" \/>\n<meta property=\"og:type\" content=\"article\" \/>\n<meta property=\"og:title\" content=\"Historische Wohnung - Strandhotellet Blokhus\" \/>\n<meta property=\"og:url\" content=\"https:\/\/strandhotellet-blokhus.dk\/de\/historische-wohnung\/\" \/>\n<meta property=\"og:site_name\" content=\"Strandhotel Tysk\" \/>\n<meta property=\"article:modified_time\" content=\"2023-01-12T13:15:32+00:00\" \/>\n<meta name=\"twitter:card\" content=\"summary_large_image\" \/>\n<script type=\"application\/ld+json\" class=\"yoast-schema-graph\">{\"@context\":\"https:\/\/schema.org\",\"@graph\":[{\"@type\":\"WebPage\",\"@id\":\"https:\/\/strandhotellet-blokhus.dk\/de\/historische-wohnung\/\",\"url\":\"https:\/\/strandhotellet-blokhus.dk\/de\/historische-wohnung\/\",\"name\":\"Historische Wohnung - Strandhotellet Blokhus\",\"isPartOf\":{\"@id\":\"https:\/\/strandhotellet-blokhus.dk\/de\/#website\"},\"datePublished\":\"2019-05-29T06:52:57+00:00\",\"dateModified\":\"2023-01-12T13:15:32+00:00\",\"breadcrumb\":{\"@id\":\"https:\/\/strandhotellet-blokhus.dk\/de\/historische-wohnung\/#breadcrumb\"},\"inLanguage\":\"de-DE\",\"potentialAction\":[{\"@type\":\"ReadAction\",\"target\":[\"https:\/\/strandhotellet-blokhus.dk\/de\/historische-wohnung\/\"]}]},{\"@type\":\"BreadcrumbList\",\"@id\":\"https:\/\/strandhotellet-blokhus.dk\/de\/historische-wohnung\/#breadcrumb\",\"itemListElement\":[{\"@type\":\"ListItem\",\"position\":1,\"name\":\"Hjem\",\"item\":\"https:\/\/strandhotellet-blokhus.dk\/de\/\"},{\"@type\":\"ListItem\",\"position\":2,\"name\":\"Wohnung\"}]},{\"@type\":\"WebSite\",\"@id\":\"https:\/\/strandhotellet-blokhus.dk\/de\/#website\",\"url\":\"https:\/\/strandhotellet-blokhus.dk\/de\/\",\"name\":\"Strandhotel Tysk\",\"description\":\"\",\"publisher\":{\"@id\":\"https:\/\/strandhotellet-blokhus.dk\/de\/#organization\"},\"potentialAction\":[{\"@type\":\"SearchAction\",\"target\":{\"@type\":\"EntryPoint\",\"urlTemplate\":\"https:\/\/strandhotellet-blokhus.dk\/de\/?s={search_term_string}\"},\"query-input\":\"required name=search_term_string\"}],\"inLanguage\":\"de-DE\"},{\"@type\":\"Organization\",\"@id\":\"https:\/\/strandhotellet-blokhus.dk\/de\/#organization\",\"name\":\"Strandhotel Tysk\",\"url\":\"https:\/\/strandhotellet-blokhus.dk\/de\/\",\"logo\":{\"@type\":\"ImageObject\",\"inLanguage\":\"de-DE\",\"@id\":\"https:\/\/strandhotellet-blokhus.dk\/de\/#\/schema\/logo\/image\/\",\"url\":\"https:\/\/strandhotellet-blokhus.dk\/de\/wp-content\/uploads\/sites\/3\/2019\/05\/Strandhotellet-Blokhus-logo.png\",\"contentUrl\":\"https:\/\/strandhotellet-blokhus.dk\/de\/wp-content\/uploads\/sites\/3\/2019\/05\/Strandhotellet-Blokhus-logo.png\",\"width\":280,\"height\":119,\"caption\":\"Strandhotel Tysk\"},\"image\":{\"@id\":\"https:\/\/strandhotellet-blokhus.dk\/de\/#\/schema\/logo\/image\/\"}}]}<\/script>\n<!-- \/ Yoast SEO plugin. -->","yoast_head_json":{"title":"Historische Wohnung - Strandhotellet Blokhus","robots":{"index":"index","follow":"follow","max-snippet":"max-snippet:-1","max-image-preview":"max-image-preview:large","max-video-preview":"max-video-preview:-1"},"canonical":"https:\/\/strandhotellet-blokhus.dk\/de\/historische-wohnung\/","og_locale":"de_DE","og_type":"article","og_title":"Historische Wohnung - Strandhotellet Blokhus","og_url":"https:\/\/strandhotellet-blokhus.dk\/de\/historische-wohnung\/","og_site_name":"Strandhotel Tysk","article_modified_time":"2023-01-12T13:15:32+00:00","twitter_card":"summary_large_image","schema":{"@context":"https:\/\/schema.org","@graph":[{"@type":"WebPage","@id":"https:\/\/strandhotellet-blokhus.dk\/de\/historische-wohnung\/","url":"https:\/\/strandhotellet-blokhus.dk\/de\/historische-wohnung\/","name":"Historische Wohnung - Strandhotellet Blokhus","isPartOf":{"@id":"https:\/\/strandhotellet-blokhus.dk\/de\/#website"},"datePublished":"2019-05-29T06:52:57+00:00","dateModified":"2023-01-12T13:15:32+00:00","breadcrumb":{"@id":"https:\/\/strandhotellet-blokhus.dk\/de\/historische-wohnung\/#breadcrumb"},"inLanguage":"de-DE","potentialAction":[{"@type":"ReadAction","target":["https:\/\/strandhotellet-blokhus.dk\/de\/historische-wohnung\/"]}]},{"@type":"BreadcrumbList","@id":"https:\/\/strandhotellet-blokhus.dk\/de\/historische-wohnung\/#breadcrumb","itemListElement":[{"@type":"ListItem","position":1,"name":"Hjem","item":"https:\/\/strandhotellet-blokhus.dk\/de\/"},{"@type":"ListItem","position":2,"name":"Wohnung"}]},{"@type":"WebSite","@id":"https:\/\/strandhotellet-blokhus.dk\/de\/#website","url":"https:\/\/strandhotellet-blokhus.dk\/de\/","name":"Strandhotel Tysk","description":"","publisher":{"@id":"https:\/\/strandhotellet-blokhus.dk\/de\/#organization"},"potentialAction":[{"@type":"SearchAction","target":{"@type":"EntryPoint","urlTemplate":"https:\/\/strandhotellet-blokhus.dk\/de\/?s={search_term_string}"},"query-input":"required name=search_term_string"}],"inLanguage":"de-DE"},{"@type":"Organization","@id":"https:\/\/strandhotellet-blokhus.dk\/de\/#organization","name":"Strandhotel Tysk","url":"https:\/\/strandhotellet-blokhus.dk\/de\/","logo":{"@type":"ImageObject","inLanguage":"de-DE","@id":"https:\/\/strandhotellet-blokhus.dk\/de\/#\/schema\/logo\/image\/","url":"https:\/\/strandhotellet-blokhus.dk\/de\/wp-content\/uploads\/sites\/3\/2019\/05\/Strandhotellet-Blokhus-logo.png","contentUrl":"https:\/\/strandhotellet-blokhus.dk\/de\/wp-content\/uploads\/sites\/3\/2019\/05\/Strandhotellet-Blokhus-logo.png","width":280,"height":119,"caption":"Strandhotel Tysk"},"image":{"@id":"https:\/\/strandhotellet-blokhus.dk\/de\/#\/schema\/logo\/image\/"}}]}},"_links":{"self":[{"href":"https:\/\/strandhotellet-blokhus.dk\/de\/wp-json\/wp\/v2\/pages\/429"}],"collection":[{"href":"https:\/\/strandhotellet-blokhus.dk\/de\/wp-json\/wp\/v2\/pages"}],"about":[{"href":"https:\/\/strandhotellet-blokhus.dk\/de\/wp-json\/wp\/v2\/types\/page"}],"author":[{"embeddable":true,"href":"https:\/\/strandhotellet-blokhus.dk\/de\/wp-json\/wp\/v2\/users\/1"}],"replies":[{"embeddable":true,"href":"https:\/\/strandhotellet-blokhus.dk\/de\/wp-json\/wp\/v2\/comments?post=429"}],"version-history":[{"count":16,"href":"https:\/\/strandhotellet-blokhus.dk\/de\/wp-json\/wp\/v2\/pages\/429\/revisions"}],"predecessor-version":[{"id":1321,"href":"https:\/\/strandhotellet-blokhus.dk\/de\/wp-json\/wp\/v2\/pages\/429\/revisions\/1321"}],"wp:attachment":[{"href":"https:\/\/strandhotellet-blokhus.dk\/de\/wp-json\/wp\/v2\/media?parent=429"}],"curies":[{"name":"wp","href":"https:\/\/api.w.org\/{rel}","templated":true}]}}