{"id":463,"date":"2019-05-29T09:39:08","date_gmt":"2019-05-29T07:39:08","guid":{"rendered":"http:\/\/strandhotellet-blokhus.dk\/de\/?page_id=463"},"modified":"2020-10-30T13:50:02","modified_gmt":"2020-10-30T12:50:02","slug":"das-restaurant-im-strandhotellet","status":"publish","type":"page","link":"https:\/\/strandhotellet-blokhus.dk\/de\/das-restaurant-im-strandhotellet\/","title":{"rendered":"Das Restaurant im Strandhotellet"},"content":{"rendered":"","protected":false},"excerpt":{"rendered":"","protected":false},"author":1,"featured_media":0,"parent":0,"menu_order":0,"comment_status":"closed","ping_status":"closed","template":"","meta":[],"acf":{"show_banner":"yes","banner_image":{"ID":141,"id":141,"title":"Strandhotellet-Blokhus_RAISFOTO_9836","filename":"Strandhotellet-Blokhus_RAISFOTO_9836.jpg","filesize":79826,"url":"https:\/\/strandhotellet-blokhus.dk\/de\/wp-content\/uploads\/sites\/3\/2019\/05\/Strandhotellet-Blokhus_RAISFOTO_9836.jpg","link":"https:\/\/strandhotellet-blokhus.dk\/de\/luxus-aufenthalt\/strandhotellet-blokhus_raisfoto_9836\/#main","alt":"","author":"1","description":"","caption":"","name":"strandhotellet-blokhus_raisfoto_9836","status":"inherit","uploaded_to":948,"date":"2019-05-24 12:11:03","modified":"2019-06-28 08:56:05","menu_order":0,"mime_type":"image\/jpeg","type":"image","subtype":"jpeg","icon":"https:\/\/strandhotellet-blokhus.dk\/de\/wp-includes\/images\/media\/default.png","width":1200,"height":800,"sizes":{"thumbnail":"https:\/\/strandhotellet-blokhus.dk\/de\/wp-content\/uploads\/sites\/3\/2019\/05\/Strandhotellet-Blokhus_RAISFOTO_9836-150x150.jpg","thumbnail-width":150,"thumbnail-height":150,"medium":"https:\/\/strandhotellet-blokhus.dk\/de\/wp-content\/uploads\/sites\/3\/2019\/05\/Strandhotellet-Blokhus_RAISFOTO_9836-300x200.jpg","medium-width":300,"medium-height":200,"medium_large":"https:\/\/strandhotellet-blokhus.dk\/de\/wp-content\/uploads\/sites\/3\/2019\/05\/Strandhotellet-Blokhus_RAISFOTO_9836-768x512.jpg","medium_large-width":768,"medium_large-height":512,"large":"https:\/\/strandhotellet-blokhus.dk\/de\/wp-content\/uploads\/sites\/3\/2019\/05\/Strandhotellet-Blokhus_RAISFOTO_9836-1024x683.jpg","large-width":1024,"large-height":683,"1536x1536":"https:\/\/strandhotellet-blokhus.dk\/de\/wp-content\/uploads\/sites\/3\/2019\/05\/Strandhotellet-Blokhus_RAISFOTO_9836.jpg","1536x1536-width":1200,"1536x1536-height":800,"2048x2048":"https:\/\/strandhotellet-blokhus.dk\/de\/wp-content\/uploads\/sites\/3\/2019\/05\/Strandhotellet-Blokhus_RAISFOTO_9836.jpg","2048x2048-width":1200,"2048x2048-height":800}},"flex_content":[{"acf_fc_layout":"col_2_text_and_image_or_info_case","col6":null,"text":"<h1>Das Restaurant im Strandhotellet<\/h1>\n<h6><span style=\"text-decoration: underline;\">LOKALE ZUTATEN UND OHNE KOMPROMISSE<\/span><\/h6>\n<p>Unser erfahrenes K\u00fcchenteam kreiert einzigartige kulinarische Erlebnisse. Durch unsere Lage in Nordj\u00fctland und der unmittelbaren N\u00e4he zur Nordsee, spielen die Delikatessen des Meeres nat\u00fcrlicherweise eine wichtige Rolle auf unserer Speisekarte. Des Weiteren stehen Fleisch und Gem\u00fcse von lokalen Erzeugern im Fokus unserer saisonalen Menus.<\/p>\n<p>Im Strandhotellet ist das Restaurant gedacht als ein Ort f\u00fcr ein herrliches Mittagessen oder das perfekte Dinner \u2013 f\u00fcr Hausg\u00e4ste und externe G\u00e4ste gleicherma\u00dfen.<br \/>\nDie skandinavisch-sch\u00f6ne Inneneinrichtung, mit rustikalen Eichendielen und dem offenen Kamin schafft eine exklusive Stimmung, die gleicherma\u00dfen entspannt und leger ist.<\/p>\n<p>Wir laden unsere G\u00e4ste alternativ dazu ein in der Orangerie Platz zunehmen und den ungest\u00f6rten Blick in den sch\u00f6n angelegten Innenhof zu genie\u00dfen.<br \/>\nIm Sommer ist der Innenhof selbst ein beliebter Ort f\u00fcr ein entspanntes Mittagessen oder den Nachmittagskaffee. Eine kleine gr\u00fcne Oase mit ihrem pl\u00e4tschernden Bach.<\/p>\n<p>Im Strandhotellet trifft Tradition auf Moderne und schafft so in puncto Kulinarik und Design ein einzigartiges Erlebnis in entspannter Atmosph\u00e4re.<\/p>\n<p>In unserem Restaurant Bl\u00e5, servieren wir alle Mahlzeiten des Tages. Ganz gleich ob Fr\u00fchst\u00fcck, Mittag- oder Abendessen sind neben unseren Hausg\u00e4sten auch externe G\u00e4ste herzlich Willkommen. Unser erfahrenes K\u00fcchenteam ist bereit und freut sich darauf Ihren Gaumen verw\u00f6hnen zu d\u00fcrfen.<\/p>\n<p>Im Rahmen unseres Luxus-Aufenthalts nimmt unser Chefkoch Sie mit auf eine ganz besondere kulinarische Reise. Die Gerichte k\u00f6nnen je nach Wunsch im Restaurant, der Orangerie oder im Garten serviert werden.<\/p>\n<p>Wenn Sie andere Restaurants im Ort probieren m\u00f6chten, bietet Blokhus eine breite Auswahl. Vom Fischrestaurant bis zum klassischen Steakhaus ist f\u00fcr jeden Geschmack etwas dabei.<\/p>\n<p>Guten Appetit.<\/p>\n","buttons":false,"col6_copy":null,"images":[{"image":{"ID":722,"id":722,"title":"Strandhotellet-Blokhus_RAISFOTO_9933-400x600","filename":"Strandhotellet-Blokhus_RAISFOTO_9933-400x600.jpg","filesize":37122,"url":"https:\/\/strandhotellet-blokhus.dk\/de\/wp-content\/uploads\/sites\/3\/2019\/06\/Strandhotellet-Blokhus_RAISFOTO_9933-400x600.jpg","link":"https:\/\/strandhotellet-blokhus.dk\/de\/das-restaurant-im-strandhotellet\/strandhotellet-blokhus_raisfoto_9933-400x600\/#main","alt":"","author":"1","description":"","caption":"","name":"strandhotellet-blokhus_raisfoto_9933-400x600","status":"inherit","uploaded_to":463,"date":"2019-06-04 07:40:43","modified":"2019-06-04 07:40:43","menu_order":0,"mime_type":"image\/jpeg","type":"image","subtype":"jpeg","icon":"https:\/\/strandhotellet-blokhus.dk\/de\/wp-includes\/images\/media\/default.png","width":400,"height":600,"sizes":{"thumbnail":"https:\/\/strandhotellet-blokhus.dk\/de\/wp-content\/uploads\/sites\/3\/2019\/06\/Strandhotellet-Blokhus_RAISFOTO_9933-400x600-150x150.jpg","thumbnail-width":150,"thumbnail-height":150,"medium":"https:\/\/strandhotellet-blokhus.dk\/de\/wp-content\/uploads\/sites\/3\/2019\/06\/Strandhotellet-Blokhus_RAISFOTO_9933-400x600-200x300.jpg","medium-width":200,"medium-height":300,"medium_large":"https:\/\/strandhotellet-blokhus.dk\/de\/wp-content\/uploads\/sites\/3\/2019\/06\/Strandhotellet-Blokhus_RAISFOTO_9933-400x600.jpg","medium_large-width":400,"medium_large-height":600,"large":"https:\/\/strandhotellet-blokhus.dk\/de\/wp-content\/uploads\/sites\/3\/2019\/06\/Strandhotellet-Blokhus_RAISFOTO_9933-400x600.jpg","large-width":400,"large-height":600,"1536x1536":"https:\/\/strandhotellet-blokhus.dk\/de\/wp-content\/uploads\/sites\/3\/2019\/06\/Strandhotellet-Blokhus_RAISFOTO_9933-400x600.jpg","1536x1536-width":400,"1536x1536-height":600,"2048x2048":"https:\/\/strandhotellet-blokhus.dk\/de\/wp-content\/uploads\/sites\/3\/2019\/06\/Strandhotellet-Blokhus_RAISFOTO_9933-400x600.jpg","2048x2048-width":400,"2048x2048-height":600}}},{"image":{"ID":723,"id":723,"title":"Strandhotellet-Blokhus_RAISFOTO_9780-400x267","filename":"Strandhotellet-Blokhus_RAISFOTO_9780-400x267.jpg","filesize":14873,"url":"https:\/\/strandhotellet-blokhus.dk\/de\/wp-content\/uploads\/sites\/3\/2019\/06\/Strandhotellet-Blokhus_RAISFOTO_9780-400x267.jpg","link":"https:\/\/strandhotellet-blokhus.dk\/de\/das-restaurant-im-strandhotellet\/strandhotellet-blokhus_raisfoto_9780-400x267\/#main","alt":"","author":"1","description":"","caption":"","name":"strandhotellet-blokhus_raisfoto_9780-400x267","status":"inherit","uploaded_to":463,"date":"2019-06-04 07:40:47","modified":"2019-06-04 07:40:47","menu_order":0,"mime_type":"image\/jpeg","type":"image","subtype":"jpeg","icon":"https:\/\/strandhotellet-blokhus.dk\/de\/wp-includes\/images\/media\/default.png","width":400,"height":267,"sizes":{"thumbnail":"https:\/\/strandhotellet-blokhus.dk\/de\/wp-content\/uploads\/sites\/3\/2019\/06\/Strandhotellet-Blokhus_RAISFOTO_9780-400x267-150x150.jpg","thumbnail-width":150,"thumbnail-height":150,"medium":"https:\/\/strandhotellet-blokhus.dk\/de\/wp-content\/uploads\/sites\/3\/2019\/06\/Strandhotellet-Blokhus_RAISFOTO_9780-400x267-300x200.jpg","medium-width":300,"medium-height":200,"medium_large":"https:\/\/strandhotellet-blokhus.dk\/de\/wp-content\/uploads\/sites\/3\/2019\/06\/Strandhotellet-Blokhus_RAISFOTO_9780-400x267.jpg","medium_large-width":400,"medium_large-height":267,"large":"https:\/\/strandhotellet-blokhus.dk\/de\/wp-content\/uploads\/sites\/3\/2019\/06\/Strandhotellet-Blokhus_RAISFOTO_9780-400x267.jpg","large-width":400,"large-height":267,"1536x1536":"https:\/\/strandhotellet-blokhus.dk\/de\/wp-content\/uploads\/sites\/3\/2019\/06\/Strandhotellet-Blokhus_RAISFOTO_9780-400x267.jpg","1536x1536-width":400,"1536x1536-height":267,"2048x2048":"https:\/\/strandhotellet-blokhus.dk\/de\/wp-content\/uploads\/sites\/3\/2019\/06\/Strandhotellet-Blokhus_RAISFOTO_9780-400x267.jpg","2048x2048-width":400,"2048x2048-height":267}}},{"image":{"ID":724,"id":724,"title":"Strandhotellet-Blokhus_RAISFOTO_9698-400x267","filename":"Strandhotellet-Blokhus_RAISFOTO_9698-400x267.jpg","filesize":22983,"url":"https:\/\/strandhotellet-blokhus.dk\/de\/wp-content\/uploads\/sites\/3\/2019\/06\/Strandhotellet-Blokhus_RAISFOTO_9698-400x267.jpg","link":"https:\/\/strandhotellet-blokhus.dk\/de\/das-restaurant-im-strandhotellet\/strandhotellet-blokhus_raisfoto_9698-400x267\/#main","alt":"","author":"1","description":"","caption":"","name":"strandhotellet-blokhus_raisfoto_9698-400x267","status":"inherit","uploaded_to":463,"date":"2019-06-04 07:40:57","modified":"2019-06-04 07:40:57","menu_order":0,"mime_type":"image\/jpeg","type":"image","subtype":"jpeg","icon":"https:\/\/strandhotellet-blokhus.dk\/de\/wp-includes\/images\/media\/default.png","width":400,"height":267,"sizes":{"thumbnail":"https:\/\/strandhotellet-blokhus.dk\/de\/wp-content\/uploads\/sites\/3\/2019\/06\/Strandhotellet-Blokhus_RAISFOTO_9698-400x267-150x150.jpg","thumbnail-width":150,"thumbnail-height":150,"medium":"https:\/\/strandhotellet-blokhus.dk\/de\/wp-content\/uploads\/sites\/3\/2019\/06\/Strandhotellet-Blokhus_RAISFOTO_9698-400x267-300x200.jpg","medium-width":300,"medium-height":200,"medium_large":"https:\/\/strandhotellet-blokhus.dk\/de\/wp-content\/uploads\/sites\/3\/2019\/06\/Strandhotellet-Blokhus_RAISFOTO_9698-400x267.jpg","medium_large-width":400,"medium_large-height":267,"large":"https:\/\/strandhotellet-blokhus.dk\/de\/wp-content\/uploads\/sites\/3\/2019\/06\/Strandhotellet-Blokhus_RAISFOTO_9698-400x267.jpg","large-width":400,"large-height":267,"1536x1536":"https:\/\/strandhotellet-blokhus.dk\/de\/wp-content\/uploads\/sites\/3\/2019\/06\/Strandhotellet-Blokhus_RAISFOTO_9698-400x267.jpg","1536x1536-width":400,"1536x1536-height":267,"2048x2048":"https:\/\/strandhotellet-blokhus.dk\/de\/wp-content\/uploads\/sites\/3\/2019\/06\/Strandhotellet-Blokhus_RAISFOTO_9698-400x267.jpg","2048x2048-width":400,"2048x2048-height":267}}}],"show":"no","info_text":"","info_button":null},{"acf_fc_layout":"col_2_case_with_image_text_link","col12":null,"setup":"3grid","bg_color":"grey","text":"<h6 style=\"text-align: center;\">LASSEN SIE SICH AN DER NORDSEE VERW\u00d6HNEN<\/h6>\n<h2 style=\"text-align: center;\">Aufenthalte die verf\u00fchren<\/h2>\n","cases":[{"bg":{"ID":229,"id":229,"title":"Getaway-ophold_Strandhotellet-Blokhus","filename":"Getaway-ophold_Strandhotellet-Blokhus-e1558964563172.jpg","filesize":18371,"url":"https:\/\/strandhotellet-blokhus.dk\/de\/wp-content\/uploads\/sites\/3\/2019\/05\/Getaway-ophold_Strandhotellet-Blokhus-e1558964563172.jpg","link":"https:\/\/strandhotellet-blokhus.dk\/de\/hund-und-katze\/getaway-ophold_strandhotellet-blokhus\/#main","alt":"","author":"1","description":"","caption":"","name":"getaway-ophold_strandhotellet-blokhus","status":"inherit","uploaded_to":228,"date":"2019-05-27 13:42:21","modified":"2019-05-27 13:42:21","menu_order":0,"mime_type":"image\/jpeg","type":"image","subtype":"jpeg","icon":"https:\/\/strandhotellet-blokhus.dk\/de\/wp-includes\/images\/media\/default.png","width":500,"height":283,"sizes":{"thumbnail":"https:\/\/strandhotellet-blokhus.dk\/de\/wp-content\/uploads\/sites\/3\/2019\/05\/Getaway-ophold_Strandhotellet-Blokhus-e1558964563172-150x150.jpg","thumbnail-width":150,"thumbnail-height":150,"medium":"https:\/\/strandhotellet-blokhus.dk\/de\/wp-content\/uploads\/sites\/3\/2019\/05\/Getaway-ophold_Strandhotellet-Blokhus-e1558964563172-300x170.jpg","medium-width":300,"medium-height":170,"medium_large":"https:\/\/strandhotellet-blokhus.dk\/de\/wp-content\/uploads\/sites\/3\/2019\/05\/Getaway-ophold_Strandhotellet-Blokhus-e1558964563172.jpg","medium_large-width":500,"medium_large-height":283,"large":"https:\/\/strandhotellet-blokhus.dk\/de\/wp-content\/uploads\/sites\/3\/2019\/05\/Getaway-ophold_Strandhotellet-Blokhus-e1558964563172.jpg","large-width":500,"large-height":283,"1536x1536":"https:\/\/strandhotellet-blokhus.dk\/de\/wp-content\/uploads\/sites\/3\/2019\/05\/Getaway-ophold_Strandhotellet-Blokhus-e1558964563172.jpg","1536x1536-width":500,"1536x1536-height":283,"2048x2048":"https:\/\/strandhotellet-blokhus.dk\/de\/wp-content\/uploads\/sites\/3\/2019\/05\/Getaway-ophold_Strandhotellet-Blokhus-e1558964563172.jpg","2048x2048-width":500,"2048x2048-height":283}},"titel":"Getaway Aufenthalt","text":"Eine Verschnaufpause vom Alltag \u2013 lassen Sie sich verw\u00f6hnen.","link":{"title":"Siehe details","url":"http:\/\/strandhotellet-blokhus.dk\/de\/getaway-aufenthalt\/","target":""}},{"bg":{"ID":230,"id":230,"title":"Klassisk-ophold_Strandhotellet-Blokhus","filename":"Klassisk-ophold_Strandhotellet-Blokhus-e1558964611156.jpg","filesize":24379,"url":"https:\/\/strandhotellet-blokhus.dk\/de\/wp-content\/uploads\/sites\/3\/2019\/05\/Klassisk-ophold_Strandhotellet-Blokhus-e1558964611156.jpg","link":"https:\/\/strandhotellet-blokhus.dk\/de\/hund-und-katze\/klassisk-ophold_strandhotellet-blokhus\/#main","alt":"","author":"1","description":"","caption":"","name":"klassisk-ophold_strandhotellet-blokhus","status":"inherit","uploaded_to":228,"date":"2019-05-27 13:42:21","modified":"2019-05-27 13:42:21","menu_order":0,"mime_type":"image\/jpeg","type":"image","subtype":"jpeg","icon":"https:\/\/strandhotellet-blokhus.dk\/de\/wp-includes\/images\/media\/default.png","width":500,"height":282,"sizes":{"thumbnail":"https:\/\/strandhotellet-blokhus.dk\/de\/wp-content\/uploads\/sites\/3\/2019\/05\/Klassisk-ophold_Strandhotellet-Blokhus-e1558964611156-150x150.jpg","thumbnail-width":150,"thumbnail-height":150,"medium":"https:\/\/strandhotellet-blokhus.dk\/de\/wp-content\/uploads\/sites\/3\/2019\/05\/Klassisk-ophold_Strandhotellet-Blokhus-e1558964611156-300x169.jpg","medium-width":300,"medium-height":169,"medium_large":"https:\/\/strandhotellet-blokhus.dk\/de\/wp-content\/uploads\/sites\/3\/2019\/05\/Klassisk-ophold_Strandhotellet-Blokhus-e1558964611156.jpg","medium_large-width":500,"medium_large-height":282,"large":"https:\/\/strandhotellet-blokhus.dk\/de\/wp-content\/uploads\/sites\/3\/2019\/05\/Klassisk-ophold_Strandhotellet-Blokhus-e1558964611156.jpg","large-width":500,"large-height":282,"1536x1536":"https:\/\/strandhotellet-blokhus.dk\/de\/wp-content\/uploads\/sites\/3\/2019\/05\/Klassisk-ophold_Strandhotellet-Blokhus-e1558964611156.jpg","1536x1536-width":500,"1536x1536-height":282,"2048x2048":"https:\/\/strandhotellet-blokhus.dk\/de\/wp-content\/uploads\/sites\/3\/2019\/05\/Klassisk-ophold_Strandhotellet-Blokhus-e1558964611156.jpg","2048x2048-width":500,"2048x2048-height":282}},"titel":"Klassischer Aufenthalt","text":"Lassen Sie sich von morgens bis abends auf H\u00e4nden tragen.","link":{"title":"Siehe details","url":"http:\/\/strandhotellet-blokhus.dk\/de\/klassischer-aufenthalt\/","target":""}},{"bg":{"ID":231,"id":231,"title":"Gourmet-ophold_Strandhotellet-Blokhus","filename":"Gourmet-ophold_Strandhotellet-Blokhus-e1558964657142.jpg","filesize":44789,"url":"https:\/\/strandhotellet-blokhus.dk\/de\/wp-content\/uploads\/sites\/3\/2019\/05\/Gourmet-ophold_Strandhotellet-Blokhus-e1558964657142.jpg","link":"https:\/\/strandhotellet-blokhus.dk\/de\/hund-und-katze\/gourmet-ophold_strandhotellet-blokhus\/#main","alt":"","author":"1","description":"","caption":"","name":"gourmet-ophold_strandhotellet-blokhus","status":"inherit","uploaded_to":228,"date":"2019-05-27 13:42:22","modified":"2019-05-27 13:42:22","menu_order":0,"mime_type":"image\/jpeg","type":"image","subtype":"jpeg","icon":"https:\/\/strandhotellet-blokhus.dk\/de\/wp-includes\/images\/media\/default.png","width":500,"height":281,"sizes":{"thumbnail":"https:\/\/strandhotellet-blokhus.dk\/de\/wp-content\/uploads\/sites\/3\/2019\/05\/Gourmet-ophold_Strandhotellet-Blokhus-e1558964657142-150x150.jpg","thumbnail-width":150,"thumbnail-height":150,"medium":"https:\/\/strandhotellet-blokhus.dk\/de\/wp-content\/uploads\/sites\/3\/2019\/05\/Gourmet-ophold_Strandhotellet-Blokhus-e1558964657142-300x169.jpg","medium-width":300,"medium-height":169,"medium_large":"https:\/\/strandhotellet-blokhus.dk\/de\/wp-content\/uploads\/sites\/3\/2019\/05\/Gourmet-ophold_Strandhotellet-Blokhus-e1558964657142.jpg","medium_large-width":500,"medium_large-height":281,"large":"https:\/\/strandhotellet-blokhus.dk\/de\/wp-content\/uploads\/sites\/3\/2019\/05\/Gourmet-ophold_Strandhotellet-Blokhus-e1558964657142.jpg","large-width":500,"large-height":281,"1536x1536":"https:\/\/strandhotellet-blokhus.dk\/de\/wp-content\/uploads\/sites\/3\/2019\/05\/Gourmet-ophold_Strandhotellet-Blokhus-e1558964657142.jpg","1536x1536-width":500,"1536x1536-height":281,"2048x2048":"https:\/\/strandhotellet-blokhus.dk\/de\/wp-content\/uploads\/sites\/3\/2019\/05\/Gourmet-ophold_Strandhotellet-Blokhus-e1558964657142.jpg","2048x2048-width":500,"2048x2048-height":281}},"titel":"Luxus Aufenthalt","text":"Kitzeln Sie Ihre Geschmacksnerven mit exquisiten Abendessen und Wein.","link":{"title":"Siehe details","url":"https:\/\/strandhotellet-blokhus.dk\/de\/luxus-aufenthalt\/","target":""}}]},{"acf_fc_layout":"col_1_insta_images","col12":null}],"show_formular":true,"text_over_form":""},"yoast_head":"<!-- This site is optimized with the Yoast SEO plugin v19.13 - https:\/\/yoast.com\/wordpress\/plugins\/seo\/ -->\n<title>Restaurant i Blokhus | L\u00e6kker Fiskerestaurant hos Strandhotellet Blokhus<\/title>\n<meta name=\"description\" content=\"Om det er en middag for 2 eller en familiefest, loves der en indholdsrig oplevelse. Lad Strandhotellet Blokhus fork\u00e6le smagsl\u00f8gene med l\u00e6kre r\u00e5varer. Klik\" \/>\n<meta name=\"robots\" content=\"index, follow, max-snippet:-1, max-image-preview:large, max-video-preview:-1\" \/>\n<link rel=\"canonical\" href=\"https:\/\/strandhotellet-blokhus.dk\/de\/das-restaurant-im-strandhotellet\/\" \/>\n<meta property=\"og:locale\" content=\"de_DE\" \/>\n<meta property=\"og:type\" content=\"article\" \/>\n<meta property=\"og:title\" content=\"Restaurant i Blokhus | L\u00e6kker Fiskerestaurant hos Strandhotellet Blokhus\" \/>\n<meta property=\"og:description\" content=\"Om det er en middag for 2 eller en familiefest, loves der en indholdsrig oplevelse. Lad Strandhotellet Blokhus fork\u00e6le smagsl\u00f8gene med l\u00e6kre r\u00e5varer. Klik\" \/>\n<meta property=\"og:url\" content=\"https:\/\/strandhotellet-blokhus.dk\/de\/das-restaurant-im-strandhotellet\/\" \/>\n<meta property=\"og:site_name\" content=\"Strandhotel Tysk\" \/>\n<meta property=\"article:modified_time\" content=\"2020-10-30T12:50:02+00:00\" \/>\n<meta name=\"twitter:card\" content=\"summary_large_image\" \/>\n<script type=\"application\/ld+json\" class=\"yoast-schema-graph\">{\"@context\":\"https:\/\/schema.org\",\"@graph\":[{\"@type\":\"WebPage\",\"@id\":\"https:\/\/strandhotellet-blokhus.dk\/de\/das-restaurant-im-strandhotellet\/\",\"url\":\"https:\/\/strandhotellet-blokhus.dk\/de\/das-restaurant-im-strandhotellet\/\",\"name\":\"Restaurant i Blokhus | L\u00e6kker Fiskerestaurant hos Strandhotellet Blokhus\",\"isPartOf\":{\"@id\":\"https:\/\/strandhotellet-blokhus.dk\/de\/#website\"},\"datePublished\":\"2019-05-29T07:39:08+00:00\",\"dateModified\":\"2020-10-30T12:50:02+00:00\",\"description\":\"Om det er en middag for 2 eller en familiefest, loves der en indholdsrig oplevelse. Lad Strandhotellet Blokhus fork\u00e6le smagsl\u00f8gene med l\u00e6kre r\u00e5varer. Klik\",\"breadcrumb\":{\"@id\":\"https:\/\/strandhotellet-blokhus.dk\/de\/das-restaurant-im-strandhotellet\/#breadcrumb\"},\"inLanguage\":\"de-DE\",\"potentialAction\":[{\"@type\":\"ReadAction\",\"target\":[\"https:\/\/strandhotellet-blokhus.dk\/de\/das-restaurant-im-strandhotellet\/\"]}]},{\"@type\":\"BreadcrumbList\",\"@id\":\"https:\/\/strandhotellet-blokhus.dk\/de\/das-restaurant-im-strandhotellet\/#breadcrumb\",\"itemListElement\":[{\"@type\":\"ListItem\",\"position\":1,\"name\":\"Hjem\",\"item\":\"https:\/\/strandhotellet-blokhus.dk\/de\/\"},{\"@type\":\"ListItem\",\"position\":2,\"name\":\"Das Restaurant im Strandhotellet\"}]},{\"@type\":\"WebSite\",\"@id\":\"https:\/\/strandhotellet-blokhus.dk\/de\/#website\",\"url\":\"https:\/\/strandhotellet-blokhus.dk\/de\/\",\"name\":\"Strandhotel Tysk\",\"description\":\"\",\"publisher\":{\"@id\":\"https:\/\/strandhotellet-blokhus.dk\/de\/#organization\"},\"potentialAction\":[{\"@type\":\"SearchAction\",\"target\":{\"@type\":\"EntryPoint\",\"urlTemplate\":\"https:\/\/strandhotellet-blokhus.dk\/de\/?s={search_term_string}\"},\"query-input\":\"required name=search_term_string\"}],\"inLanguage\":\"de-DE\"},{\"@type\":\"Organization\",\"@id\":\"https:\/\/strandhotellet-blokhus.dk\/de\/#organization\",\"name\":\"Strandhotel Tysk\",\"url\":\"https:\/\/strandhotellet-blokhus.dk\/de\/\",\"logo\":{\"@type\":\"ImageObject\",\"inLanguage\":\"de-DE\",\"@id\":\"https:\/\/strandhotellet-blokhus.dk\/de\/#\/schema\/logo\/image\/\",\"url\":\"https:\/\/strandhotellet-blokhus.dk\/de\/wp-content\/uploads\/sites\/3\/2019\/05\/Strandhotellet-Blokhus-logo.png\",\"contentUrl\":\"https:\/\/strandhotellet-blokhus.dk\/de\/wp-content\/uploads\/sites\/3\/2019\/05\/Strandhotellet-Blokhus-logo.png\",\"width\":280,\"height\":119,\"caption\":\"Strandhotel Tysk\"},\"image\":{\"@id\":\"https:\/\/strandhotellet-blokhus.dk\/de\/#\/schema\/logo\/image\/\"}}]}<\/script>\n<!-- \/ Yoast SEO plugin. -->","yoast_head_json":{"title":"Restaurant i Blokhus | L\u00e6kker Fiskerestaurant hos Strandhotellet Blokhus","description":"Om det er en middag for 2 eller en familiefest, loves der en indholdsrig oplevelse. Lad Strandhotellet Blokhus fork\u00e6le smagsl\u00f8gene med l\u00e6kre r\u00e5varer. Klik","robots":{"index":"index","follow":"follow","max-snippet":"max-snippet:-1","max-image-preview":"max-image-preview:large","max-video-preview":"max-video-preview:-1"},"canonical":"https:\/\/strandhotellet-blokhus.dk\/de\/das-restaurant-im-strandhotellet\/","og_locale":"de_DE","og_type":"article","og_title":"Restaurant i Blokhus | L\u00e6kker Fiskerestaurant hos Strandhotellet Blokhus","og_description":"Om det er en middag for 2 eller en familiefest, loves der en indholdsrig oplevelse. Lad Strandhotellet Blokhus fork\u00e6le smagsl\u00f8gene med l\u00e6kre r\u00e5varer. Klik","og_url":"https:\/\/strandhotellet-blokhus.dk\/de\/das-restaurant-im-strandhotellet\/","og_site_name":"Strandhotel Tysk","article_modified_time":"2020-10-30T12:50:02+00:00","twitter_card":"summary_large_image","schema":{"@context":"https:\/\/schema.org","@graph":[{"@type":"WebPage","@id":"https:\/\/strandhotellet-blokhus.dk\/de\/das-restaurant-im-strandhotellet\/","url":"https:\/\/strandhotellet-blokhus.dk\/de\/das-restaurant-im-strandhotellet\/","name":"Restaurant i Blokhus | L\u00e6kker Fiskerestaurant hos Strandhotellet Blokhus","isPartOf":{"@id":"https:\/\/strandhotellet-blokhus.dk\/de\/#website"},"datePublished":"2019-05-29T07:39:08+00:00","dateModified":"2020-10-30T12:50:02+00:00","description":"Om det er en middag for 2 eller en familiefest, loves der en indholdsrig oplevelse. Lad Strandhotellet Blokhus fork\u00e6le smagsl\u00f8gene med l\u00e6kre r\u00e5varer. Klik","breadcrumb":{"@id":"https:\/\/strandhotellet-blokhus.dk\/de\/das-restaurant-im-strandhotellet\/#breadcrumb"},"inLanguage":"de-DE","potentialAction":[{"@type":"ReadAction","target":["https:\/\/strandhotellet-blokhus.dk\/de\/das-restaurant-im-strandhotellet\/"]}]},{"@type":"BreadcrumbList","@id":"https:\/\/strandhotellet-blokhus.dk\/de\/das-restaurant-im-strandhotellet\/#breadcrumb","itemListElement":[{"@type":"ListItem","position":1,"name":"Hjem","item":"https:\/\/strandhotellet-blokhus.dk\/de\/"},{"@type":"ListItem","position":2,"name":"Das Restaurant im Strandhotellet"}]},{"@type":"WebSite","@id":"https:\/\/strandhotellet-blokhus.dk\/de\/#website","url":"https:\/\/strandhotellet-blokhus.dk\/de\/","name":"Strandhotel Tysk","description":"","publisher":{"@id":"https:\/\/strandhotellet-blokhus.dk\/de\/#organization"},"potentialAction":[{"@type":"SearchAction","target":{"@type":"EntryPoint","urlTemplate":"https:\/\/strandhotellet-blokhus.dk\/de\/?s={search_term_string}"},"query-input":"required name=search_term_string"}],"inLanguage":"de-DE"},{"@type":"Organization","@id":"https:\/\/strandhotellet-blokhus.dk\/de\/#organization","name":"Strandhotel Tysk","url":"https:\/\/strandhotellet-blokhus.dk\/de\/","logo":{"@type":"ImageObject","inLanguage":"de-DE","@id":"https:\/\/strandhotellet-blokhus.dk\/de\/#\/schema\/logo\/image\/","url":"https:\/\/strandhotellet-blokhus.dk\/de\/wp-content\/uploads\/sites\/3\/2019\/05\/Strandhotellet-Blokhus-logo.png","contentUrl":"https:\/\/strandhotellet-blokhus.dk\/de\/wp-content\/uploads\/sites\/3\/2019\/05\/Strandhotellet-Blokhus-logo.png","width":280,"height":119,"caption":"Strandhotel Tysk"},"image":{"@id":"https:\/\/strandhotellet-blokhus.dk\/de\/#\/schema\/logo\/image\/"}}]}},"_links":{"self":[{"href":"https:\/\/strandhotellet-blokhus.dk\/de\/wp-json\/wp\/v2\/pages\/463"}],"collection":[{"href":"https:\/\/strandhotellet-blokhus.dk\/de\/wp-json\/wp\/v2\/pages"}],"about":[{"href":"https:\/\/strandhotellet-blokhus.dk\/de\/wp-json\/wp\/v2\/types\/page"}],"author":[{"embeddable":true,"href":"https:\/\/strandhotellet-blokhus.dk\/de\/wp-json\/wp\/v2\/users\/1"}],"replies":[{"embeddable":true,"href":"https:\/\/strandhotellet-blokhus.dk\/de\/wp-json\/wp\/v2\/comments?post=463"}],"version-history":[{"count":32,"href":"https:\/\/strandhotellet-blokhus.dk\/de\/wp-json\/wp\/v2\/pages\/463\/revisions"}],"predecessor-version":[{"id":1281,"href":"https:\/\/strandhotellet-blokhus.dk\/de\/wp-json\/wp\/v2\/pages\/463\/revisions\/1281"}],"wp:attachment":[{"href":"https:\/\/strandhotellet-blokhus.dk\/de\/wp-json\/wp\/v2\/media?parent=463"}],"curies":[{"name":"wp","href":"https:\/\/api.w.org\/{rel}","templated":true}]}}