{"id":553,"date":"2019-05-29T13:18:09","date_gmt":"2019-05-29T11:18:09","guid":{"rendered":"http:\/\/strandhotellet-blokhus.dk\/de\/?page_id=553"},"modified":"2023-01-12T14:16:17","modified_gmt":"2023-01-12T13:16:17","slug":"klassischer-aufenthalt","status":"publish","type":"page","link":"https:\/\/strandhotellet-blokhus.dk\/de\/klassischer-aufenthalt\/","title":{"rendered":"Klassischer aufenthalt"},"content":{"rendered":"","protected":false},"excerpt":{"rendered":"","protected":false},"author":1,"featured_media":0,"parent":0,"menu_order":0,"comment_status":"closed","ping_status":"closed","template":"","meta":[],"acf":{"show_banner":"yes","banner_image":{"ID":319,"id":319,"title":"vinterbadning-i-blokhus","filename":"vinterbadning-i-blokhus-2.jpg","filesize":102106,"url":"https:\/\/strandhotellet-blokhus.dk\/de\/wp-content\/uploads\/sites\/3\/2019\/05\/vinterbadning-i-blokhus-2.jpg","link":"https:\/\/strandhotellet-blokhus.dk\/de\/blokhus\/vinterbadning-i-blokhus-3\/#main","alt":"","author":"1","description":"","caption":"","name":"vinterbadning-i-blokhus-3","status":"inherit","uploaded_to":934,"date":"2019-05-28 13:43:25","modified":"2019-06-28 08:45:22","menu_order":0,"mime_type":"image\/jpeg","type":"image","subtype":"jpeg","icon":"https:\/\/strandhotellet-blokhus.dk\/de\/wp-includes\/images\/media\/default.png","width":2000,"height":500,"sizes":{"thumbnail":"https:\/\/strandhotellet-blokhus.dk\/de\/wp-content\/uploads\/sites\/3\/2019\/05\/vinterbadning-i-blokhus-2-150x150.jpg","thumbnail-width":150,"thumbnail-height":150,"medium":"https:\/\/strandhotellet-blokhus.dk\/de\/wp-content\/uploads\/sites\/3\/2019\/05\/vinterbadning-i-blokhus-2-300x75.jpg","medium-width":300,"medium-height":75,"medium_large":"https:\/\/strandhotellet-blokhus.dk\/de\/wp-content\/uploads\/sites\/3\/2019\/05\/vinterbadning-i-blokhus-2-768x192.jpg","medium_large-width":768,"medium_large-height":192,"large":"https:\/\/strandhotellet-blokhus.dk\/de\/wp-content\/uploads\/sites\/3\/2019\/05\/vinterbadning-i-blokhus-2-1024x256.jpg","large-width":1024,"large-height":256,"1536x1536":"https:\/\/strandhotellet-blokhus.dk\/de\/wp-content\/uploads\/sites\/3\/2019\/05\/vinterbadning-i-blokhus-2.jpg","1536x1536-width":1536,"1536x1536-height":384,"2048x2048":"https:\/\/strandhotellet-blokhus.dk\/de\/wp-content\/uploads\/sites\/3\/2019\/05\/vinterbadning-i-blokhus-2.jpg","2048x2048-width":2000,"2048x2048-height":500}},"flex_content":[{"acf_fc_layout":"col_2_text_and_image_or_info_case","col6":null,"text":"<h1>Klassischer Aufenthalt<\/h1>\n<h6><span style=\"text-decoration: underline;\">ZWEI TAGE VOLLER GENUSS<\/span><\/h6>\n<p>Ein klassischer Aufenthalt im Strandhotellet ist wie eine Reise in die gute, alte Zeit der d\u00e4nischen Badehotels. Man kann das Leben genie\u00dfen und sich stets an den reichgedeckten Tisch setzten, sobald einen der Hunger dr\u00e4ngt.<\/p>\n<p>Umgeben von Natur, Meer und dem gem\u00fctlichen Badeort Blokhus k\u00f6nnen Sie sich zur\u00fccklehnen und sich verw\u00f6hnen lassen.<\/p>\n<p><strong>Anreisetag<\/strong><\/p>\n<ul>\n<li>Check-in ab 15.00 Uhr<\/li>\n<li>Kaffee\/Tee und Geb\u00e4ck in unserer gem\u00fctlichen Lounge oder im Garten<\/li>\n<li>Ein ausgew\u00e4hltes 3 G\u00e4nge Men\u00fc von unserem K\u00fcchenchef in unserem Restaurant Bl\u00e5<\/li>\n<li>Anschlie\u00dfend Kaffee mit hausgemachtem Konfekt<\/li>\n<\/ul>\n<p><strong>Tag 2<\/strong><br \/>\nNach dem Aufstehen erwartet Sie ein herrliches Fr\u00fchst\u00fcck mit frisch gebr\u00fchtem Kaffee. Den Tag verbringen Sie am besten in der wundersch\u00f6nen Natur, st\u00f6bern durch die \u00f6rtlichen Gesch\u00e4fte oder tuen was immer Ihnen auch gef\u00e4llt \u2013 wir helfen Ihnen gerne bei der Entscheidung.<\/p>\n<p>Zum Mittagessen empfehlen wir einen Besuch im historischen Restaurant Futten oder probieren Sie Strandhotellets\u2019 leckeres Sm\u00f8rrebr\u00f8d.<\/p>\n<ul>\n<li>Strandhotellets\u00b4 Fr\u00fchst\u00fccksbuffet servieren wir Ihnen werktags von 7.00 bis 10.00, sonn- und feiertags von 7.30 \u2013 10.30.<\/li>\n<li>Ein ausgew\u00e4hltes 3 G\u00e4nge Men\u00fc von unserem K\u00fcchenchef<\/li>\n<li>Anschlie\u00dfend Kaffee mit hausgemachtem Konfekt<\/li>\n<\/ul>\n<p><strong>Abreisetag<\/strong><br \/>\nIhr Aufenthalt endet mit unserem Fr\u00fchst\u00fcck. Check-out bis 11.00 Uhr.<\/p>\n<p><strong>Preise<\/strong><br \/>\nDie Preise variieren nach Zimmerkategorie, Saison und Wochentag.<\/p>\n<p>Der Aufenthalt beinhaltet dar\u00fcber hinaus Zugang zum Wellnessbereich, kostenlose Minibar im Zimmer und Internetzugang.<\/p>\n<p>Preise exklusive Getr\u00e4nke zum Menu.<\/p>\n<p>Anreise an allen Tagen. Es besteht die M\u00f6glichkeit den Aufenthalt um weitere N\u00e4chte zu verl\u00e4ngern.<\/p>\n","buttons":false,"col6_copy":null,"images":false,"show":"yes","info_text":"<h2 style=\"text-align: center;\"><span style=\"text-decoration: underline;\">Wir m\u00f6chten Sie verw\u00f6hnen<\/span><\/h2>\n<p>Geschmackvolle, freundliche Zimmer. Perfekt f\u00fcr einen ruhigen und erholsamen Aufenthalt.<\/p>\n<ul>\n<li>King und Queen Size Betten (1.80 \/ 1.60)<\/li>\n<li>48\u201d LED TV mit internationalen Kan\u00e4len<\/li>\n<li>Kaffeemaschine<\/li>\n<li>Bademantel und Slipper<\/li>\n<li>Wasserkocher<\/li>\n<li>Kostenloses Highspeed WLAN<\/li>\n<li>Safe<\/li>\n<\/ul>\n","info_button":{"title":"Jetzt buchen","url":" https:\/\/book.strandhotellet-blokhus.dk\/reserve\/de\/home","target":""}},{"acf_fc_layout":"col_2_case_with_image_text_link","col12":null,"setup":"3grid","bg_color":"grey","text":"<h6 style=\"text-align: center;\">LASSEN SIE SICH AN DER NORDSEE VERW\u00d6HNEN<\/h6>\n<h1 style=\"text-align: center;\">Aufenthalte die verf\u00fchren<\/h1>\n","cases":[{"bg":{"ID":229,"id":229,"title":"Getaway-ophold_Strandhotellet-Blokhus","filename":"Getaway-ophold_Strandhotellet-Blokhus-e1558964563172.jpg","filesize":18371,"url":"https:\/\/strandhotellet-blokhus.dk\/de\/wp-content\/uploads\/sites\/3\/2019\/05\/Getaway-ophold_Strandhotellet-Blokhus-e1558964563172.jpg","link":"https:\/\/strandhotellet-blokhus.dk\/de\/hund-und-katze\/getaway-ophold_strandhotellet-blokhus\/#main","alt":"","author":"1","description":"","caption":"","name":"getaway-ophold_strandhotellet-blokhus","status":"inherit","uploaded_to":228,"date":"2019-05-27 13:42:21","modified":"2019-05-27 13:42:21","menu_order":0,"mime_type":"image\/jpeg","type":"image","subtype":"jpeg","icon":"https:\/\/strandhotellet-blokhus.dk\/de\/wp-includes\/images\/media\/default.png","width":500,"height":283,"sizes":{"thumbnail":"https:\/\/strandhotellet-blokhus.dk\/de\/wp-content\/uploads\/sites\/3\/2019\/05\/Getaway-ophold_Strandhotellet-Blokhus-e1558964563172-150x150.jpg","thumbnail-width":150,"thumbnail-height":150,"medium":"https:\/\/strandhotellet-blokhus.dk\/de\/wp-content\/uploads\/sites\/3\/2019\/05\/Getaway-ophold_Strandhotellet-Blokhus-e1558964563172-300x170.jpg","medium-width":300,"medium-height":170,"medium_large":"https:\/\/strandhotellet-blokhus.dk\/de\/wp-content\/uploads\/sites\/3\/2019\/05\/Getaway-ophold_Strandhotellet-Blokhus-e1558964563172.jpg","medium_large-width":500,"medium_large-height":283,"large":"https:\/\/strandhotellet-blokhus.dk\/de\/wp-content\/uploads\/sites\/3\/2019\/05\/Getaway-ophold_Strandhotellet-Blokhus-e1558964563172.jpg","large-width":500,"large-height":283,"1536x1536":"https:\/\/strandhotellet-blokhus.dk\/de\/wp-content\/uploads\/sites\/3\/2019\/05\/Getaway-ophold_Strandhotellet-Blokhus-e1558964563172.jpg","1536x1536-width":500,"1536x1536-height":283,"2048x2048":"https:\/\/strandhotellet-blokhus.dk\/de\/wp-content\/uploads\/sites\/3\/2019\/05\/Getaway-ophold_Strandhotellet-Blokhus-e1558964563172.jpg","2048x2048-width":500,"2048x2048-height":283}},"titel":"Getaway Aufenthalt","text":"Eine Verschnaufpause vom Alltag \u2013 lassen Sie sich verw\u00f6hnen","link":{"title":"Siehe details","url":"http:\/\/strandhotellet-blokhus.dk\/de\/getaway-aufenthalt\/","target":""}},{"bg":{"ID":231,"id":231,"title":"Gourmet-ophold_Strandhotellet-Blokhus","filename":"Gourmet-ophold_Strandhotellet-Blokhus-e1558964657142.jpg","filesize":44789,"url":"https:\/\/strandhotellet-blokhus.dk\/de\/wp-content\/uploads\/sites\/3\/2019\/05\/Gourmet-ophold_Strandhotellet-Blokhus-e1558964657142.jpg","link":"https:\/\/strandhotellet-blokhus.dk\/de\/hund-und-katze\/gourmet-ophold_strandhotellet-blokhus\/#main","alt":"","author":"1","description":"","caption":"","name":"gourmet-ophold_strandhotellet-blokhus","status":"inherit","uploaded_to":228,"date":"2019-05-27 13:42:22","modified":"2019-05-27 13:42:22","menu_order":0,"mime_type":"image\/jpeg","type":"image","subtype":"jpeg","icon":"https:\/\/strandhotellet-blokhus.dk\/de\/wp-includes\/images\/media\/default.png","width":500,"height":281,"sizes":{"thumbnail":"https:\/\/strandhotellet-blokhus.dk\/de\/wp-content\/uploads\/sites\/3\/2019\/05\/Gourmet-ophold_Strandhotellet-Blokhus-e1558964657142-150x150.jpg","thumbnail-width":150,"thumbnail-height":150,"medium":"https:\/\/strandhotellet-blokhus.dk\/de\/wp-content\/uploads\/sites\/3\/2019\/05\/Gourmet-ophold_Strandhotellet-Blokhus-e1558964657142-300x169.jpg","medium-width":300,"medium-height":169,"medium_large":"https:\/\/strandhotellet-blokhus.dk\/de\/wp-content\/uploads\/sites\/3\/2019\/05\/Gourmet-ophold_Strandhotellet-Blokhus-e1558964657142.jpg","medium_large-width":500,"medium_large-height":281,"large":"https:\/\/strandhotellet-blokhus.dk\/de\/wp-content\/uploads\/sites\/3\/2019\/05\/Gourmet-ophold_Strandhotellet-Blokhus-e1558964657142.jpg","large-width":500,"large-height":281,"1536x1536":"https:\/\/strandhotellet-blokhus.dk\/de\/wp-content\/uploads\/sites\/3\/2019\/05\/Gourmet-ophold_Strandhotellet-Blokhus-e1558964657142.jpg","1536x1536-width":500,"1536x1536-height":281,"2048x2048":"https:\/\/strandhotellet-blokhus.dk\/de\/wp-content\/uploads\/sites\/3\/2019\/05\/Gourmet-ophold_Strandhotellet-Blokhus-e1558964657142.jpg","2048x2048-width":500,"2048x2048-height":281}},"titel":"Luxus Aufenthalt","text":"Kitzeln Sie Ihre Geschmacksnerven mit exquisiten Abendessen und Wein.","link":{"title":"Siehe details","url":"https:\/\/strandhotellet-blokhus.dk\/de\/luxus-aufenthalte\/","target":""}},{"bg":{"ID":230,"id":230,"title":"Klassisk-ophold_Strandhotellet-Blokhus","filename":"Klassisk-ophold_Strandhotellet-Blokhus-e1558964611156.jpg","filesize":24379,"url":"https:\/\/strandhotellet-blokhus.dk\/de\/wp-content\/uploads\/sites\/3\/2019\/05\/Klassisk-ophold_Strandhotellet-Blokhus-e1558964611156.jpg","link":"https:\/\/strandhotellet-blokhus.dk\/de\/hund-und-katze\/klassisk-ophold_strandhotellet-blokhus\/#main","alt":"","author":"1","description":"","caption":"","name":"klassisk-ophold_strandhotellet-blokhus","status":"inherit","uploaded_to":228,"date":"2019-05-27 13:42:21","modified":"2019-05-27 13:42:21","menu_order":0,"mime_type":"image\/jpeg","type":"image","subtype":"jpeg","icon":"https:\/\/strandhotellet-blokhus.dk\/de\/wp-includes\/images\/media\/default.png","width":500,"height":282,"sizes":{"thumbnail":"https:\/\/strandhotellet-blokhus.dk\/de\/wp-content\/uploads\/sites\/3\/2019\/05\/Klassisk-ophold_Strandhotellet-Blokhus-e1558964611156-150x150.jpg","thumbnail-width":150,"thumbnail-height":150,"medium":"https:\/\/strandhotellet-blokhus.dk\/de\/wp-content\/uploads\/sites\/3\/2019\/05\/Klassisk-ophold_Strandhotellet-Blokhus-e1558964611156-300x169.jpg","medium-width":300,"medium-height":169,"medium_large":"https:\/\/strandhotellet-blokhus.dk\/de\/wp-content\/uploads\/sites\/3\/2019\/05\/Klassisk-ophold_Strandhotellet-Blokhus-e1558964611156.jpg","medium_large-width":500,"medium_large-height":282,"large":"https:\/\/strandhotellet-blokhus.dk\/de\/wp-content\/uploads\/sites\/3\/2019\/05\/Klassisk-ophold_Strandhotellet-Blokhus-e1558964611156.jpg","large-width":500,"large-height":282,"1536x1536":"https:\/\/strandhotellet-blokhus.dk\/de\/wp-content\/uploads\/sites\/3\/2019\/05\/Klassisk-ophold_Strandhotellet-Blokhus-e1558964611156.jpg","1536x1536-width":500,"1536x1536-height":282,"2048x2048":"https:\/\/strandhotellet-blokhus.dk\/de\/wp-content\/uploads\/sites\/3\/2019\/05\/Klassisk-ophold_Strandhotellet-Blokhus-e1558964611156.jpg","2048x2048-width":500,"2048x2048-height":282}},"titel":"Klassischer Aufenthalt","text":"Lassen Sie sich von morgens bis abends auf H\u00e4nden tragen","link":{"title":"Siehe details","url":"https:\/\/strandhotellet-blokhus.dk\/de\/klassischer-aufenthalt\/","target":""}}]},{"acf_fc_layout":"col_1_insta_images","col12":null}],"show_formular":true,"text_over_form":""},"yoast_head":"<!-- This site is optimized with the Yoast SEO plugin v19.13 - https:\/\/yoast.com\/wordpress\/plugins\/seo\/ -->\n<title>Klassischer Aufenthalt - Strandhotellet Blokhus<\/title>\n<meta name=\"robots\" content=\"index, follow, max-snippet:-1, max-image-preview:large, max-video-preview:-1\" \/>\n<link rel=\"canonical\" href=\"https:\/\/strandhotellet-blokhus.dk\/de\/klassischer-aufenthalt\/\" \/>\n<meta property=\"og:locale\" content=\"de_DE\" \/>\n<meta property=\"og:type\" content=\"article\" \/>\n<meta property=\"og:title\" content=\"Klassischer Aufenthalt - Strandhotellet Blokhus\" \/>\n<meta property=\"og:url\" content=\"https:\/\/strandhotellet-blokhus.dk\/de\/klassischer-aufenthalt\/\" \/>\n<meta property=\"og:site_name\" content=\"Strandhotel Tysk\" \/>\n<meta property=\"article:modified_time\" content=\"2023-01-12T13:16:17+00:00\" \/>\n<meta name=\"twitter:card\" content=\"summary_large_image\" \/>\n<script type=\"application\/ld+json\" class=\"yoast-schema-graph\">{\"@context\":\"https:\/\/schema.org\",\"@graph\":[{\"@type\":\"WebPage\",\"@id\":\"https:\/\/strandhotellet-blokhus.dk\/de\/klassischer-aufenthalt\/\",\"url\":\"https:\/\/strandhotellet-blokhus.dk\/de\/klassischer-aufenthalt\/\",\"name\":\"Klassischer Aufenthalt - Strandhotellet Blokhus\",\"isPartOf\":{\"@id\":\"https:\/\/strandhotellet-blokhus.dk\/de\/#website\"},\"datePublished\":\"2019-05-29T11:18:09+00:00\",\"dateModified\":\"2023-01-12T13:16:17+00:00\",\"breadcrumb\":{\"@id\":\"https:\/\/strandhotellet-blokhus.dk\/de\/klassischer-aufenthalt\/#breadcrumb\"},\"inLanguage\":\"de-DE\",\"potentialAction\":[{\"@type\":\"ReadAction\",\"target\":[\"https:\/\/strandhotellet-blokhus.dk\/de\/klassischer-aufenthalt\/\"]}]},{\"@type\":\"BreadcrumbList\",\"@id\":\"https:\/\/strandhotellet-blokhus.dk\/de\/klassischer-aufenthalt\/#breadcrumb\",\"itemListElement\":[{\"@type\":\"ListItem\",\"position\":1,\"name\":\"Hjem\",\"item\":\"https:\/\/strandhotellet-blokhus.dk\/de\/\"},{\"@type\":\"ListItem\",\"position\":2,\"name\":\"Klassischer aufenthalt\"}]},{\"@type\":\"WebSite\",\"@id\":\"https:\/\/strandhotellet-blokhus.dk\/de\/#website\",\"url\":\"https:\/\/strandhotellet-blokhus.dk\/de\/\",\"name\":\"Strandhotel Tysk\",\"description\":\"\",\"publisher\":{\"@id\":\"https:\/\/strandhotellet-blokhus.dk\/de\/#organization\"},\"potentialAction\":[{\"@type\":\"SearchAction\",\"target\":{\"@type\":\"EntryPoint\",\"urlTemplate\":\"https:\/\/strandhotellet-blokhus.dk\/de\/?s={search_term_string}\"},\"query-input\":\"required name=search_term_string\"}],\"inLanguage\":\"de-DE\"},{\"@type\":\"Organization\",\"@id\":\"https:\/\/strandhotellet-blokhus.dk\/de\/#organization\",\"name\":\"Strandhotel Tysk\",\"url\":\"https:\/\/strandhotellet-blokhus.dk\/de\/\",\"logo\":{\"@type\":\"ImageObject\",\"inLanguage\":\"de-DE\",\"@id\":\"https:\/\/strandhotellet-blokhus.dk\/de\/#\/schema\/logo\/image\/\",\"url\":\"https:\/\/strandhotellet-blokhus.dk\/de\/wp-content\/uploads\/sites\/3\/2019\/05\/Strandhotellet-Blokhus-logo.png\",\"contentUrl\":\"https:\/\/strandhotellet-blokhus.dk\/de\/wp-content\/uploads\/sites\/3\/2019\/05\/Strandhotellet-Blokhus-logo.png\",\"width\":280,\"height\":119,\"caption\":\"Strandhotel Tysk\"},\"image\":{\"@id\":\"https:\/\/strandhotellet-blokhus.dk\/de\/#\/schema\/logo\/image\/\"}}]}<\/script>\n<!-- \/ Yoast SEO plugin. -->","yoast_head_json":{"title":"Klassischer Aufenthalt - Strandhotellet Blokhus","robots":{"index":"index","follow":"follow","max-snippet":"max-snippet:-1","max-image-preview":"max-image-preview:large","max-video-preview":"max-video-preview:-1"},"canonical":"https:\/\/strandhotellet-blokhus.dk\/de\/klassischer-aufenthalt\/","og_locale":"de_DE","og_type":"article","og_title":"Klassischer Aufenthalt - Strandhotellet Blokhus","og_url":"https:\/\/strandhotellet-blokhus.dk\/de\/klassischer-aufenthalt\/","og_site_name":"Strandhotel Tysk","article_modified_time":"2023-01-12T13:16:17+00:00","twitter_card":"summary_large_image","schema":{"@context":"https:\/\/schema.org","@graph":[{"@type":"WebPage","@id":"https:\/\/strandhotellet-blokhus.dk\/de\/klassischer-aufenthalt\/","url":"https:\/\/strandhotellet-blokhus.dk\/de\/klassischer-aufenthalt\/","name":"Klassischer Aufenthalt - Strandhotellet Blokhus","isPartOf":{"@id":"https:\/\/strandhotellet-blokhus.dk\/de\/#website"},"datePublished":"2019-05-29T11:18:09+00:00","dateModified":"2023-01-12T13:16:17+00:00","breadcrumb":{"@id":"https:\/\/strandhotellet-blokhus.dk\/de\/klassischer-aufenthalt\/#breadcrumb"},"inLanguage":"de-DE","potentialAction":[{"@type":"ReadAction","target":["https:\/\/strandhotellet-blokhus.dk\/de\/klassischer-aufenthalt\/"]}]},{"@type":"BreadcrumbList","@id":"https:\/\/strandhotellet-blokhus.dk\/de\/klassischer-aufenthalt\/#breadcrumb","itemListElement":[{"@type":"ListItem","position":1,"name":"Hjem","item":"https:\/\/strandhotellet-blokhus.dk\/de\/"},{"@type":"ListItem","position":2,"name":"Klassischer aufenthalt"}]},{"@type":"WebSite","@id":"https:\/\/strandhotellet-blokhus.dk\/de\/#website","url":"https:\/\/strandhotellet-blokhus.dk\/de\/","name":"Strandhotel Tysk","description":"","publisher":{"@id":"https:\/\/strandhotellet-blokhus.dk\/de\/#organization"},"potentialAction":[{"@type":"SearchAction","target":{"@type":"EntryPoint","urlTemplate":"https:\/\/strandhotellet-blokhus.dk\/de\/?s={search_term_string}"},"query-input":"required name=search_term_string"}],"inLanguage":"de-DE"},{"@type":"Organization","@id":"https:\/\/strandhotellet-blokhus.dk\/de\/#organization","name":"Strandhotel Tysk","url":"https:\/\/strandhotellet-blokhus.dk\/de\/","logo":{"@type":"ImageObject","inLanguage":"de-DE","@id":"https:\/\/strandhotellet-blokhus.dk\/de\/#\/schema\/logo\/image\/","url":"https:\/\/strandhotellet-blokhus.dk\/de\/wp-content\/uploads\/sites\/3\/2019\/05\/Strandhotellet-Blokhus-logo.png","contentUrl":"https:\/\/strandhotellet-blokhus.dk\/de\/wp-content\/uploads\/sites\/3\/2019\/05\/Strandhotellet-Blokhus-logo.png","width":280,"height":119,"caption":"Strandhotel Tysk"},"image":{"@id":"https:\/\/strandhotellet-blokhus.dk\/de\/#\/schema\/logo\/image\/"}}]}},"_links":{"self":[{"href":"https:\/\/strandhotellet-blokhus.dk\/de\/wp-json\/wp\/v2\/pages\/553"}],"collection":[{"href":"https:\/\/strandhotellet-blokhus.dk\/de\/wp-json\/wp\/v2\/pages"}],"about":[{"href":"https:\/\/strandhotellet-blokhus.dk\/de\/wp-json\/wp\/v2\/types\/page"}],"author":[{"embeddable":true,"href":"https:\/\/strandhotellet-blokhus.dk\/de\/wp-json\/wp\/v2\/users\/1"}],"replies":[{"embeddable":true,"href":"https:\/\/strandhotellet-blokhus.dk\/de\/wp-json\/wp\/v2\/comments?post=553"}],"version-history":[{"count":25,"href":"https:\/\/strandhotellet-blokhus.dk\/de\/wp-json\/wp\/v2\/pages\/553\/revisions"}],"predecessor-version":[{"id":1323,"href":"https:\/\/strandhotellet-blokhus.dk\/de\/wp-json\/wp\/v2\/pages\/553\/revisions\/1323"}],"wp:attachment":[{"href":"https:\/\/strandhotellet-blokhus.dk\/de\/wp-json\/wp\/v2\/media?parent=553"}],"curies":[{"name":"wp","href":"https:\/\/api.w.org\/{rel}","templated":true}]}}