{"id":7,"date":"2019-05-22T10:16:02","date_gmt":"2019-05-22T08:16:02","guid":{"rendered":"http:\/\/strandhotellet-blokhus.dk\/de\/?page_id=7"},"modified":"2020-10-30T13:38:36","modified_gmt":"2020-10-30T12:38:36","slug":"forside","status":"publish","type":"page","link":"https:\/\/strandhotellet-blokhus.dk\/de\/","title":{"rendered":"Forside"},"content":{"rendered":"","protected":false},"excerpt":{"rendered":"","protected":false},"author":1,"featured_media":0,"parent":0,"menu_order":0,"comment_status":"closed","ping_status":"closed","template":"","meta":[],"acf":{"flex_content":[{"acf_fc_layout":"col_2_text_and_image_or_info_case","col6":null,"text":"<h1>Strandhotellet Blokhus<\/h1>\n<h6><span style=\"text-decoration: underline;\">DAS EXKLUSIVE BADEHOTEL<\/span><\/h6>\n<p>Nur wenige hundert Meter vom weitl\u00e4ufigen, wei\u00dfen Nordseestrand, in Nordj\u00fctland, einer der sch\u00f6nsten Ferienregionen D\u00e4nemarks, liegt das Stranhotellet Blokhus \u2013 ein Sehnsuchtsort f\u00fcr alle Romantiker. Das luxuri\u00f6se Badehotel liegt ca. 30 Minuten Autofahrt vom Stadtzentrum Aalborgs und dem Flughafen entfernt.<\/p>\n<p>Das Hotel wurde im Jahr 2017 er\u00f6ffnet und ist eine geschmackvolle, zeitgen\u00f6ssische Interpretation des klassischen d\u00e4nischen Badehotels. Mit viel Liebe zum Detail wurde eine einzigartige Verbindung aus Alt und Neu geschaffen. Die Inneneinrichtung ist eine stilvolle Mischung aus Antiquit\u00e4ten und neuen M\u00f6beln in modernen Formen und Farben.<\/p>\n<p>Die Lobby dient gleicherma\u00dfen als Bar und Lounge. Hier kann man hervorragend einen Kaffee, einen kleinen Snack oder einen Aperitif vor dem Abendessen genie\u00dfen. W\u00e4hrend der warmen Monate steht unseren G\u00e4sten zus\u00e4tzlich der Garten im Innenhof zur Verf\u00fcgung. Unser Restaurant Bl\u00e5 hat den selben hohen Anspruch wie das gesamte Haus und bietet d\u00e4nisch-franz\u00f6sische Kochkunst mit einem Fokus auf lokale und saisonale Zutaten. Um die hyggelige Stimmung perfekt zu machen, prasselt im Kamin ein Feuer und spendet W\u00e4rme nach einem langen Spaziergang an der wild-romantischen Nordseek\u00fcste.<\/p>\n<p>Unser Hotel richtet sich vor allem an all jene, die Ruhe und Entspannung suchen. Junge G\u00e4ste sind herzlich willkommen, aber es werden keine Aktivit\u00e4ten f\u00fcr Kinder angeboten.<\/p>\n<h3>Klassisches Badehotel mit modernem Komfort<\/h3>\n<p>Unsere sch\u00f6nen Zimmer verf\u00fcgen alle \u00fcber ein komfortables Bett, einen Fernseher und ein eigenes Badezimmer. Sie haben die Wahl zwischen unseren klassischen Doppelzimmern, Deluxe-Zimmern oder einer Suite. Alle Zimmer haben einen eigenen Balkon oder Terrasse.<\/p>\n<p>In unserem Wellnessbereich l\u00e4sst es sich besonders gut entspannen und den Stress des Alltags vergessen. F\u00fcr die Aktiveren empfiehlt sich unser Fitnessraum mit seinen hochwertigen Ger\u00e4ten aus amerikanischem Wallnussholz.<\/p>\n<p>Die naturnahe Umgebung l\u00e4dt zu ausgedehnten Spazierg\u00e4ngen in den D\u00fcnen oder zu einem erfrischenden Bad in der Nordsee ein. Museen, Kunsthandwerk und Shoppingangebote sind ebenfalls schnell erreicht.<\/p>\n","buttons":[{"type_button":"send","link":{"title":"Kontakt","url":"mailto:info@strandhotellet-blokhus.dk","target":""},"file":false,"download_knap_title":""}],"col6_copy":null,"images":[{"image":{"ID":288,"id":288,"title":"KASIK201707_J6C9062-400x267","filename":"KASIK201707_J6C9062-400x267.jpg","filesize":29973,"url":"https:\/\/strandhotellet-blokhus.dk\/de\/wp-content\/uploads\/sites\/3\/2019\/05\/KASIK201707_J6C9062-400x267.jpg","link":"https:\/\/strandhotellet-blokhus.dk\/de\/forside\/kasik201707_j6c9062-400x267\/#main","alt":"","author":"1","description":"","caption":"","name":"kasik201707_j6c9062-400x267","status":"inherit","uploaded_to":7,"date":"2019-05-28 13:22:06","modified":"2019-05-28 13:22:06","menu_order":0,"mime_type":"image\/jpeg","type":"image","subtype":"jpeg","icon":"https:\/\/strandhotellet-blokhus.dk\/de\/wp-includes\/images\/media\/default.png","width":400,"height":267,"sizes":{"thumbnail":"https:\/\/strandhotellet-blokhus.dk\/de\/wp-content\/uploads\/sites\/3\/2019\/05\/KASIK201707_J6C9062-400x267-150x150.jpg","thumbnail-width":150,"thumbnail-height":150,"medium":"https:\/\/strandhotellet-blokhus.dk\/de\/wp-content\/uploads\/sites\/3\/2019\/05\/KASIK201707_J6C9062-400x267-300x200.jpg","medium-width":300,"medium-height":200,"medium_large":"https:\/\/strandhotellet-blokhus.dk\/de\/wp-content\/uploads\/sites\/3\/2019\/05\/KASIK201707_J6C9062-400x267.jpg","medium_large-width":400,"medium_large-height":267,"large":"https:\/\/strandhotellet-blokhus.dk\/de\/wp-content\/uploads\/sites\/3\/2019\/05\/KASIK201707_J6C9062-400x267.jpg","large-width":400,"large-height":267,"1536x1536":"https:\/\/strandhotellet-blokhus.dk\/de\/wp-content\/uploads\/sites\/3\/2019\/05\/KASIK201707_J6C9062-400x267.jpg","1536x1536-width":400,"1536x1536-height":267,"2048x2048":"https:\/\/strandhotellet-blokhus.dk\/de\/wp-content\/uploads\/sites\/3\/2019\/05\/KASIK201707_J6C9062-400x267.jpg","2048x2048-width":400,"2048x2048-height":267}}},{"image":{"ID":289,"id":289,"title":"Strandhotellet_blokhus_indretning_jyllandsposten-400x344","filename":"Strandhotellet_blokhus_indretning_jyllandsposten-400x344.jpg","filesize":30111,"url":"https:\/\/strandhotellet-blokhus.dk\/de\/wp-content\/uploads\/sites\/3\/2019\/05\/Strandhotellet_blokhus_indretning_jyllandsposten-400x344.jpg","link":"https:\/\/strandhotellet-blokhus.dk\/de\/forside\/strandhotellet_blokhus_indretning_jyllandsposten-400x344\/#main","alt":"","author":"1","description":"","caption":"","name":"strandhotellet_blokhus_indretning_jyllandsposten-400x344","status":"inherit","uploaded_to":7,"date":"2019-05-28 13:22:13","modified":"2019-05-28 13:22:13","menu_order":0,"mime_type":"image\/jpeg","type":"image","subtype":"jpeg","icon":"https:\/\/strandhotellet-blokhus.dk\/de\/wp-includes\/images\/media\/default.png","width":400,"height":344,"sizes":{"thumbnail":"https:\/\/strandhotellet-blokhus.dk\/de\/wp-content\/uploads\/sites\/3\/2019\/05\/Strandhotellet_blokhus_indretning_jyllandsposten-400x344-150x150.jpg","thumbnail-width":150,"thumbnail-height":150,"medium":"https:\/\/strandhotellet-blokhus.dk\/de\/wp-content\/uploads\/sites\/3\/2019\/05\/Strandhotellet_blokhus_indretning_jyllandsposten-400x344-300x258.jpg","medium-width":300,"medium-height":258,"medium_large":"https:\/\/strandhotellet-blokhus.dk\/de\/wp-content\/uploads\/sites\/3\/2019\/05\/Strandhotellet_blokhus_indretning_jyllandsposten-400x344.jpg","medium_large-width":400,"medium_large-height":344,"large":"https:\/\/strandhotellet-blokhus.dk\/de\/wp-content\/uploads\/sites\/3\/2019\/05\/Strandhotellet_blokhus_indretning_jyllandsposten-400x344.jpg","large-width":400,"large-height":344,"1536x1536":"https:\/\/strandhotellet-blokhus.dk\/de\/wp-content\/uploads\/sites\/3\/2019\/05\/Strandhotellet_blokhus_indretning_jyllandsposten-400x344.jpg","1536x1536-width":400,"1536x1536-height":344,"2048x2048":"https:\/\/strandhotellet-blokhus.dk\/de\/wp-content\/uploads\/sites\/3\/2019\/05\/Strandhotellet_blokhus_indretning_jyllandsposten-400x344.jpg","2048x2048-width":400,"2048x2048-height":344}}}],"show":"no","info_text":"<h2>L\u00c6KKER FROKOST I VORES SOLRIGE G\u00c5RDHAVE?<\/h2>\n","info_button":{"title":"L\u00e6s mere","url":"http:\/\/strandhotellet-blokhus.dk\/de\/frokost-blokhus\/","target":""}},{"acf_fc_layout":"col_1_insta_images","col12":null},{"acf_fc_layout":"col_2_case_with_image_text_link","col12":null,"setup":"3grid","bg_color":"white","text":"<h6 style=\"text-align: center;\">LASSEN SIE SICH AN DER NORDSEE VERW\u00d6HNEN<\/h6>\n<h2 style=\"text-align: center;\">Aufenthalte die verf\u00fchren<\/h2>\n","cases":[{"bg":{"ID":229,"id":229,"title":"Getaway-ophold_Strandhotellet-Blokhus","filename":"Getaway-ophold_Strandhotellet-Blokhus-e1558964563172.jpg","filesize":18371,"url":"https:\/\/strandhotellet-blokhus.dk\/de\/wp-content\/uploads\/sites\/3\/2019\/05\/Getaway-ophold_Strandhotellet-Blokhus-e1558964563172.jpg","link":"https:\/\/strandhotellet-blokhus.dk\/de\/hund-und-katze\/getaway-ophold_strandhotellet-blokhus\/#main","alt":"","author":"1","description":"","caption":"","name":"getaway-ophold_strandhotellet-blokhus","status":"inherit","uploaded_to":228,"date":"2019-05-27 13:42:21","modified":"2019-05-27 13:42:21","menu_order":0,"mime_type":"image\/jpeg","type":"image","subtype":"jpeg","icon":"https:\/\/strandhotellet-blokhus.dk\/de\/wp-includes\/images\/media\/default.png","width":500,"height":283,"sizes":{"thumbnail":"https:\/\/strandhotellet-blokhus.dk\/de\/wp-content\/uploads\/sites\/3\/2019\/05\/Getaway-ophold_Strandhotellet-Blokhus-e1558964563172-150x150.jpg","thumbnail-width":150,"thumbnail-height":150,"medium":"https:\/\/strandhotellet-blokhus.dk\/de\/wp-content\/uploads\/sites\/3\/2019\/05\/Getaway-ophold_Strandhotellet-Blokhus-e1558964563172-300x170.jpg","medium-width":300,"medium-height":170,"medium_large":"https:\/\/strandhotellet-blokhus.dk\/de\/wp-content\/uploads\/sites\/3\/2019\/05\/Getaway-ophold_Strandhotellet-Blokhus-e1558964563172.jpg","medium_large-width":500,"medium_large-height":283,"large":"https:\/\/strandhotellet-blokhus.dk\/de\/wp-content\/uploads\/sites\/3\/2019\/05\/Getaway-ophold_Strandhotellet-Blokhus-e1558964563172.jpg","large-width":500,"large-height":283,"1536x1536":"https:\/\/strandhotellet-blokhus.dk\/de\/wp-content\/uploads\/sites\/3\/2019\/05\/Getaway-ophold_Strandhotellet-Blokhus-e1558964563172.jpg","1536x1536-width":500,"1536x1536-height":283,"2048x2048":"https:\/\/strandhotellet-blokhus.dk\/de\/wp-content\/uploads\/sites\/3\/2019\/05\/Getaway-ophold_Strandhotellet-Blokhus-e1558964563172.jpg","2048x2048-width":500,"2048x2048-height":283}},"titel":"Getaway Aufenthalt","text":"Eine Verschnaufpause vom Alltag \u2013 lassen Sie sich verw\u00f6hnen.","link":{"title":"Siehe details","url":"http:\/\/strandhotellet-blokhus.dk\/de\/getaway-aufenthalt\/","target":""}},{"bg":{"ID":230,"id":230,"title":"Klassisk-ophold_Strandhotellet-Blokhus","filename":"Klassisk-ophold_Strandhotellet-Blokhus-e1558964611156.jpg","filesize":24379,"url":"https:\/\/strandhotellet-blokhus.dk\/de\/wp-content\/uploads\/sites\/3\/2019\/05\/Klassisk-ophold_Strandhotellet-Blokhus-e1558964611156.jpg","link":"https:\/\/strandhotellet-blokhus.dk\/de\/hund-und-katze\/klassisk-ophold_strandhotellet-blokhus\/#main","alt":"","author":"1","description":"","caption":"","name":"klassisk-ophold_strandhotellet-blokhus","status":"inherit","uploaded_to":228,"date":"2019-05-27 13:42:21","modified":"2019-05-27 13:42:21","menu_order":0,"mime_type":"image\/jpeg","type":"image","subtype":"jpeg","icon":"https:\/\/strandhotellet-blokhus.dk\/de\/wp-includes\/images\/media\/default.png","width":500,"height":282,"sizes":{"thumbnail":"https:\/\/strandhotellet-blokhus.dk\/de\/wp-content\/uploads\/sites\/3\/2019\/05\/Klassisk-ophold_Strandhotellet-Blokhus-e1558964611156-150x150.jpg","thumbnail-width":150,"thumbnail-height":150,"medium":"https:\/\/strandhotellet-blokhus.dk\/de\/wp-content\/uploads\/sites\/3\/2019\/05\/Klassisk-ophold_Strandhotellet-Blokhus-e1558964611156-300x169.jpg","medium-width":300,"medium-height":169,"medium_large":"https:\/\/strandhotellet-blokhus.dk\/de\/wp-content\/uploads\/sites\/3\/2019\/05\/Klassisk-ophold_Strandhotellet-Blokhus-e1558964611156.jpg","medium_large-width":500,"medium_large-height":282,"large":"https:\/\/strandhotellet-blokhus.dk\/de\/wp-content\/uploads\/sites\/3\/2019\/05\/Klassisk-ophold_Strandhotellet-Blokhus-e1558964611156.jpg","large-width":500,"large-height":282,"1536x1536":"https:\/\/strandhotellet-blokhus.dk\/de\/wp-content\/uploads\/sites\/3\/2019\/05\/Klassisk-ophold_Strandhotellet-Blokhus-e1558964611156.jpg","1536x1536-width":500,"1536x1536-height":282,"2048x2048":"https:\/\/strandhotellet-blokhus.dk\/de\/wp-content\/uploads\/sites\/3\/2019\/05\/Klassisk-ophold_Strandhotellet-Blokhus-e1558964611156.jpg","2048x2048-width":500,"2048x2048-height":282}},"titel":"Klassischer Aufenthalt","text":"Lassen Sie sich von morgens bis abends auf H\u00e4nden tragen.","link":{"title":"Siehe details","url":"http:\/\/strandhotellet-blokhus.dk\/de\/klassischer-aufenthalt\/","target":""}},{"bg":{"ID":231,"id":231,"title":"Gourmet-ophold_Strandhotellet-Blokhus","filename":"Gourmet-ophold_Strandhotellet-Blokhus-e1558964657142.jpg","filesize":44789,"url":"https:\/\/strandhotellet-blokhus.dk\/de\/wp-content\/uploads\/sites\/3\/2019\/05\/Gourmet-ophold_Strandhotellet-Blokhus-e1558964657142.jpg","link":"https:\/\/strandhotellet-blokhus.dk\/de\/hund-und-katze\/gourmet-ophold_strandhotellet-blokhus\/#main","alt":"","author":"1","description":"","caption":"","name":"gourmet-ophold_strandhotellet-blokhus","status":"inherit","uploaded_to":228,"date":"2019-05-27 13:42:22","modified":"2019-05-27 13:42:22","menu_order":0,"mime_type":"image\/jpeg","type":"image","subtype":"jpeg","icon":"https:\/\/strandhotellet-blokhus.dk\/de\/wp-includes\/images\/media\/default.png","width":500,"height":281,"sizes":{"thumbnail":"https:\/\/strandhotellet-blokhus.dk\/de\/wp-content\/uploads\/sites\/3\/2019\/05\/Gourmet-ophold_Strandhotellet-Blokhus-e1558964657142-150x150.jpg","thumbnail-width":150,"thumbnail-height":150,"medium":"https:\/\/strandhotellet-blokhus.dk\/de\/wp-content\/uploads\/sites\/3\/2019\/05\/Gourmet-ophold_Strandhotellet-Blokhus-e1558964657142-300x169.jpg","medium-width":300,"medium-height":169,"medium_large":"https:\/\/strandhotellet-blokhus.dk\/de\/wp-content\/uploads\/sites\/3\/2019\/05\/Gourmet-ophold_Strandhotellet-Blokhus-e1558964657142.jpg","medium_large-width":500,"medium_large-height":281,"large":"https:\/\/strandhotellet-blokhus.dk\/de\/wp-content\/uploads\/sites\/3\/2019\/05\/Gourmet-ophold_Strandhotellet-Blokhus-e1558964657142.jpg","large-width":500,"large-height":281,"1536x1536":"https:\/\/strandhotellet-blokhus.dk\/de\/wp-content\/uploads\/sites\/3\/2019\/05\/Gourmet-ophold_Strandhotellet-Blokhus-e1558964657142.jpg","1536x1536-width":500,"1536x1536-height":281,"2048x2048":"https:\/\/strandhotellet-blokhus.dk\/de\/wp-content\/uploads\/sites\/3\/2019\/05\/Gourmet-ophold_Strandhotellet-Blokhus-e1558964657142.jpg","2048x2048-width":500,"2048x2048-height":281}},"titel":"Luxus Aufenthalt","text":"Kitzeln Sie Ihre Geschmacksnerven mit exquisiten Abendessen und Wein.","link":{"title":"Siehe details","url":"https:\/\/strandhotellet-blokhus.dk\/de\/luxus-aufenthalt\/","target":""}}]}],"banner_image":{"ID":731,"id":731,"title":"Strandhotellet-blokhus23232","filename":"Strandhotellet-blokhus23232.jpg","filesize":312517,"url":"https:\/\/strandhotellet-blokhus.dk\/de\/wp-content\/uploads\/sites\/3\/2019\/06\/Strandhotellet-blokhus23232.jpg","link":"https:\/\/strandhotellet-blokhus.dk\/de\/die-vorgeschichte\/strandhotellet-blokhus23232\/#main","alt":"","author":"1","description":"","caption":"","name":"strandhotellet-blokhus23232","status":"inherit","uploaded_to":94,"date":"2019-06-04 07:55:57","modified":"2019-07-02 07:07:41","menu_order":0,"mime_type":"image\/jpeg","type":"image","subtype":"jpeg","icon":"https:\/\/strandhotellet-blokhus.dk\/de\/wp-includes\/images\/media\/default.png","width":2000,"height":500,"sizes":{"thumbnail":"https:\/\/strandhotellet-blokhus.dk\/de\/wp-content\/uploads\/sites\/3\/2019\/06\/Strandhotellet-blokhus23232-150x150.jpg","thumbnail-width":150,"thumbnail-height":150,"medium":"https:\/\/strandhotellet-blokhus.dk\/de\/wp-content\/uploads\/sites\/3\/2019\/06\/Strandhotellet-blokhus23232-300x75.jpg","medium-width":300,"medium-height":75,"medium_large":"https:\/\/strandhotellet-blokhus.dk\/de\/wp-content\/uploads\/sites\/3\/2019\/06\/Strandhotellet-blokhus23232-768x192.jpg","medium_large-width":768,"medium_large-height":192,"large":"https:\/\/strandhotellet-blokhus.dk\/de\/wp-content\/uploads\/sites\/3\/2019\/06\/Strandhotellet-blokhus23232-1024x256.jpg","large-width":1024,"large-height":256,"1536x1536":"https:\/\/strandhotellet-blokhus.dk\/de\/wp-content\/uploads\/sites\/3\/2019\/06\/Strandhotellet-blokhus23232.jpg","1536x1536-width":1536,"1536x1536-height":384,"2048x2048":"https:\/\/strandhotellet-blokhus.dk\/de\/wp-content\/uploads\/sites\/3\/2019\/06\/Strandhotellet-blokhus23232.jpg","2048x2048-width":2000,"2048x2048-height":500}},"show_banner":"yes","show_formular":true,"text_over_form":""},"yoast_head":"<!-- This site is optimized with the Yoast SEO plugin v19.13 - https:\/\/yoast.com\/wordpress\/plugins\/seo\/ -->\n<title>Das Strandhotel Blokhus - Exklusive Strandhotel in Blokhus<\/title>\n<meta name=\"description\" content=\"D\u00e4nisches Meer Hotel an der Westk\u00fcste D\u00e4nemarks, bekannt f\u00fcr seine herrliche und erhaltene natur. Getaway oder Sommerurlaub hier wird unvergesslich sein.\" \/>\n<meta name=\"robots\" content=\"index, follow, max-snippet:-1, max-image-preview:large, max-video-preview:-1\" \/>\n<link rel=\"canonical\" href=\"https:\/\/strandhotellet-blokhus.dk\/de\/\" \/>\n<meta property=\"og:locale\" content=\"de_DE\" \/>\n<meta property=\"og:type\" content=\"article\" \/>\n<meta property=\"og:title\" content=\"Das Strandhotel Blokhus - Exklusive Strandhotel in Blokhus\" \/>\n<meta property=\"og:description\" content=\"D\u00e4nisches Meer Hotel an der Westk\u00fcste D\u00e4nemarks, bekannt f\u00fcr seine herrliche und erhaltene natur. Getaway oder Sommerurlaub hier wird unvergesslich sein.\" \/>\n<meta property=\"og:url\" content=\"https:\/\/strandhotellet-blokhus.dk\/de\/\" \/>\n<meta property=\"og:site_name\" content=\"Strandhotel Tysk\" \/>\n<meta property=\"article:modified_time\" content=\"2020-10-30T12:38:36+00:00\" \/>\n<meta name=\"twitter:card\" content=\"summary_large_image\" \/>\n<script type=\"application\/ld+json\" class=\"yoast-schema-graph\">{\"@context\":\"https:\/\/schema.org\",\"@graph\":[{\"@type\":\"WebPage\",\"@id\":\"https:\/\/strandhotellet-blokhus.dk\/de\/\",\"url\":\"https:\/\/strandhotellet-blokhus.dk\/de\/\",\"name\":\"Das Strandhotel Blokhus - Exklusive Strandhotel in Blokhus\",\"isPartOf\":{\"@id\":\"https:\/\/strandhotellet-blokhus.dk\/de\/#website\"},\"datePublished\":\"2019-05-22T08:16:02+00:00\",\"dateModified\":\"2020-10-30T12:38:36+00:00\",\"description\":\"D\u00e4nisches Meer Hotel an der Westk\u00fcste D\u00e4nemarks, bekannt f\u00fcr seine herrliche und erhaltene natur. Getaway oder Sommerurlaub hier wird unvergesslich sein.\",\"breadcrumb\":{\"@id\":\"https:\/\/strandhotellet-blokhus.dk\/de\/#breadcrumb\"},\"inLanguage\":\"de-DE\",\"potentialAction\":[{\"@type\":\"ReadAction\",\"target\":[\"https:\/\/strandhotellet-blokhus.dk\/de\/\"]}]},{\"@type\":\"BreadcrumbList\",\"@id\":\"https:\/\/strandhotellet-blokhus.dk\/de\/#breadcrumb\",\"itemListElement\":[{\"@type\":\"ListItem\",\"position\":1,\"name\":\"Hjem\",\"item\":\"https:\/\/strandhotellet-blokhus.dk\/de\/\"},{\"@type\":\"ListItem\",\"position\":2,\"name\":\"Forside\"}]},{\"@type\":\"WebSite\",\"@id\":\"https:\/\/strandhotellet-blokhus.dk\/de\/#website\",\"url\":\"https:\/\/strandhotellet-blokhus.dk\/de\/\",\"name\":\"Strandhotel Tysk\",\"description\":\"\",\"publisher\":{\"@id\":\"https:\/\/strandhotellet-blokhus.dk\/de\/#organization\"},\"potentialAction\":[{\"@type\":\"SearchAction\",\"target\":{\"@type\":\"EntryPoint\",\"urlTemplate\":\"https:\/\/strandhotellet-blokhus.dk\/de\/?s={search_term_string}\"},\"query-input\":\"required name=search_term_string\"}],\"inLanguage\":\"de-DE\"},{\"@type\":\"Organization\",\"@id\":\"https:\/\/strandhotellet-blokhus.dk\/de\/#organization\",\"name\":\"Strandhotel Tysk\",\"url\":\"https:\/\/strandhotellet-blokhus.dk\/de\/\",\"logo\":{\"@type\":\"ImageObject\",\"inLanguage\":\"de-DE\",\"@id\":\"https:\/\/strandhotellet-blokhus.dk\/de\/#\/schema\/logo\/image\/\",\"url\":\"https:\/\/strandhotellet-blokhus.dk\/de\/wp-content\/uploads\/sites\/3\/2019\/05\/Strandhotellet-Blokhus-logo.png\",\"contentUrl\":\"https:\/\/strandhotellet-blokhus.dk\/de\/wp-content\/uploads\/sites\/3\/2019\/05\/Strandhotellet-Blokhus-logo.png\",\"width\":280,\"height\":119,\"caption\":\"Strandhotel Tysk\"},\"image\":{\"@id\":\"https:\/\/strandhotellet-blokhus.dk\/de\/#\/schema\/logo\/image\/\"}}]}<\/script>\n<!-- \/ Yoast SEO plugin. -->","yoast_head_json":{"title":"Das Strandhotel Blokhus - Exklusive Strandhotel in Blokhus","description":"D\u00e4nisches Meer Hotel an der Westk\u00fcste D\u00e4nemarks, bekannt f\u00fcr seine herrliche und erhaltene natur. Getaway oder Sommerurlaub hier wird unvergesslich sein.","robots":{"index":"index","follow":"follow","max-snippet":"max-snippet:-1","max-image-preview":"max-image-preview:large","max-video-preview":"max-video-preview:-1"},"canonical":"https:\/\/strandhotellet-blokhus.dk\/de\/","og_locale":"de_DE","og_type":"article","og_title":"Das Strandhotel Blokhus - Exklusive Strandhotel in Blokhus","og_description":"D\u00e4nisches Meer Hotel an der Westk\u00fcste D\u00e4nemarks, bekannt f\u00fcr seine herrliche und erhaltene natur. Getaway oder Sommerurlaub hier wird unvergesslich sein.","og_url":"https:\/\/strandhotellet-blokhus.dk\/de\/","og_site_name":"Strandhotel Tysk","article_modified_time":"2020-10-30T12:38:36+00:00","twitter_card":"summary_large_image","schema":{"@context":"https:\/\/schema.org","@graph":[{"@type":"WebPage","@id":"https:\/\/strandhotellet-blokhus.dk\/de\/","url":"https:\/\/strandhotellet-blokhus.dk\/de\/","name":"Das Strandhotel Blokhus - Exklusive Strandhotel in Blokhus","isPartOf":{"@id":"https:\/\/strandhotellet-blokhus.dk\/de\/#website"},"datePublished":"2019-05-22T08:16:02+00:00","dateModified":"2020-10-30T12:38:36+00:00","description":"D\u00e4nisches Meer Hotel an der Westk\u00fcste D\u00e4nemarks, bekannt f\u00fcr seine herrliche und erhaltene natur. Getaway oder Sommerurlaub hier wird unvergesslich sein.","breadcrumb":{"@id":"https:\/\/strandhotellet-blokhus.dk\/de\/#breadcrumb"},"inLanguage":"de-DE","potentialAction":[{"@type":"ReadAction","target":["https:\/\/strandhotellet-blokhus.dk\/de\/"]}]},{"@type":"BreadcrumbList","@id":"https:\/\/strandhotellet-blokhus.dk\/de\/#breadcrumb","itemListElement":[{"@type":"ListItem","position":1,"name":"Hjem","item":"https:\/\/strandhotellet-blokhus.dk\/de\/"},{"@type":"ListItem","position":2,"name":"Forside"}]},{"@type":"WebSite","@id":"https:\/\/strandhotellet-blokhus.dk\/de\/#website","url":"https:\/\/strandhotellet-blokhus.dk\/de\/","name":"Strandhotel Tysk","description":"","publisher":{"@id":"https:\/\/strandhotellet-blokhus.dk\/de\/#organization"},"potentialAction":[{"@type":"SearchAction","target":{"@type":"EntryPoint","urlTemplate":"https:\/\/strandhotellet-blokhus.dk\/de\/?s={search_term_string}"},"query-input":"required name=search_term_string"}],"inLanguage":"de-DE"},{"@type":"Organization","@id":"https:\/\/strandhotellet-blokhus.dk\/de\/#organization","name":"Strandhotel Tysk","url":"https:\/\/strandhotellet-blokhus.dk\/de\/","logo":{"@type":"ImageObject","inLanguage":"de-DE","@id":"https:\/\/strandhotellet-blokhus.dk\/de\/#\/schema\/logo\/image\/","url":"https:\/\/strandhotellet-blokhus.dk\/de\/wp-content\/uploads\/sites\/3\/2019\/05\/Strandhotellet-Blokhus-logo.png","contentUrl":"https:\/\/strandhotellet-blokhus.dk\/de\/wp-content\/uploads\/sites\/3\/2019\/05\/Strandhotellet-Blokhus-logo.png","width":280,"height":119,"caption":"Strandhotel Tysk"},"image":{"@id":"https:\/\/strandhotellet-blokhus.dk\/de\/#\/schema\/logo\/image\/"}}]}},"_links":{"self":[{"href":"https:\/\/strandhotellet-blokhus.dk\/de\/wp-json\/wp\/v2\/pages\/7"}],"collection":[{"href":"https:\/\/strandhotellet-blokhus.dk\/de\/wp-json\/wp\/v2\/pages"}],"about":[{"href":"https:\/\/strandhotellet-blokhus.dk\/de\/wp-json\/wp\/v2\/types\/page"}],"author":[{"embeddable":true,"href":"https:\/\/strandhotellet-blokhus.dk\/de\/wp-json\/wp\/v2\/users\/1"}],"replies":[{"embeddable":true,"href":"https:\/\/strandhotellet-blokhus.dk\/de\/wp-json\/wp\/v2\/comments?post=7"}],"version-history":[{"count":79,"href":"https:\/\/strandhotellet-blokhus.dk\/de\/wp-json\/wp\/v2\/pages\/7\/revisions"}],"predecessor-version":[{"id":1271,"href":"https:\/\/strandhotellet-blokhus.dk\/de\/wp-json\/wp\/v2\/pages\/7\/revisions\/1271"}],"wp:attachment":[{"href":"https:\/\/strandhotellet-blokhus.dk\/de\/wp-json\/wp\/v2\/media?parent=7"}],"curies":[{"name":"wp","href":"https:\/\/api.w.org\/{rel}","templated":true}]}}