{"id":922,"date":"2019-06-21T09:01:01","date_gmt":"2019-06-21T07:01:01","guid":{"rendered":"http:\/\/strandhotellet-blokhus.dk\/de\/?page_id=922"},"modified":"2023-01-12T14:17:42","modified_gmt":"2023-01-12T13:17:42","slug":"fitness","status":"publish","type":"page","link":"https:\/\/strandhotellet-blokhus.dk\/de\/fitness\/","title":{"rendered":"fitness"},"content":{"rendered":"","protected":false},"excerpt":{"rendered":"","protected":false},"author":1,"featured_media":0,"parent":0,"menu_order":0,"comment_status":"closed","ping_status":"closed","template":"","meta":[],"acf":{"show_banner":"yes","banner_image":{"ID":256,"id":256,"title":"vinterbadning-i-blokhus","filename":"vinterbadning-i-blokhus-1.jpg","filesize":102106,"url":"https:\/\/strandhotellet-blokhus.dk\/de\/wp-content\/uploads\/sites\/3\/2019\/05\/vinterbadning-i-blokhus-1.jpg","link":"https:\/\/strandhotellet-blokhus.dk\/de\/winterbaden\/vinterbadning-i-blokhus-2\/#main","alt":"","author":"1","description":"","caption":"","name":"vinterbadning-i-blokhus-2","status":"inherit","uploaded_to":255,"date":"2019-05-28 07:38:02","modified":"2019-05-28 07:38:02","menu_order":0,"mime_type":"image\/jpeg","type":"image","subtype":"jpeg","icon":"https:\/\/strandhotellet-blokhus.dk\/de\/wp-includes\/images\/media\/default.png","width":2000,"height":500,"sizes":{"thumbnail":"https:\/\/strandhotellet-blokhus.dk\/de\/wp-content\/uploads\/sites\/3\/2019\/05\/vinterbadning-i-blokhus-1-150x150.jpg","thumbnail-width":150,"thumbnail-height":150,"medium":"https:\/\/strandhotellet-blokhus.dk\/de\/wp-content\/uploads\/sites\/3\/2019\/05\/vinterbadning-i-blokhus-1-300x75.jpg","medium-width":300,"medium-height":75,"medium_large":"https:\/\/strandhotellet-blokhus.dk\/de\/wp-content\/uploads\/sites\/3\/2019\/05\/vinterbadning-i-blokhus-1-768x192.jpg","medium_large-width":768,"medium_large-height":192,"large":"https:\/\/strandhotellet-blokhus.dk\/de\/wp-content\/uploads\/sites\/3\/2019\/05\/vinterbadning-i-blokhus-1-1024x256.jpg","large-width":1024,"large-height":256,"1536x1536":"https:\/\/strandhotellet-blokhus.dk\/de\/wp-content\/uploads\/sites\/3\/2019\/05\/vinterbadning-i-blokhus-1.jpg","1536x1536-width":1536,"1536x1536-height":384,"2048x2048":"https:\/\/strandhotellet-blokhus.dk\/de\/wp-content\/uploads\/sites\/3\/2019\/05\/vinterbadning-i-blokhus-1.jpg","2048x2048-width":2000,"2048x2048-height":500}},"show_formular":true,"text_over_form":"","flex_content":[{"acf_fc_layout":"col_2_text_and_image_or_info_case","col6":null,"text":"<h1>Fitness<\/h1>\n<h6><span style=\"text-decoration: underline;\">EFFIZIENTES TRAINING DRINNEN UND DRA\u00dfEN<\/span><\/h6>\n<p>Im Strandhotellet bieten wir die perfekten Bedingungen f\u00fcr alle die w\u00e4hrend Ihres Aufenthaltes aktiv sein m\u00f6chten. In unserem Fitnessraum bieten wir moderne Trainingsger\u00e4te aus feinstem amerikanischem Wallnussholz.<\/p>\n<h3>Trainieren Sie indorr oder drau\u00dfen in der Natur<\/h3>\n<p>Wenn Sie am liebsten drau\u00dfen Sport treiben, bietet die herrliche Umgebung des Hotels alle M\u00f6glichkeiten.<\/p>\n<p>Der wei\u00dfe Sandstrand mit seinen gr\u00fcnen D\u00fcnen ist der ideale Ort f\u00fcr Outdoor-Aktivit\u00e4ten. Die blaue Flagge garantiert sauberes Wasser zum Schwimmen. In der Hochsaison besteht zus\u00e4tzlich die M\u00f6glichkeit sich im Windsurfen, Surfen oder Strandbuggy fahren zu \u00fcben.<\/p>\n<p>Alternativ f\u00fchrt der Weg Sie in den urigen Wald hinter den D\u00fcnen. Eine Vielzahl an Wegen l\u00e4dt zum Mountainbiking, Reiten, Laufen oder Spazierengehen ein.<\/p>\n<p>Es gibt unz\u00e4hlige M\u00f6glichkeiten in dieser einzigartigen Natur seine Batterien wieder aufzuladen.<\/p>\n","buttons":false,"col6_copy":null,"images":false,"show":"yes","info_text":"<h3 style=\"text-align: center;\"><span style=\"text-decoration: underline;\">Wir m\u00f6chten Sie verw\u00f6hnen<\/span><\/h3>\n<p>Ein Aufenthalt im Strandhottelet beinhaltet:<\/p>\n<ul>\n<li>Zugang zum Wellnessbereich<\/li>\n<li>Lobby mit Kamin<\/li>\n<li>Bademantel und Slipper<\/li>\n<li>Gartenzugang<\/li>\n<li>Kostenlose Minibar<\/li>\n<li>Fitnessraum<\/li>\n<\/ul>\n","info_button":{"title":"Jetzt buchen","url":" https:\/\/book.strandhotellet-blokhus.dk\/reserve\/de\/home","target":""}},{"acf_fc_layout":"col_1_horizontal_viewing_of_images","col12":null,"images":[{"image":{"ID":923,"id":923,"title":"Strandhotellet_blokhus_fitness_ferie","filename":"Strandhotellet_blokhus_fitness_ferie.jpg","filesize":100143,"url":"https:\/\/strandhotellet-blokhus.dk\/de\/wp-content\/uploads\/sites\/3\/2019\/06\/Strandhotellet_blokhus_fitness_ferie.jpg","link":"https:\/\/strandhotellet-blokhus.dk\/de\/fitness\/strandhotellet_blokhus_fitness_ferie-2\/#main","alt":"","author":"1","description":"","caption":"","name":"strandhotellet_blokhus_fitness_ferie-2","status":"inherit","uploaded_to":922,"date":"2019-06-21 06:58:00","modified":"2019-06-21 06:58:00","menu_order":0,"mime_type":"image\/jpeg","type":"image","subtype":"jpeg","icon":"https:\/\/strandhotellet-blokhus.dk\/de\/wp-includes\/images\/media\/default.png","width":600,"height":600,"sizes":{"thumbnail":"https:\/\/strandhotellet-blokhus.dk\/de\/wp-content\/uploads\/sites\/3\/2019\/06\/Strandhotellet_blokhus_fitness_ferie-150x150.jpg","thumbnail-width":150,"thumbnail-height":150,"medium":"https:\/\/strandhotellet-blokhus.dk\/de\/wp-content\/uploads\/sites\/3\/2019\/06\/Strandhotellet_blokhus_fitness_ferie-300x300.jpg","medium-width":300,"medium-height":300,"medium_large":"https:\/\/strandhotellet-blokhus.dk\/de\/wp-content\/uploads\/sites\/3\/2019\/06\/Strandhotellet_blokhus_fitness_ferie.jpg","medium_large-width":600,"medium_large-height":600,"large":"https:\/\/strandhotellet-blokhus.dk\/de\/wp-content\/uploads\/sites\/3\/2019\/06\/Strandhotellet_blokhus_fitness_ferie.jpg","large-width":600,"large-height":600,"1536x1536":"https:\/\/strandhotellet-blokhus.dk\/de\/wp-content\/uploads\/sites\/3\/2019\/06\/Strandhotellet_blokhus_fitness_ferie.jpg","1536x1536-width":600,"1536x1536-height":600,"2048x2048":"https:\/\/strandhotellet-blokhus.dk\/de\/wp-content\/uploads\/sites\/3\/2019\/06\/Strandhotellet_blokhus_fitness_ferie.jpg","2048x2048-width":600,"2048x2048-height":600}}},{"image":{"ID":308,"id":308,"title":"Strandhotellet_blokhus_pool_wellness","filename":"Strandhotellet_blokhus_pool_wellness.jpg","filesize":114247,"url":"https:\/\/strandhotellet-blokhus.dk\/de\/wp-content\/uploads\/sites\/3\/2019\/05\/Strandhotellet_blokhus_pool_wellness.jpg","link":"https:\/\/strandhotellet-blokhus.dk\/de\/pool-und-sauna\/strandhotellet_blokhus_pool_wellness\/#main","alt":"","author":"1","description":"","caption":"","name":"strandhotellet_blokhus_pool_wellness","status":"inherit","uploaded_to":297,"date":"2019-05-28 13:40:55","modified":"2019-05-28 13:40:55","menu_order":0,"mime_type":"image\/jpeg","type":"image","subtype":"jpeg","icon":"https:\/\/strandhotellet-blokhus.dk\/de\/wp-includes\/images\/media\/default.png","width":600,"height":600,"sizes":{"thumbnail":"https:\/\/strandhotellet-blokhus.dk\/de\/wp-content\/uploads\/sites\/3\/2019\/05\/Strandhotellet_blokhus_pool_wellness-150x150.jpg","thumbnail-width":150,"thumbnail-height":150,"medium":"https:\/\/strandhotellet-blokhus.dk\/de\/wp-content\/uploads\/sites\/3\/2019\/05\/Strandhotellet_blokhus_pool_wellness-300x300.jpg","medium-width":300,"medium-height":300,"medium_large":"https:\/\/strandhotellet-blokhus.dk\/de\/wp-content\/uploads\/sites\/3\/2019\/05\/Strandhotellet_blokhus_pool_wellness.jpg","medium_large-width":600,"medium_large-height":600,"large":"https:\/\/strandhotellet-blokhus.dk\/de\/wp-content\/uploads\/sites\/3\/2019\/05\/Strandhotellet_blokhus_pool_wellness.jpg","large-width":600,"large-height":600,"1536x1536":"https:\/\/strandhotellet-blokhus.dk\/de\/wp-content\/uploads\/sites\/3\/2019\/05\/Strandhotellet_blokhus_pool_wellness.jpg","1536x1536-width":600,"1536x1536-height":600,"2048x2048":"https:\/\/strandhotellet-blokhus.dk\/de\/wp-content\/uploads\/sites\/3\/2019\/05\/Strandhotellet_blokhus_pool_wellness.jpg","2048x2048-width":600,"2048x2048-height":600}}},{"image":{"ID":924,"id":924,"title":"Fitness","filename":"Fitness.jpg","filesize":65693,"url":"https:\/\/strandhotellet-blokhus.dk\/de\/wp-content\/uploads\/sites\/3\/2019\/06\/Fitness.jpg","link":"https:\/\/strandhotellet-blokhus.dk\/de\/fitness\/fitness\/#main","alt":"","author":"1","description":"","caption":"","name":"fitness","status":"inherit","uploaded_to":922,"date":"2019-06-21 06:59:59","modified":"2019-06-21 06:59:59","menu_order":0,"mime_type":"image\/jpeg","type":"image","subtype":"jpeg","icon":"https:\/\/strandhotellet-blokhus.dk\/de\/wp-includes\/images\/media\/default.png","width":400,"height":400,"sizes":{"thumbnail":"https:\/\/strandhotellet-blokhus.dk\/de\/wp-content\/uploads\/sites\/3\/2019\/06\/Fitness-150x150.jpg","thumbnail-width":150,"thumbnail-height":150,"medium":"https:\/\/strandhotellet-blokhus.dk\/de\/wp-content\/uploads\/sites\/3\/2019\/06\/Fitness-300x300.jpg","medium-width":300,"medium-height":300,"medium_large":"https:\/\/strandhotellet-blokhus.dk\/de\/wp-content\/uploads\/sites\/3\/2019\/06\/Fitness.jpg","medium_large-width":400,"medium_large-height":400,"large":"https:\/\/strandhotellet-blokhus.dk\/de\/wp-content\/uploads\/sites\/3\/2019\/06\/Fitness.jpg","large-width":400,"large-height":400,"1536x1536":"https:\/\/strandhotellet-blokhus.dk\/de\/wp-content\/uploads\/sites\/3\/2019\/06\/Fitness.jpg","1536x1536-width":400,"1536x1536-height":400,"2048x2048":"https:\/\/strandhotellet-blokhus.dk\/de\/wp-content\/uploads\/sites\/3\/2019\/06\/Fitness.jpg","2048x2048-width":400,"2048x2048-height":400}}},{"image":{"ID":925,"id":925,"title":"Strandhotellet_blokhus_wellness_sauna","filename":"Strandhotellet_blokhus_wellness_sauna.jpg","filesize":57660,"url":"https:\/\/strandhotellet-blokhus.dk\/de\/wp-content\/uploads\/sites\/3\/2019\/06\/Strandhotellet_blokhus_wellness_sauna.jpg","link":"https:\/\/strandhotellet-blokhus.dk\/de\/fitness\/strandhotellet_blokhus_wellness_sauna-2\/#main","alt":"","author":"1","description":"","caption":"","name":"strandhotellet_blokhus_wellness_sauna-2","status":"inherit","uploaded_to":922,"date":"2019-06-21 07:00:25","modified":"2019-06-21 07:00:25","menu_order":0,"mime_type":"image\/jpeg","type":"image","subtype":"jpeg","icon":"https:\/\/strandhotellet-blokhus.dk\/de\/wp-includes\/images\/media\/default.png","width":600,"height":600,"sizes":{"thumbnail":"https:\/\/strandhotellet-blokhus.dk\/de\/wp-content\/uploads\/sites\/3\/2019\/06\/Strandhotellet_blokhus_wellness_sauna-150x150.jpg","thumbnail-width":150,"thumbnail-height":150,"medium":"https:\/\/strandhotellet-blokhus.dk\/de\/wp-content\/uploads\/sites\/3\/2019\/06\/Strandhotellet_blokhus_wellness_sauna-300x300.jpg","medium-width":300,"medium-height":300,"medium_large":"https:\/\/strandhotellet-blokhus.dk\/de\/wp-content\/uploads\/sites\/3\/2019\/06\/Strandhotellet_blokhus_wellness_sauna.jpg","medium_large-width":600,"medium_large-height":600,"large":"https:\/\/strandhotellet-blokhus.dk\/de\/wp-content\/uploads\/sites\/3\/2019\/06\/Strandhotellet_blokhus_wellness_sauna.jpg","large-width":600,"large-height":600,"1536x1536":"https:\/\/strandhotellet-blokhus.dk\/de\/wp-content\/uploads\/sites\/3\/2019\/06\/Strandhotellet_blokhus_wellness_sauna.jpg","1536x1536-width":600,"1536x1536-height":600,"2048x2048":"https:\/\/strandhotellet-blokhus.dk\/de\/wp-content\/uploads\/sites\/3\/2019\/06\/Strandhotellet_blokhus_wellness_sauna.jpg","2048x2048-width":600,"2048x2048-height":600}}},{"image":{"ID":262,"id":262,"title":"Inspirationsfoto-2","filename":"Inspirationsfoto-2.jpg","filesize":23162,"url":"https:\/\/strandhotellet-blokhus.dk\/de\/wp-content\/uploads\/sites\/3\/2019\/05\/Inspirationsfoto-2.jpg","link":"https:\/\/strandhotellet-blokhus.dk\/de\/winterbaden\/inspirationsfoto-2\/#main","alt":"","author":"1","description":"","caption":"","name":"inspirationsfoto-2","status":"inherit","uploaded_to":255,"date":"2019-05-28 07:49:03","modified":"2019-05-28 07:49:03","menu_order":0,"mime_type":"image\/jpeg","type":"image","subtype":"jpeg","icon":"https:\/\/strandhotellet-blokhus.dk\/de\/wp-includes\/images\/media\/default.png","width":400,"height":400,"sizes":{"thumbnail":"https:\/\/strandhotellet-blokhus.dk\/de\/wp-content\/uploads\/sites\/3\/2019\/05\/Inspirationsfoto-2-150x150.jpg","thumbnail-width":150,"thumbnail-height":150,"medium":"https:\/\/strandhotellet-blokhus.dk\/de\/wp-content\/uploads\/sites\/3\/2019\/05\/Inspirationsfoto-2-300x300.jpg","medium-width":300,"medium-height":300,"medium_large":"https:\/\/strandhotellet-blokhus.dk\/de\/wp-content\/uploads\/sites\/3\/2019\/05\/Inspirationsfoto-2.jpg","medium_large-width":400,"medium_large-height":400,"large":"https:\/\/strandhotellet-blokhus.dk\/de\/wp-content\/uploads\/sites\/3\/2019\/05\/Inspirationsfoto-2.jpg","large-width":400,"large-height":400,"1536x1536":"https:\/\/strandhotellet-blokhus.dk\/de\/wp-content\/uploads\/sites\/3\/2019\/05\/Inspirationsfoto-2.jpg","1536x1536-width":400,"1536x1536-height":400,"2048x2048":"https:\/\/strandhotellet-blokhus.dk\/de\/wp-content\/uploads\/sites\/3\/2019\/05\/Inspirationsfoto-2.jpg","2048x2048-width":400,"2048x2048-height":400}}}]}]},"yoast_head":"<!-- This site is optimized with the Yoast SEO plugin v19.13 - https:\/\/yoast.com\/wordpress\/plugins\/seo\/ -->\n<title>fitness - Strandhotel Tysk<\/title>\n<meta name=\"robots\" content=\"index, follow, max-snippet:-1, max-image-preview:large, max-video-preview:-1\" \/>\n<link rel=\"canonical\" href=\"https:\/\/strandhotellet-blokhus.dk\/de\/fitness\/\" \/>\n<meta property=\"og:locale\" content=\"de_DE\" \/>\n<meta property=\"og:type\" content=\"article\" \/>\n<meta property=\"og:title\" content=\"fitness - Strandhotel Tysk\" \/>\n<meta property=\"og:url\" content=\"https:\/\/strandhotellet-blokhus.dk\/de\/fitness\/\" \/>\n<meta property=\"og:site_name\" content=\"Strandhotel Tysk\" \/>\n<meta property=\"article:modified_time\" content=\"2023-01-12T13:17:42+00:00\" \/>\n<meta name=\"twitter:card\" content=\"summary_large_image\" \/>\n<script type=\"application\/ld+json\" class=\"yoast-schema-graph\">{\"@context\":\"https:\/\/schema.org\",\"@graph\":[{\"@type\":\"WebPage\",\"@id\":\"https:\/\/strandhotellet-blokhus.dk\/de\/fitness\/\",\"url\":\"https:\/\/strandhotellet-blokhus.dk\/de\/fitness\/\",\"name\":\"fitness - Strandhotel Tysk\",\"isPartOf\":{\"@id\":\"https:\/\/strandhotellet-blokhus.dk\/de\/#website\"},\"datePublished\":\"2019-06-21T07:01:01+00:00\",\"dateModified\":\"2023-01-12T13:17:42+00:00\",\"breadcrumb\":{\"@id\":\"https:\/\/strandhotellet-blokhus.dk\/de\/fitness\/#breadcrumb\"},\"inLanguage\":\"de-DE\",\"potentialAction\":[{\"@type\":\"ReadAction\",\"target\":[\"https:\/\/strandhotellet-blokhus.dk\/de\/fitness\/\"]}]},{\"@type\":\"BreadcrumbList\",\"@id\":\"https:\/\/strandhotellet-blokhus.dk\/de\/fitness\/#breadcrumb\",\"itemListElement\":[{\"@type\":\"ListItem\",\"position\":1,\"name\":\"Hjem\",\"item\":\"https:\/\/strandhotellet-blokhus.dk\/de\/\"},{\"@type\":\"ListItem\",\"position\":2,\"name\":\"fitness\"}]},{\"@type\":\"WebSite\",\"@id\":\"https:\/\/strandhotellet-blokhus.dk\/de\/#website\",\"url\":\"https:\/\/strandhotellet-blokhus.dk\/de\/\",\"name\":\"Strandhotel Tysk\",\"description\":\"\",\"publisher\":{\"@id\":\"https:\/\/strandhotellet-blokhus.dk\/de\/#organization\"},\"potentialAction\":[{\"@type\":\"SearchAction\",\"target\":{\"@type\":\"EntryPoint\",\"urlTemplate\":\"https:\/\/strandhotellet-blokhus.dk\/de\/?s={search_term_string}\"},\"query-input\":\"required name=search_term_string\"}],\"inLanguage\":\"de-DE\"},{\"@type\":\"Organization\",\"@id\":\"https:\/\/strandhotellet-blokhus.dk\/de\/#organization\",\"name\":\"Strandhotel Tysk\",\"url\":\"https:\/\/strandhotellet-blokhus.dk\/de\/\",\"logo\":{\"@type\":\"ImageObject\",\"inLanguage\":\"de-DE\",\"@id\":\"https:\/\/strandhotellet-blokhus.dk\/de\/#\/schema\/logo\/image\/\",\"url\":\"https:\/\/strandhotellet-blokhus.dk\/de\/wp-content\/uploads\/sites\/3\/2019\/05\/Strandhotellet-Blokhus-logo.png\",\"contentUrl\":\"https:\/\/strandhotellet-blokhus.dk\/de\/wp-content\/uploads\/sites\/3\/2019\/05\/Strandhotellet-Blokhus-logo.png\",\"width\":280,\"height\":119,\"caption\":\"Strandhotel Tysk\"},\"image\":{\"@id\":\"https:\/\/strandhotellet-blokhus.dk\/de\/#\/schema\/logo\/image\/\"}}]}<\/script>\n<!-- \/ Yoast SEO plugin. -->","yoast_head_json":{"title":"fitness - Strandhotel Tysk","robots":{"index":"index","follow":"follow","max-snippet":"max-snippet:-1","max-image-preview":"max-image-preview:large","max-video-preview":"max-video-preview:-1"},"canonical":"https:\/\/strandhotellet-blokhus.dk\/de\/fitness\/","og_locale":"de_DE","og_type":"article","og_title":"fitness - Strandhotel Tysk","og_url":"https:\/\/strandhotellet-blokhus.dk\/de\/fitness\/","og_site_name":"Strandhotel Tysk","article_modified_time":"2023-01-12T13:17:42+00:00","twitter_card":"summary_large_image","schema":{"@context":"https:\/\/schema.org","@graph":[{"@type":"WebPage","@id":"https:\/\/strandhotellet-blokhus.dk\/de\/fitness\/","url":"https:\/\/strandhotellet-blokhus.dk\/de\/fitness\/","name":"fitness - Strandhotel Tysk","isPartOf":{"@id":"https:\/\/strandhotellet-blokhus.dk\/de\/#website"},"datePublished":"2019-06-21T07:01:01+00:00","dateModified":"2023-01-12T13:17:42+00:00","breadcrumb":{"@id":"https:\/\/strandhotellet-blokhus.dk\/de\/fitness\/#breadcrumb"},"inLanguage":"de-DE","potentialAction":[{"@type":"ReadAction","target":["https:\/\/strandhotellet-blokhus.dk\/de\/fitness\/"]}]},{"@type":"BreadcrumbList","@id":"https:\/\/strandhotellet-blokhus.dk\/de\/fitness\/#breadcrumb","itemListElement":[{"@type":"ListItem","position":1,"name":"Hjem","item":"https:\/\/strandhotellet-blokhus.dk\/de\/"},{"@type":"ListItem","position":2,"name":"fitness"}]},{"@type":"WebSite","@id":"https:\/\/strandhotellet-blokhus.dk\/de\/#website","url":"https:\/\/strandhotellet-blokhus.dk\/de\/","name":"Strandhotel Tysk","description":"","publisher":{"@id":"https:\/\/strandhotellet-blokhus.dk\/de\/#organization"},"potentialAction":[{"@type":"SearchAction","target":{"@type":"EntryPoint","urlTemplate":"https:\/\/strandhotellet-blokhus.dk\/de\/?s={search_term_string}"},"query-input":"required name=search_term_string"}],"inLanguage":"de-DE"},{"@type":"Organization","@id":"https:\/\/strandhotellet-blokhus.dk\/de\/#organization","name":"Strandhotel Tysk","url":"https:\/\/strandhotellet-blokhus.dk\/de\/","logo":{"@type":"ImageObject","inLanguage":"de-DE","@id":"https:\/\/strandhotellet-blokhus.dk\/de\/#\/schema\/logo\/image\/","url":"https:\/\/strandhotellet-blokhus.dk\/de\/wp-content\/uploads\/sites\/3\/2019\/05\/Strandhotellet-Blokhus-logo.png","contentUrl":"https:\/\/strandhotellet-blokhus.dk\/de\/wp-content\/uploads\/sites\/3\/2019\/05\/Strandhotellet-Blokhus-logo.png","width":280,"height":119,"caption":"Strandhotel Tysk"},"image":{"@id":"https:\/\/strandhotellet-blokhus.dk\/de\/#\/schema\/logo\/image\/"}}]}},"_links":{"self":[{"href":"https:\/\/strandhotellet-blokhus.dk\/de\/wp-json\/wp\/v2\/pages\/922"}],"collection":[{"href":"https:\/\/strandhotellet-blokhus.dk\/de\/wp-json\/wp\/v2\/pages"}],"about":[{"href":"https:\/\/strandhotellet-blokhus.dk\/de\/wp-json\/wp\/v2\/types\/page"}],"author":[{"embeddable":true,"href":"https:\/\/strandhotellet-blokhus.dk\/de\/wp-json\/wp\/v2\/users\/1"}],"replies":[{"embeddable":true,"href":"https:\/\/strandhotellet-blokhus.dk\/de\/wp-json\/wp\/v2\/comments?post=922"}],"version-history":[{"count":9,"href":"https:\/\/strandhotellet-blokhus.dk\/de\/wp-json\/wp\/v2\/pages\/922\/revisions"}],"predecessor-version":[{"id":1325,"href":"https:\/\/strandhotellet-blokhus.dk\/de\/wp-json\/wp\/v2\/pages\/922\/revisions\/1325"}],"wp:attachment":[{"href":"https:\/\/strandhotellet-blokhus.dk\/de\/wp-json\/wp\/v2\/media?parent=922"}],"curies":[{"name":"wp","href":"https:\/\/api.w.org\/{rel}","templated":true}]}}