{"id":934,"date":"2019-06-28T10:45:21","date_gmt":"2019-06-28T08:45:21","guid":{"rendered":"http:\/\/strandhotellet-blokhus.dk\/de\/?page_id=934"},"modified":"2020-05-19T12:27:18","modified_gmt":"2020-05-19T10:27:18","slug":"blokhus","status":"publish","type":"page","link":"https:\/\/strandhotellet-blokhus.dk\/de\/blokhus\/","title":{"rendered":"Blokhus"},"content":{"rendered":"","protected":false},"excerpt":{"rendered":"","protected":false},"author":1,"featured_media":0,"parent":0,"menu_order":0,"comment_status":"closed","ping_status":"closed","template":"","meta":[],"acf":{"show_banner":"yes","banner_image":{"ID":319,"id":319,"title":"vinterbadning-i-blokhus","filename":"vinterbadning-i-blokhus-2.jpg","filesize":102106,"url":"https:\/\/strandhotellet-blokhus.dk\/de\/wp-content\/uploads\/sites\/3\/2019\/05\/vinterbadning-i-blokhus-2.jpg","link":"https:\/\/strandhotellet-blokhus.dk\/de\/blokhus\/vinterbadning-i-blokhus-3\/#main","alt":"","author":"1","description":"","caption":"","name":"vinterbadning-i-blokhus-3","status":"inherit","uploaded_to":934,"date":"2019-05-28 13:43:25","modified":"2019-06-28 08:45:22","menu_order":0,"mime_type":"image\/jpeg","type":"image","subtype":"jpeg","icon":"https:\/\/strandhotellet-blokhus.dk\/de\/wp-includes\/images\/media\/default.png","width":2000,"height":500,"sizes":{"thumbnail":"https:\/\/strandhotellet-blokhus.dk\/de\/wp-content\/uploads\/sites\/3\/2019\/05\/vinterbadning-i-blokhus-2-150x150.jpg","thumbnail-width":150,"thumbnail-height":150,"medium":"https:\/\/strandhotellet-blokhus.dk\/de\/wp-content\/uploads\/sites\/3\/2019\/05\/vinterbadning-i-blokhus-2-300x75.jpg","medium-width":300,"medium-height":75,"medium_large":"https:\/\/strandhotellet-blokhus.dk\/de\/wp-content\/uploads\/sites\/3\/2019\/05\/vinterbadning-i-blokhus-2-768x192.jpg","medium_large-width":768,"medium_large-height":192,"large":"https:\/\/strandhotellet-blokhus.dk\/de\/wp-content\/uploads\/sites\/3\/2019\/05\/vinterbadning-i-blokhus-2-1024x256.jpg","large-width":1024,"large-height":256,"1536x1536":"https:\/\/strandhotellet-blokhus.dk\/de\/wp-content\/uploads\/sites\/3\/2019\/05\/vinterbadning-i-blokhus-2.jpg","1536x1536-width":1536,"1536x1536-height":384,"2048x2048":"https:\/\/strandhotellet-blokhus.dk\/de\/wp-content\/uploads\/sites\/3\/2019\/05\/vinterbadning-i-blokhus-2.jpg","2048x2048-width":2000,"2048x2048-height":500}},"show_formular":true,"text_over_form":"","flex_content":[{"acf_fc_layout":"col_2_text_and_image_or_info_case","col6":null,"text":"<h1>Blokhus<\/h1>\n<h6><span style=\"text-decoration: underline;\">NORDJ\u00dcTLANDS SCH\u00d6NSTER BADEORT<\/span><\/h6>\n<p>Strandhottelet liegt im Herzen von Blokhus, an der Jammerbucht direkt an der Nordsee. Blokhus ist bekannt f\u00fcr seinen breiten, wei\u00dfen Sandstrand und bietet ganzj\u00e4hrig ein aktives, familienfreundliches Ortsleben. Der angrenzende D\u00fcnenwald liegt nur 0.5 km vom Hotel entfernt.<\/p>\n<p>Die vielen Gesch\u00e4fte im Ort laden zum Shoppen und St\u00f6bern ein &#8211; so zum Beispiel das Kaufhaus Kalstrup. Von Kleidung bis Kunsthandwerk und f\u00fcr jeden Geldbeutel l\u00e4sst sich etwas finden.<\/p>\n<p>Blokhus liegt nur 30 min. Autofahrt von Aalborg und dem Flughafen Aalborg entfernt. Aalborg begeistert mit seinem Konzerthaus Musikkens Hus, dem Kunstmuseum Kunsten, moderner Architektur im alten Hafen und Gastronomie der Spitzenklasse.<\/p>\n<h3>Blokhus\u2019 Geschichte<\/h3>\n<p>Der Ort war urspr\u00fcnglich ein Fischerdorf mit Handelshof. Ab Mitte des 19. Jahrhunderts entwickelte sich Blokhus zu einem touristischen Reiseziel, das d\u00e4nische Sommerg\u00e4ste an die frische Nordseeluft lockte.<\/p>\n<p>Heute erfreut sich der Ort ungebrochener Beliebtheit und ist zu einem ganzj\u00e4hrigen Urlaubsziel geworden. Blokhus hat sich von einem bekannten Schiffs- und Handelsplatz zu einem Urlaubsort entwickelt und dabei seinen urspr\u00fcnglichen Charme bewahren k\u00f6nnen.<\/p>\n<h3>Blokhus Strand<\/h3>\n<p>Blokhus Strand z\u00e4hlt zu den sch\u00f6nsten Sandstr\u00e4nden Nordeuropas und liegt nur 450 m vom Hotel entfernt. Der breite wei\u00dfe Sandstrand erstreckt sich \u00fcber viele Kilometer von L\u00f8kken im Norden bis R\u00f8dhus im S\u00fcden. Man sp\u00fcrt seinen inneren Frieden mit den hohen D\u00fcnen im R\u00fccken, den Blick auf das offene Meer gerichtet.<\/p>\n<p>Die Blaue Flagge garantiert Sicherheit und Sauberkeit. In der Zeit vom 1. Mai bis 30. September werden die traditionellen, wei\u00dfen Badeh\u00e4user aufgestellt. Eine einzigartige Geschichte, die zu den Anf\u00e4ngen des Tourismus Mitte des 19. Jahrhunderts zur\u00fcckreicht. Die rote Seebake steht hingegen das ganze Jahr auf den D\u00fcnen und weist seit jeher den Fischern den Weg zur\u00fcck nach Blokhus.<\/p>\n<h3>Attraktionen und Sehensw\u00fcrdigkeiten<\/h3>\n<p>Der Blokhus Skulpturpark hat ganzj\u00e4hrig ge\u00f6ffnet. Hier wurde Kreativen freien Lauf gelassen mit verschiedenen Materialien, wie Sand, Beton, Stein und Metal zu experimentieren. Blokus Skulpturpark liegt ca. 1,7 km vom Hotel entfernt.<\/p>\n<p>In der Sommersaison \u00f6ffnet der Freizeitpark F\u00e5rup Sommerland seine Tore. Mehrfach zum besten Freizeitpark Nordeuropas gek\u00fcrt, bietet er Attraktionen f\u00fcr Kinder und Erwachsende. F\u00e5rup Sommerland liegt ca. 5.6 km vom Hotel entfernt.<\/p>\n<p>Mehrfach im Sommer finden auf dem gro\u00dfen Platz in der Ortsmitte, gleich gegen\u00fcber dem Hotel, \u00f6ffentliche Konzerte statt.<\/p>\n<p>Das Museum f\u00fcr Papierkunst widmet sich der d\u00e4nischen Tradition des Scherenschnitts und entwickelt hierzu spannende Ausstellungen Rund um das Material Papier. Probieren Sie sich selbst mit der Schere oder beim Origami. Das Museum liegt ca. 2 km vom Hotel entfernt. In unmittelbarer Nachbarschaft zum Museum liegt der malerische Garten Anne Just\u2019s Havn und die Kerzenmanufaktur Blokhus Lys.<\/p>\n","buttons":false,"col6_copy":null,"images":false,"show":"yes","info_text":"<h2 style=\"text-align: center;\"><span style=\"text-decoration: underline;\">Wir m\u00f6chten Sie verw\u00f6hnen<\/span><\/h2>\n<p>Das Hotel befindet sich in Blokhus. Nahe bei&#8230;<\/p>\n<ul>\n<li>Wei<span lang=\"de\" tabindex=\"0\">\u00dfe Str\u00e4nde\u00a0<\/span><\/li>\n<li>Blokhus Plantage<\/li>\n<li>Einkaufen<\/li>\n<li>Kunst und Kultur<\/li>\n<li>Aalborg Stadt und Flughafen<\/li>\n<\/ul>\n","info_button":{"title":"Kontakt","url":"http:\/\/strandhotellet-blokhus.dk\/de\/kontakt\/","target":""}},{"acf_fc_layout":"col_1_insta_images","col12":null}]},"yoast_head":"<!-- This site is optimized with the Yoast SEO plugin v19.13 - https:\/\/yoast.com\/wordpress\/plugins\/seo\/ -->\n<title>Blokhus - Strandhotel Tysk<\/title>\n<meta name=\"robots\" content=\"index, follow, max-snippet:-1, max-image-preview:large, max-video-preview:-1\" \/>\n<link rel=\"canonical\" href=\"https:\/\/strandhotellet-blokhus.dk\/de\/blokhus\/\" \/>\n<meta property=\"og:locale\" content=\"de_DE\" \/>\n<meta property=\"og:type\" content=\"article\" \/>\n<meta property=\"og:title\" content=\"Blokhus - Strandhotel Tysk\" \/>\n<meta property=\"og:url\" content=\"https:\/\/strandhotellet-blokhus.dk\/de\/blokhus\/\" \/>\n<meta property=\"og:site_name\" content=\"Strandhotel Tysk\" \/>\n<meta property=\"article:modified_time\" content=\"2020-05-19T10:27:18+00:00\" \/>\n<meta name=\"twitter:card\" content=\"summary_large_image\" \/>\n<script type=\"application\/ld+json\" class=\"yoast-schema-graph\">{\"@context\":\"https:\/\/schema.org\",\"@graph\":[{\"@type\":\"WebPage\",\"@id\":\"https:\/\/strandhotellet-blokhus.dk\/de\/blokhus\/\",\"url\":\"https:\/\/strandhotellet-blokhus.dk\/de\/blokhus\/\",\"name\":\"Blokhus - Strandhotel Tysk\",\"isPartOf\":{\"@id\":\"https:\/\/strandhotellet-blokhus.dk\/de\/#website\"},\"datePublished\":\"2019-06-28T08:45:21+00:00\",\"dateModified\":\"2020-05-19T10:27:18+00:00\",\"breadcrumb\":{\"@id\":\"https:\/\/strandhotellet-blokhus.dk\/de\/blokhus\/#breadcrumb\"},\"inLanguage\":\"de-DE\",\"potentialAction\":[{\"@type\":\"ReadAction\",\"target\":[\"https:\/\/strandhotellet-blokhus.dk\/de\/blokhus\/\"]}]},{\"@type\":\"BreadcrumbList\",\"@id\":\"https:\/\/strandhotellet-blokhus.dk\/de\/blokhus\/#breadcrumb\",\"itemListElement\":[{\"@type\":\"ListItem\",\"position\":1,\"name\":\"Hjem\",\"item\":\"https:\/\/strandhotellet-blokhus.dk\/de\/\"},{\"@type\":\"ListItem\",\"position\":2,\"name\":\"Blokhus\"}]},{\"@type\":\"WebSite\",\"@id\":\"https:\/\/strandhotellet-blokhus.dk\/de\/#website\",\"url\":\"https:\/\/strandhotellet-blokhus.dk\/de\/\",\"name\":\"Strandhotel Tysk\",\"description\":\"\",\"publisher\":{\"@id\":\"https:\/\/strandhotellet-blokhus.dk\/de\/#organization\"},\"potentialAction\":[{\"@type\":\"SearchAction\",\"target\":{\"@type\":\"EntryPoint\",\"urlTemplate\":\"https:\/\/strandhotellet-blokhus.dk\/de\/?s={search_term_string}\"},\"query-input\":\"required name=search_term_string\"}],\"inLanguage\":\"de-DE\"},{\"@type\":\"Organization\",\"@id\":\"https:\/\/strandhotellet-blokhus.dk\/de\/#organization\",\"name\":\"Strandhotel Tysk\",\"url\":\"https:\/\/strandhotellet-blokhus.dk\/de\/\",\"logo\":{\"@type\":\"ImageObject\",\"inLanguage\":\"de-DE\",\"@id\":\"https:\/\/strandhotellet-blokhus.dk\/de\/#\/schema\/logo\/image\/\",\"url\":\"https:\/\/strandhotellet-blokhus.dk\/de\/wp-content\/uploads\/sites\/3\/2019\/05\/Strandhotellet-Blokhus-logo.png\",\"contentUrl\":\"https:\/\/strandhotellet-blokhus.dk\/de\/wp-content\/uploads\/sites\/3\/2019\/05\/Strandhotellet-Blokhus-logo.png\",\"width\":280,\"height\":119,\"caption\":\"Strandhotel Tysk\"},\"image\":{\"@id\":\"https:\/\/strandhotellet-blokhus.dk\/de\/#\/schema\/logo\/image\/\"}}]}<\/script>\n<!-- \/ Yoast SEO plugin. -->","yoast_head_json":{"title":"Blokhus - Strandhotel Tysk","robots":{"index":"index","follow":"follow","max-snippet":"max-snippet:-1","max-image-preview":"max-image-preview:large","max-video-preview":"max-video-preview:-1"},"canonical":"https:\/\/strandhotellet-blokhus.dk\/de\/blokhus\/","og_locale":"de_DE","og_type":"article","og_title":"Blokhus - Strandhotel Tysk","og_url":"https:\/\/strandhotellet-blokhus.dk\/de\/blokhus\/","og_site_name":"Strandhotel Tysk","article_modified_time":"2020-05-19T10:27:18+00:00","twitter_card":"summary_large_image","schema":{"@context":"https:\/\/schema.org","@graph":[{"@type":"WebPage","@id":"https:\/\/strandhotellet-blokhus.dk\/de\/blokhus\/","url":"https:\/\/strandhotellet-blokhus.dk\/de\/blokhus\/","name":"Blokhus - Strandhotel Tysk","isPartOf":{"@id":"https:\/\/strandhotellet-blokhus.dk\/de\/#website"},"datePublished":"2019-06-28T08:45:21+00:00","dateModified":"2020-05-19T10:27:18+00:00","breadcrumb":{"@id":"https:\/\/strandhotellet-blokhus.dk\/de\/blokhus\/#breadcrumb"},"inLanguage":"de-DE","potentialAction":[{"@type":"ReadAction","target":["https:\/\/strandhotellet-blokhus.dk\/de\/blokhus\/"]}]},{"@type":"BreadcrumbList","@id":"https:\/\/strandhotellet-blokhus.dk\/de\/blokhus\/#breadcrumb","itemListElement":[{"@type":"ListItem","position":1,"name":"Hjem","item":"https:\/\/strandhotellet-blokhus.dk\/de\/"},{"@type":"ListItem","position":2,"name":"Blokhus"}]},{"@type":"WebSite","@id":"https:\/\/strandhotellet-blokhus.dk\/de\/#website","url":"https:\/\/strandhotellet-blokhus.dk\/de\/","name":"Strandhotel Tysk","description":"","publisher":{"@id":"https:\/\/strandhotellet-blokhus.dk\/de\/#organization"},"potentialAction":[{"@type":"SearchAction","target":{"@type":"EntryPoint","urlTemplate":"https:\/\/strandhotellet-blokhus.dk\/de\/?s={search_term_string}"},"query-input":"required name=search_term_string"}],"inLanguage":"de-DE"},{"@type":"Organization","@id":"https:\/\/strandhotellet-blokhus.dk\/de\/#organization","name":"Strandhotel Tysk","url":"https:\/\/strandhotellet-blokhus.dk\/de\/","logo":{"@type":"ImageObject","inLanguage":"de-DE","@id":"https:\/\/strandhotellet-blokhus.dk\/de\/#\/schema\/logo\/image\/","url":"https:\/\/strandhotellet-blokhus.dk\/de\/wp-content\/uploads\/sites\/3\/2019\/05\/Strandhotellet-Blokhus-logo.png","contentUrl":"https:\/\/strandhotellet-blokhus.dk\/de\/wp-content\/uploads\/sites\/3\/2019\/05\/Strandhotellet-Blokhus-logo.png","width":280,"height":119,"caption":"Strandhotel Tysk"},"image":{"@id":"https:\/\/strandhotellet-blokhus.dk\/de\/#\/schema\/logo\/image\/"}}]}},"_links":{"self":[{"href":"https:\/\/strandhotellet-blokhus.dk\/de\/wp-json\/wp\/v2\/pages\/934"}],"collection":[{"href":"https:\/\/strandhotellet-blokhus.dk\/de\/wp-json\/wp\/v2\/pages"}],"about":[{"href":"https:\/\/strandhotellet-blokhus.dk\/de\/wp-json\/wp\/v2\/types\/page"}],"author":[{"embeddable":true,"href":"https:\/\/strandhotellet-blokhus.dk\/de\/wp-json\/wp\/v2\/users\/1"}],"replies":[{"embeddable":true,"href":"https:\/\/strandhotellet-blokhus.dk\/de\/wp-json\/wp\/v2\/comments?post=934"}],"version-history":[{"count":15,"href":"https:\/\/strandhotellet-blokhus.dk\/de\/wp-json\/wp\/v2\/pages\/934\/revisions"}],"predecessor-version":[{"id":1218,"href":"https:\/\/strandhotellet-blokhus.dk\/de\/wp-json\/wp\/v2\/pages\/934\/revisions\/1218"}],"wp:attachment":[{"href":"https:\/\/strandhotellet-blokhus.dk\/de\/wp-json\/wp\/v2\/media?parent=934"}],"curies":[{"name":"wp","href":"https:\/\/api.w.org\/{rel}","templated":true}]}}