{"id":94,"date":"2019-05-24T11:13:39","date_gmt":"2019-05-24T09:13:39","guid":{"rendered":"http:\/\/strandhotellet-blokhus.dk\/de\/?page_id=94"},"modified":"2020-10-30T13:39:45","modified_gmt":"2020-10-30T12:39:45","slug":"die-vorgeschichte","status":"publish","type":"page","link":"https:\/\/strandhotellet-blokhus.dk\/de\/die-vorgeschichte\/","title":{"rendered":"Die Vorgeschichte"},"content":{"rendered":"","protected":false},"excerpt":{"rendered":"","protected":false},"author":1,"featured_media":0,"parent":0,"menu_order":0,"comment_status":"closed","ping_status":"closed","template":"","meta":[],"acf":{"show_banner":"yes","banner_image":{"ID":731,"id":731,"title":"Strandhotellet-blokhus23232","filename":"Strandhotellet-blokhus23232.jpg","filesize":312517,"url":"https:\/\/strandhotellet-blokhus.dk\/de\/wp-content\/uploads\/sites\/3\/2019\/06\/Strandhotellet-blokhus23232.jpg","link":"https:\/\/strandhotellet-blokhus.dk\/de\/die-vorgeschichte\/strandhotellet-blokhus23232\/#main","alt":"","author":"1","description":"","caption":"","name":"strandhotellet-blokhus23232","status":"inherit","uploaded_to":94,"date":"2019-06-04 07:55:57","modified":"2019-07-02 07:07:41","menu_order":0,"mime_type":"image\/jpeg","type":"image","subtype":"jpeg","icon":"https:\/\/strandhotellet-blokhus.dk\/de\/wp-includes\/images\/media\/default.png","width":2000,"height":500,"sizes":{"thumbnail":"https:\/\/strandhotellet-blokhus.dk\/de\/wp-content\/uploads\/sites\/3\/2019\/06\/Strandhotellet-blokhus23232-150x150.jpg","thumbnail-width":150,"thumbnail-height":150,"medium":"https:\/\/strandhotellet-blokhus.dk\/de\/wp-content\/uploads\/sites\/3\/2019\/06\/Strandhotellet-blokhus23232-300x75.jpg","medium-width":300,"medium-height":75,"medium_large":"https:\/\/strandhotellet-blokhus.dk\/de\/wp-content\/uploads\/sites\/3\/2019\/06\/Strandhotellet-blokhus23232-768x192.jpg","medium_large-width":768,"medium_large-height":192,"large":"https:\/\/strandhotellet-blokhus.dk\/de\/wp-content\/uploads\/sites\/3\/2019\/06\/Strandhotellet-blokhus23232-1024x256.jpg","large-width":1024,"large-height":256,"1536x1536":"https:\/\/strandhotellet-blokhus.dk\/de\/wp-content\/uploads\/sites\/3\/2019\/06\/Strandhotellet-blokhus23232.jpg","1536x1536-width":1536,"1536x1536-height":384,"2048x2048":"https:\/\/strandhotellet-blokhus.dk\/de\/wp-content\/uploads\/sites\/3\/2019\/06\/Strandhotellet-blokhus23232.jpg","2048x2048-width":2000,"2048x2048-height":500}},"flex_content":[{"acf_fc_layout":"col_2_text_and_image_or_info_case","col6":null,"text":"<h1>Die Vorgeschichte<\/h1>\n<h6><span style=\"text-decoration: underline;\">EIN HOTEL AUS LIEBE ZUR REGION<\/span><\/h6>\n<p>Der Gedanke ein Hotel zu er\u00f6ffnen entstand 2014 und bereits 3 Jahre sp\u00e4ter am 1. Juli 2017 haben wir er\u00f6ffnet.<\/p>\n<p>Das Hotel geh\u00f6rt dem Ehepaar Marie Lousie und Steffen Ebdrup aus Aarhus, die seit vielen Jahren auf liebevolle Weise mit Nordj\u00fctland und Blokhus verbunden sind.<\/p>\n<p>Der Wunsch war es ein Hotel zu errichten, das sich harmonisch in den bestehenden Ort einf\u00fcgt. Der Architekt Jorgen Ussing hat ein klassisches Geb\u00e4ude entworfen, dass auf nat\u00fcrliche Weise mit dem Ort und seiner Umgebung verschmilzt. Das Geb\u00e4ude greift Stilelemente klassischer d\u00e4nischer Badehotels der 1920er und 1930er Jahre auf und bietet gleichzeitig den Komfort und die Annehmlichkeiten eines exklusiven Hotels unserer Zeit.<\/p>\n<p>In der urspr\u00fcnglichen Idee waren lediglich 10 Zimmern vorgesehen, doch die positive Resonanz und die hohe Nachfrage lie\u00dfen daraus schlussendlich ein Haus mit 37 sch\u00f6ne Doppelzimmern und zwei Apartmentwohnungen im naheliegenden, historischen Kacellig\u00e5rd werden.<\/p>\n<p>Wir hoffen Strandhotellet wird ein attraktives, ganzj\u00e4hriges Reiseziel mit Restaurant, Orangerie, Veranstaltungspavillon, Wellness, Fitness und Lounge.<\/p>\n","buttons":false,"col6_copy":null,"images":[{"image":{"ID":106,"id":106,"title":"1B0A5114-1-400x535","filename":"1B0A5114-1-400x535.jpg","filesize":47750,"url":"https:\/\/strandhotellet-blokhus.dk\/de\/wp-content\/uploads\/sites\/3\/2019\/05\/1B0A5114-1-400x535.jpg","link":"https:\/\/strandhotellet-blokhus.dk\/de\/die-vorgeschichte\/1b0a5114-1-400x535\/#main","alt":"","author":"1","description":"","caption":"","name":"1b0a5114-1-400x535","status":"inherit","uploaded_to":94,"date":"2019-05-24 11:19:34","modified":"2019-05-24 11:19:34","menu_order":0,"mime_type":"image\/jpeg","type":"image","subtype":"jpeg","icon":"https:\/\/strandhotellet-blokhus.dk\/de\/wp-includes\/images\/media\/default.png","width":400,"height":535,"sizes":{"thumbnail":"https:\/\/strandhotellet-blokhus.dk\/de\/wp-content\/uploads\/sites\/3\/2019\/05\/1B0A5114-1-400x535-150x150.jpg","thumbnail-width":150,"thumbnail-height":150,"medium":"https:\/\/strandhotellet-blokhus.dk\/de\/wp-content\/uploads\/sites\/3\/2019\/05\/1B0A5114-1-400x535-224x300.jpg","medium-width":224,"medium-height":300,"medium_large":"https:\/\/strandhotellet-blokhus.dk\/de\/wp-content\/uploads\/sites\/3\/2019\/05\/1B0A5114-1-400x535.jpg","medium_large-width":400,"medium_large-height":535,"large":"https:\/\/strandhotellet-blokhus.dk\/de\/wp-content\/uploads\/sites\/3\/2019\/05\/1B0A5114-1-400x535.jpg","large-width":400,"large-height":535,"1536x1536":"https:\/\/strandhotellet-blokhus.dk\/de\/wp-content\/uploads\/sites\/3\/2019\/05\/1B0A5114-1-400x535.jpg","1536x1536-width":400,"1536x1536-height":535,"2048x2048":"https:\/\/strandhotellet-blokhus.dk\/de\/wp-content\/uploads\/sites\/3\/2019\/05\/1B0A5114-1-400x535.jpg","2048x2048-width":400,"2048x2048-height":535}}},{"image":{"ID":630,"id":630,"title":"1B0A5840-329x220","filename":"1B0A5840-329x220.jpg","filesize":60605,"url":"https:\/\/strandhotellet-blokhus.dk\/de\/wp-content\/uploads\/sites\/3\/2019\/05\/1B0A5840-329x220.jpg","link":"https:\/\/strandhotellet-blokhus.dk\/de\/die-vorgeschichte\/1b0a5840-329x220\/#main","alt":"","author":"1","description":"","caption":"","name":"1b0a5840-329x220","status":"inherit","uploaded_to":94,"date":"2019-05-31 07:51:44","modified":"2019-05-31 07:51:44","menu_order":0,"mime_type":"image\/jpeg","type":"image","subtype":"jpeg","icon":"https:\/\/strandhotellet-blokhus.dk\/de\/wp-includes\/images\/media\/default.png","width":330,"height":220,"sizes":{"thumbnail":"https:\/\/strandhotellet-blokhus.dk\/de\/wp-content\/uploads\/sites\/3\/2019\/05\/1B0A5840-329x220-150x150.jpg","thumbnail-width":150,"thumbnail-height":150,"medium":"https:\/\/strandhotellet-blokhus.dk\/de\/wp-content\/uploads\/sites\/3\/2019\/05\/1B0A5840-329x220-300x200.jpg","medium-width":300,"medium-height":200,"medium_large":"https:\/\/strandhotellet-blokhus.dk\/de\/wp-content\/uploads\/sites\/3\/2019\/05\/1B0A5840-329x220.jpg","medium_large-width":330,"medium_large-height":220,"large":"https:\/\/strandhotellet-blokhus.dk\/de\/wp-content\/uploads\/sites\/3\/2019\/05\/1B0A5840-329x220.jpg","large-width":330,"large-height":220,"1536x1536":"https:\/\/strandhotellet-blokhus.dk\/de\/wp-content\/uploads\/sites\/3\/2019\/05\/1B0A5840-329x220.jpg","1536x1536-width":330,"1536x1536-height":220,"2048x2048":"https:\/\/strandhotellet-blokhus.dk\/de\/wp-content\/uploads\/sites\/3\/2019\/05\/1B0A5840-329x220.jpg","2048x2048-width":330,"2048x2048-height":220}}},{"image":{"ID":108,"id":108,"title":"1B0A5866-400x267","filename":"1B0A5866-400x267.jpg","filesize":19183,"url":"https:\/\/strandhotellet-blokhus.dk\/de\/wp-content\/uploads\/sites\/3\/2019\/05\/1B0A5866-400x267.jpg","link":"https:\/\/strandhotellet-blokhus.dk\/de\/die-vorgeschichte\/1b0a5866-400x267\/#main","alt":"","author":"1","description":"","caption":"","name":"1b0a5866-400x267","status":"inherit","uploaded_to":94,"date":"2019-05-24 11:19:45","modified":"2019-05-24 11:19:45","menu_order":0,"mime_type":"image\/jpeg","type":"image","subtype":"jpeg","icon":"https:\/\/strandhotellet-blokhus.dk\/de\/wp-includes\/images\/media\/default.png","width":400,"height":267,"sizes":{"thumbnail":"https:\/\/strandhotellet-blokhus.dk\/de\/wp-content\/uploads\/sites\/3\/2019\/05\/1B0A5866-400x267-150x150.jpg","thumbnail-width":150,"thumbnail-height":150,"medium":"https:\/\/strandhotellet-blokhus.dk\/de\/wp-content\/uploads\/sites\/3\/2019\/05\/1B0A5866-400x267-300x200.jpg","medium-width":300,"medium-height":200,"medium_large":"https:\/\/strandhotellet-blokhus.dk\/de\/wp-content\/uploads\/sites\/3\/2019\/05\/1B0A5866-400x267.jpg","medium_large-width":400,"medium_large-height":267,"large":"https:\/\/strandhotellet-blokhus.dk\/de\/wp-content\/uploads\/sites\/3\/2019\/05\/1B0A5866-400x267.jpg","large-width":400,"large-height":267,"1536x1536":"https:\/\/strandhotellet-blokhus.dk\/de\/wp-content\/uploads\/sites\/3\/2019\/05\/1B0A5866-400x267.jpg","1536x1536-width":400,"1536x1536-height":267,"2048x2048":"https:\/\/strandhotellet-blokhus.dk\/de\/wp-content\/uploads\/sites\/3\/2019\/05\/1B0A5866-400x267.jpg","2048x2048-width":400,"2048x2048-height":267}}}],"show":"no","info_text":"","info_button":null},{"acf_fc_layout":"col_2_case_with_image_text_link","col12":null,"setup":"3grid","bg_color":"grey","text":"<h6 style=\"text-align: center;\">LASSEN SIE SICH AN DER NORDSEE VERW\u00d6HNEN<\/h6>\n<h2 style=\"text-align: center;\">Aufenthalte die verf\u00fchren<\/h2>\n","cases":[{"bg":{"ID":229,"id":229,"title":"Getaway-ophold_Strandhotellet-Blokhus","filename":"Getaway-ophold_Strandhotellet-Blokhus-e1558964563172.jpg","filesize":18371,"url":"https:\/\/strandhotellet-blokhus.dk\/de\/wp-content\/uploads\/sites\/3\/2019\/05\/Getaway-ophold_Strandhotellet-Blokhus-e1558964563172.jpg","link":"https:\/\/strandhotellet-blokhus.dk\/de\/hund-und-katze\/getaway-ophold_strandhotellet-blokhus\/#main","alt":"","author":"1","description":"","caption":"","name":"getaway-ophold_strandhotellet-blokhus","status":"inherit","uploaded_to":228,"date":"2019-05-27 13:42:21","modified":"2019-05-27 13:42:21","menu_order":0,"mime_type":"image\/jpeg","type":"image","subtype":"jpeg","icon":"https:\/\/strandhotellet-blokhus.dk\/de\/wp-includes\/images\/media\/default.png","width":500,"height":283,"sizes":{"thumbnail":"https:\/\/strandhotellet-blokhus.dk\/de\/wp-content\/uploads\/sites\/3\/2019\/05\/Getaway-ophold_Strandhotellet-Blokhus-e1558964563172-150x150.jpg","thumbnail-width":150,"thumbnail-height":150,"medium":"https:\/\/strandhotellet-blokhus.dk\/de\/wp-content\/uploads\/sites\/3\/2019\/05\/Getaway-ophold_Strandhotellet-Blokhus-e1558964563172-300x170.jpg","medium-width":300,"medium-height":170,"medium_large":"https:\/\/strandhotellet-blokhus.dk\/de\/wp-content\/uploads\/sites\/3\/2019\/05\/Getaway-ophold_Strandhotellet-Blokhus-e1558964563172.jpg","medium_large-width":500,"medium_large-height":283,"large":"https:\/\/strandhotellet-blokhus.dk\/de\/wp-content\/uploads\/sites\/3\/2019\/05\/Getaway-ophold_Strandhotellet-Blokhus-e1558964563172.jpg","large-width":500,"large-height":283,"1536x1536":"https:\/\/strandhotellet-blokhus.dk\/de\/wp-content\/uploads\/sites\/3\/2019\/05\/Getaway-ophold_Strandhotellet-Blokhus-e1558964563172.jpg","1536x1536-width":500,"1536x1536-height":283,"2048x2048":"https:\/\/strandhotellet-blokhus.dk\/de\/wp-content\/uploads\/sites\/3\/2019\/05\/Getaway-ophold_Strandhotellet-Blokhus-e1558964563172.jpg","2048x2048-width":500,"2048x2048-height":283}},"titel":"Getaway Aufenthalt","text":"Eine Verschnaufpause vom Alltag \u2013 lassen Sie sich verw\u00f6hnen.","link":{"title":"Siehe details","url":"http:\/\/strandhotellet-blokhus.dk\/de\/getaway-aufenthalt\/","target":""}},{"bg":{"ID":230,"id":230,"title":"Klassisk-ophold_Strandhotellet-Blokhus","filename":"Klassisk-ophold_Strandhotellet-Blokhus-e1558964611156.jpg","filesize":24379,"url":"https:\/\/strandhotellet-blokhus.dk\/de\/wp-content\/uploads\/sites\/3\/2019\/05\/Klassisk-ophold_Strandhotellet-Blokhus-e1558964611156.jpg","link":"https:\/\/strandhotellet-blokhus.dk\/de\/hund-und-katze\/klassisk-ophold_strandhotellet-blokhus\/#main","alt":"","author":"1","description":"","caption":"","name":"klassisk-ophold_strandhotellet-blokhus","status":"inherit","uploaded_to":228,"date":"2019-05-27 13:42:21","modified":"2019-05-27 13:42:21","menu_order":0,"mime_type":"image\/jpeg","type":"image","subtype":"jpeg","icon":"https:\/\/strandhotellet-blokhus.dk\/de\/wp-includes\/images\/media\/default.png","width":500,"height":282,"sizes":{"thumbnail":"https:\/\/strandhotellet-blokhus.dk\/de\/wp-content\/uploads\/sites\/3\/2019\/05\/Klassisk-ophold_Strandhotellet-Blokhus-e1558964611156-150x150.jpg","thumbnail-width":150,"thumbnail-height":150,"medium":"https:\/\/strandhotellet-blokhus.dk\/de\/wp-content\/uploads\/sites\/3\/2019\/05\/Klassisk-ophold_Strandhotellet-Blokhus-e1558964611156-300x169.jpg","medium-width":300,"medium-height":169,"medium_large":"https:\/\/strandhotellet-blokhus.dk\/de\/wp-content\/uploads\/sites\/3\/2019\/05\/Klassisk-ophold_Strandhotellet-Blokhus-e1558964611156.jpg","medium_large-width":500,"medium_large-height":282,"large":"https:\/\/strandhotellet-blokhus.dk\/de\/wp-content\/uploads\/sites\/3\/2019\/05\/Klassisk-ophold_Strandhotellet-Blokhus-e1558964611156.jpg","large-width":500,"large-height":282,"1536x1536":"https:\/\/strandhotellet-blokhus.dk\/de\/wp-content\/uploads\/sites\/3\/2019\/05\/Klassisk-ophold_Strandhotellet-Blokhus-e1558964611156.jpg","1536x1536-width":500,"1536x1536-height":282,"2048x2048":"https:\/\/strandhotellet-blokhus.dk\/de\/wp-content\/uploads\/sites\/3\/2019\/05\/Klassisk-ophold_Strandhotellet-Blokhus-e1558964611156.jpg","2048x2048-width":500,"2048x2048-height":282}},"titel":"Klassischer Aufenthalt","text":"Lassen Sie sich von morgens bis abends auf H\u00e4nden tragen.","link":{"title":"Siehe details","url":"http:\/\/strandhotellet-blokhus.dk\/de\/klassischer-aufenthalt\/","target":""}},{"bg":{"ID":231,"id":231,"title":"Gourmet-ophold_Strandhotellet-Blokhus","filename":"Gourmet-ophold_Strandhotellet-Blokhus-e1558964657142.jpg","filesize":44789,"url":"https:\/\/strandhotellet-blokhus.dk\/de\/wp-content\/uploads\/sites\/3\/2019\/05\/Gourmet-ophold_Strandhotellet-Blokhus-e1558964657142.jpg","link":"https:\/\/strandhotellet-blokhus.dk\/de\/hund-und-katze\/gourmet-ophold_strandhotellet-blokhus\/#main","alt":"","author":"1","description":"","caption":"","name":"gourmet-ophold_strandhotellet-blokhus","status":"inherit","uploaded_to":228,"date":"2019-05-27 13:42:22","modified":"2019-05-27 13:42:22","menu_order":0,"mime_type":"image\/jpeg","type":"image","subtype":"jpeg","icon":"https:\/\/strandhotellet-blokhus.dk\/de\/wp-includes\/images\/media\/default.png","width":500,"height":281,"sizes":{"thumbnail":"https:\/\/strandhotellet-blokhus.dk\/de\/wp-content\/uploads\/sites\/3\/2019\/05\/Gourmet-ophold_Strandhotellet-Blokhus-e1558964657142-150x150.jpg","thumbnail-width":150,"thumbnail-height":150,"medium":"https:\/\/strandhotellet-blokhus.dk\/de\/wp-content\/uploads\/sites\/3\/2019\/05\/Gourmet-ophold_Strandhotellet-Blokhus-e1558964657142-300x169.jpg","medium-width":300,"medium-height":169,"medium_large":"https:\/\/strandhotellet-blokhus.dk\/de\/wp-content\/uploads\/sites\/3\/2019\/05\/Gourmet-ophold_Strandhotellet-Blokhus-e1558964657142.jpg","medium_large-width":500,"medium_large-height":281,"large":"https:\/\/strandhotellet-blokhus.dk\/de\/wp-content\/uploads\/sites\/3\/2019\/05\/Gourmet-ophold_Strandhotellet-Blokhus-e1558964657142.jpg","large-width":500,"large-height":281,"1536x1536":"https:\/\/strandhotellet-blokhus.dk\/de\/wp-content\/uploads\/sites\/3\/2019\/05\/Gourmet-ophold_Strandhotellet-Blokhus-e1558964657142.jpg","1536x1536-width":500,"1536x1536-height":281,"2048x2048":"https:\/\/strandhotellet-blokhus.dk\/de\/wp-content\/uploads\/sites\/3\/2019\/05\/Gourmet-ophold_Strandhotellet-Blokhus-e1558964657142.jpg","2048x2048-width":500,"2048x2048-height":281}},"titel":"Luxus Aufenthalt","text":"Kitzeln Sie Ihre Geschmacksnerven mit exquisiten Abendessen und Wein.","link":{"title":"Siehe details","url":"https:\/\/strandhotellet-blokhus.dk\/de\/luxus-aufenthalt\/","target":""}}]},{"acf_fc_layout":"col_1_insta_images","col12":null}],"show_formular":true,"text_over_form":""},"yoast_head":"<!-- This site is optimized with the Yoast SEO plugin v19.13 - https:\/\/yoast.com\/wordpress\/plugins\/seo\/ -->\n<title>Die Vorgeschichte - Strandhotellet Blokhus<\/title>\n<meta name=\"description\" content=\"Die VorgeschichteEIN BADEHOTEL AUS LIEBE ZUR STADT Der Traum, der Impuls und die Entschlossenheit ein Strandhotel in Blokhus aufzuf\u00fchren entstand im Jahre 2014, und jetzt, drei Jahre sp\u00e4ter, am 1. Juli 2017, ist es soweit, die T\u00fcren \u00f6ffnen sich, um die ersten G\u00e4ste der ersten Saison ganz herzlich\" \/>\n<meta name=\"robots\" content=\"index, follow, max-snippet:-1, max-image-preview:large, max-video-preview:-1\" \/>\n<link rel=\"canonical\" href=\"https:\/\/strandhotellet-blokhus.dk\/de\/die-vorgeschichte\/\" \/>\n<meta property=\"og:locale\" content=\"de_DE\" \/>\n<meta property=\"og:type\" content=\"article\" \/>\n<meta property=\"og:title\" content=\"Die Vorgeschichte - Strandhotellet Blokhus\" \/>\n<meta property=\"og:description\" content=\"Die VorgeschichteEIN BADEHOTEL AUS LIEBE ZUR STADT Der Traum, der Impuls und die Entschlossenheit ein Strandhotel in Blokhus aufzuf\u00fchren entstand im Jahre 2014, und jetzt, drei Jahre sp\u00e4ter, am 1. Juli 2017, ist es soweit, die T\u00fcren \u00f6ffnen sich, um die ersten G\u00e4ste der ersten Saison ganz herzlich\" \/>\n<meta property=\"og:url\" content=\"https:\/\/strandhotellet-blokhus.dk\/de\/die-vorgeschichte\/\" \/>\n<meta property=\"og:site_name\" content=\"Strandhotel Tysk\" \/>\n<meta property=\"article:modified_time\" content=\"2020-10-30T12:39:45+00:00\" \/>\n<meta name=\"twitter:card\" content=\"summary_large_image\" \/>\n<script type=\"application\/ld+json\" class=\"yoast-schema-graph\">{\"@context\":\"https:\/\/schema.org\",\"@graph\":[{\"@type\":\"WebPage\",\"@id\":\"https:\/\/strandhotellet-blokhus.dk\/de\/die-vorgeschichte\/\",\"url\":\"https:\/\/strandhotellet-blokhus.dk\/de\/die-vorgeschichte\/\",\"name\":\"Die Vorgeschichte - Strandhotellet Blokhus\",\"isPartOf\":{\"@id\":\"https:\/\/strandhotellet-blokhus.dk\/de\/#website\"},\"datePublished\":\"2019-05-24T09:13:39+00:00\",\"dateModified\":\"2020-10-30T12:39:45+00:00\",\"description\":\"Die VorgeschichteEIN BADEHOTEL AUS LIEBE ZUR STADT Der Traum, der Impuls und die Entschlossenheit ein Strandhotel in Blokhus aufzuf\u00fchren entstand im Jahre 2014, und jetzt, drei Jahre sp\u00e4ter, am 1. Juli 2017, ist es soweit, die T\u00fcren \u00f6ffnen sich, um die ersten G\u00e4ste der ersten Saison ganz herzlich\",\"breadcrumb\":{\"@id\":\"https:\/\/strandhotellet-blokhus.dk\/de\/die-vorgeschichte\/#breadcrumb\"},\"inLanguage\":\"de-DE\",\"potentialAction\":[{\"@type\":\"ReadAction\",\"target\":[\"https:\/\/strandhotellet-blokhus.dk\/de\/die-vorgeschichte\/\"]}]},{\"@type\":\"BreadcrumbList\",\"@id\":\"https:\/\/strandhotellet-blokhus.dk\/de\/die-vorgeschichte\/#breadcrumb\",\"itemListElement\":[{\"@type\":\"ListItem\",\"position\":1,\"name\":\"Hjem\",\"item\":\"https:\/\/strandhotellet-blokhus.dk\/de\/\"},{\"@type\":\"ListItem\",\"position\":2,\"name\":\"Die Vorgeschichte\"}]},{\"@type\":\"WebSite\",\"@id\":\"https:\/\/strandhotellet-blokhus.dk\/de\/#website\",\"url\":\"https:\/\/strandhotellet-blokhus.dk\/de\/\",\"name\":\"Strandhotel Tysk\",\"description\":\"\",\"publisher\":{\"@id\":\"https:\/\/strandhotellet-blokhus.dk\/de\/#organization\"},\"potentialAction\":[{\"@type\":\"SearchAction\",\"target\":{\"@type\":\"EntryPoint\",\"urlTemplate\":\"https:\/\/strandhotellet-blokhus.dk\/de\/?s={search_term_string}\"},\"query-input\":\"required name=search_term_string\"}],\"inLanguage\":\"de-DE\"},{\"@type\":\"Organization\",\"@id\":\"https:\/\/strandhotellet-blokhus.dk\/de\/#organization\",\"name\":\"Strandhotel Tysk\",\"url\":\"https:\/\/strandhotellet-blokhus.dk\/de\/\",\"logo\":{\"@type\":\"ImageObject\",\"inLanguage\":\"de-DE\",\"@id\":\"https:\/\/strandhotellet-blokhus.dk\/de\/#\/schema\/logo\/image\/\",\"url\":\"https:\/\/strandhotellet-blokhus.dk\/de\/wp-content\/uploads\/sites\/3\/2019\/05\/Strandhotellet-Blokhus-logo.png\",\"contentUrl\":\"https:\/\/strandhotellet-blokhus.dk\/de\/wp-content\/uploads\/sites\/3\/2019\/05\/Strandhotellet-Blokhus-logo.png\",\"width\":280,\"height\":119,\"caption\":\"Strandhotel Tysk\"},\"image\":{\"@id\":\"https:\/\/strandhotellet-blokhus.dk\/de\/#\/schema\/logo\/image\/\"}}]}<\/script>\n<!-- \/ Yoast SEO plugin. -->","yoast_head_json":{"title":"Die Vorgeschichte - Strandhotellet Blokhus","description":"Die VorgeschichteEIN BADEHOTEL AUS LIEBE ZUR STADT Der Traum, der Impuls und die Entschlossenheit ein Strandhotel in Blokhus aufzuf\u00fchren entstand im Jahre 2014, und jetzt, drei Jahre sp\u00e4ter, am 1. Juli 2017, ist es soweit, die T\u00fcren \u00f6ffnen sich, um die ersten G\u00e4ste der ersten Saison ganz herzlich","robots":{"index":"index","follow":"follow","max-snippet":"max-snippet:-1","max-image-preview":"max-image-preview:large","max-video-preview":"max-video-preview:-1"},"canonical":"https:\/\/strandhotellet-blokhus.dk\/de\/die-vorgeschichte\/","og_locale":"de_DE","og_type":"article","og_title":"Die Vorgeschichte - Strandhotellet Blokhus","og_description":"Die VorgeschichteEIN BADEHOTEL AUS LIEBE ZUR STADT Der Traum, der Impuls und die Entschlossenheit ein Strandhotel in Blokhus aufzuf\u00fchren entstand im Jahre 2014, und jetzt, drei Jahre sp\u00e4ter, am 1. Juli 2017, ist es soweit, die T\u00fcren \u00f6ffnen sich, um die ersten G\u00e4ste der ersten Saison ganz herzlich","og_url":"https:\/\/strandhotellet-blokhus.dk\/de\/die-vorgeschichte\/","og_site_name":"Strandhotel Tysk","article_modified_time":"2020-10-30T12:39:45+00:00","twitter_card":"summary_large_image","schema":{"@context":"https:\/\/schema.org","@graph":[{"@type":"WebPage","@id":"https:\/\/strandhotellet-blokhus.dk\/de\/die-vorgeschichte\/","url":"https:\/\/strandhotellet-blokhus.dk\/de\/die-vorgeschichte\/","name":"Die Vorgeschichte - Strandhotellet Blokhus","isPartOf":{"@id":"https:\/\/strandhotellet-blokhus.dk\/de\/#website"},"datePublished":"2019-05-24T09:13:39+00:00","dateModified":"2020-10-30T12:39:45+00:00","description":"Die VorgeschichteEIN BADEHOTEL AUS LIEBE ZUR STADT Der Traum, der Impuls und die Entschlossenheit ein Strandhotel in Blokhus aufzuf\u00fchren entstand im Jahre 2014, und jetzt, drei Jahre sp\u00e4ter, am 1. Juli 2017, ist es soweit, die T\u00fcren \u00f6ffnen sich, um die ersten G\u00e4ste der ersten Saison ganz herzlich","breadcrumb":{"@id":"https:\/\/strandhotellet-blokhus.dk\/de\/die-vorgeschichte\/#breadcrumb"},"inLanguage":"de-DE","potentialAction":[{"@type":"ReadAction","target":["https:\/\/strandhotellet-blokhus.dk\/de\/die-vorgeschichte\/"]}]},{"@type":"BreadcrumbList","@id":"https:\/\/strandhotellet-blokhus.dk\/de\/die-vorgeschichte\/#breadcrumb","itemListElement":[{"@type":"ListItem","position":1,"name":"Hjem","item":"https:\/\/strandhotellet-blokhus.dk\/de\/"},{"@type":"ListItem","position":2,"name":"Die Vorgeschichte"}]},{"@type":"WebSite","@id":"https:\/\/strandhotellet-blokhus.dk\/de\/#website","url":"https:\/\/strandhotellet-blokhus.dk\/de\/","name":"Strandhotel Tysk","description":"","publisher":{"@id":"https:\/\/strandhotellet-blokhus.dk\/de\/#organization"},"potentialAction":[{"@type":"SearchAction","target":{"@type":"EntryPoint","urlTemplate":"https:\/\/strandhotellet-blokhus.dk\/de\/?s={search_term_string}"},"query-input":"required name=search_term_string"}],"inLanguage":"de-DE"},{"@type":"Organization","@id":"https:\/\/strandhotellet-blokhus.dk\/de\/#organization","name":"Strandhotel Tysk","url":"https:\/\/strandhotellet-blokhus.dk\/de\/","logo":{"@type":"ImageObject","inLanguage":"de-DE","@id":"https:\/\/strandhotellet-blokhus.dk\/de\/#\/schema\/logo\/image\/","url":"https:\/\/strandhotellet-blokhus.dk\/de\/wp-content\/uploads\/sites\/3\/2019\/05\/Strandhotellet-Blokhus-logo.png","contentUrl":"https:\/\/strandhotellet-blokhus.dk\/de\/wp-content\/uploads\/sites\/3\/2019\/05\/Strandhotellet-Blokhus-logo.png","width":280,"height":119,"caption":"Strandhotel Tysk"},"image":{"@id":"https:\/\/strandhotellet-blokhus.dk\/de\/#\/schema\/logo\/image\/"}}]}},"_links":{"self":[{"href":"https:\/\/strandhotellet-blokhus.dk\/de\/wp-json\/wp\/v2\/pages\/94"}],"collection":[{"href":"https:\/\/strandhotellet-blokhus.dk\/de\/wp-json\/wp\/v2\/pages"}],"about":[{"href":"https:\/\/strandhotellet-blokhus.dk\/de\/wp-json\/wp\/v2\/types\/page"}],"author":[{"embeddable":true,"href":"https:\/\/strandhotellet-blokhus.dk\/de\/wp-json\/wp\/v2\/users\/1"}],"replies":[{"embeddable":true,"href":"https:\/\/strandhotellet-blokhus.dk\/de\/wp-json\/wp\/v2\/comments?post=94"}],"version-history":[{"count":29,"href":"https:\/\/strandhotellet-blokhus.dk\/de\/wp-json\/wp\/v2\/pages\/94\/revisions"}],"predecessor-version":[{"id":1272,"href":"https:\/\/strandhotellet-blokhus.dk\/de\/wp-json\/wp\/v2\/pages\/94\/revisions\/1272"}],"wp:attachment":[{"href":"https:\/\/strandhotellet-blokhus.dk\/de\/wp-json\/wp\/v2\/media?parent=94"}],"curies":[{"name":"wp","href":"https:\/\/api.w.org\/{rel}","templated":true}]}}