{"id":943,"date":"2019-06-28T10:52:28","date_gmt":"2019-06-28T08:52:28","guid":{"rendered":"http:\/\/strandhotellet-blokhus.dk\/de\/?page_id=943"},"modified":"2020-10-30T13:48:18","modified_gmt":"2020-10-30T12:48:18","slug":"stornierung","status":"publish","type":"page","link":"https:\/\/strandhotellet-blokhus.dk\/de\/stornierung\/","title":{"rendered":"Stornierung"},"content":{"rendered":"","protected":false},"excerpt":{"rendered":"","protected":false},"author":1,"featured_media":0,"parent":0,"menu_order":0,"comment_status":"closed","ping_status":"closed","template":"","meta":[],"acf":{"show_banner":"yes","banner_image":{"ID":946,"id":946,"title":"Smuk-natur-og-strand_Strandhotellet-blokhus","filename":"Smuk-natur-og-strand_Strandhotellet-blokhus.jpg","filesize":142677,"url":"https:\/\/strandhotellet-blokhus.dk\/de\/wp-content\/uploads\/sites\/3\/2019\/06\/Smuk-natur-og-strand_Strandhotellet-blokhus.jpg","link":"https:\/\/strandhotellet-blokhus.dk\/de\/stornierung\/smuk-natur-og-strand_strandhotellet-blokhus-2\/#main","alt":"","author":"1","description":"","caption":"","name":"smuk-natur-og-strand_strandhotellet-blokhus-2","status":"inherit","uploaded_to":943,"date":"2019-06-28 08:53:11","modified":"2019-06-28 08:53:11","menu_order":0,"mime_type":"image\/jpeg","type":"image","subtype":"jpeg","icon":"https:\/\/strandhotellet-blokhus.dk\/de\/wp-includes\/images\/media\/default.png","width":2000,"height":500,"sizes":{"thumbnail":"https:\/\/strandhotellet-blokhus.dk\/de\/wp-content\/uploads\/sites\/3\/2019\/06\/Smuk-natur-og-strand_Strandhotellet-blokhus-150x150.jpg","thumbnail-width":150,"thumbnail-height":150,"medium":"https:\/\/strandhotellet-blokhus.dk\/de\/wp-content\/uploads\/sites\/3\/2019\/06\/Smuk-natur-og-strand_Strandhotellet-blokhus-300x75.jpg","medium-width":300,"medium-height":75,"medium_large":"https:\/\/strandhotellet-blokhus.dk\/de\/wp-content\/uploads\/sites\/3\/2019\/06\/Smuk-natur-og-strand_Strandhotellet-blokhus-768x192.jpg","medium_large-width":768,"medium_large-height":192,"large":"https:\/\/strandhotellet-blokhus.dk\/de\/wp-content\/uploads\/sites\/3\/2019\/06\/Smuk-natur-og-strand_Strandhotellet-blokhus-1024x256.jpg","large-width":1024,"large-height":256,"1536x1536":"https:\/\/strandhotellet-blokhus.dk\/de\/wp-content\/uploads\/sites\/3\/2019\/06\/Smuk-natur-og-strand_Strandhotellet-blokhus.jpg","1536x1536-width":1536,"1536x1536-height":384,"2048x2048":"https:\/\/strandhotellet-blokhus.dk\/de\/wp-content\/uploads\/sites\/3\/2019\/06\/Smuk-natur-og-strand_Strandhotellet-blokhus.jpg","2048x2048-width":2000,"2048x2048-height":500}},"show_formular":true,"text_over_form":"","flex_content":[{"acf_fc_layout":"col_2_text_and_image_or_info_case","col6":null,"text":"<h1>Stornierung<\/h1>\n<h6><span style=\"text-decoration: underline;\">F\u00dcR \u00dcBERNACHTUNGEN<\/span><\/h6>\n<h3>Stornierung \/ \u00c4nderung<\/h3>\n<p>Einzelne \u00dcbernachtungen, die nicht als Teil eines Aufenthalt-Paketes oder Arrangements gebucht wurden, k\u00f6nnen bis 24 Std. vor Ankunft kostenlos storniert werden.<\/p>\n<p>Mehrere \u00dcbernachtungen, mehrere Zimmer oder Aufenthalte innerhalb eines Paketes oder Arrangements k\u00f6nnen innerhalb von 7 Tagen vor Ankunft kostenlos storniert werden.<\/p>\n<p>Alle Buchungen ungeachtet der oben genannten Einschr\u00e4nkungen k\u00f6nnen auf ein anderes Datum innerhalb eines Jahres bis 24 Std. vor Ankunft kostenlos umgebucht werden.<\/p>\n<p>Im Falle eines Nichterscheinens erlauben wir uns den vollen Preis f\u00fcr den gesamten Aufenthalt zu berechnen.<\/p>\n<p>F\u00fcr Firmen, Gruppen und Veranstaltungen von mehr als 10 Personen beachten Sie bitte die <a href=\"https:\/\/strandhotellet-blokhus.dk\/en\/cancellation-for-events\/\">cancellation rules apply to companies<\/a> (englisch).<\/p>\n<h3>Zustimmung<\/h3>\n<p>Bei Buchung eines Aufenthalts (privat oder gesch\u00e4ftlich) und unabh\u00e4ngig auf welchem Weg die Buchung erfolgt, erteilen Sie die Zustimmung eine SMS erhalten mit dem Link zu <em>\u201ePraktische Informationen zu Ihrem Aufenthalt und der M\u00f6glichkeit zus\u00e4tzliche Leistungen vor, w\u00e4hrend oder nach Ihrem Aufenthalt hinzu zu buchen.\u201c<\/em><\/p>\n<p>Die SMS von Goodiepack ist als Ma\u00dfnahme gedacht, die Servicequalit\u00e4t f\u00fcr unsere G\u00e4ste zu steigern, die so Antworten auf g\u00e4ngige Fragen und vorteilhafte Angebote rund um ihren Aufenthalt erhalten. Wir hoffen Ihnen hiermit Freude und einen Vorteil bringen zu k\u00f6nnen.<\/p>\n<p>F\u00fcr weitere Fragen steht Ihnen die Rezeption gerne zur Verf\u00fcgung.<\/p>\n","buttons":false,"col6_copy":null,"images":[{"image":{"ID":703,"id":703,"title":"Strandhotellet-blokhus-rasifoto-preview","filename":"Strandhotellet-blokhus-rasifoto-preview.jpg","filesize":28683,"url":"https:\/\/strandhotellet-blokhus.dk\/de\/wp-content\/uploads\/sites\/3\/2019\/06\/Strandhotellet-blokhus-rasifoto-preview.jpg","link":"https:\/\/strandhotellet-blokhus.dk\/de\/galerie\/strandhotellet-blokhus-rasifoto-preview\/#main","alt":"","author":"1","description":"","caption":"","name":"strandhotellet-blokhus-rasifoto-preview","status":"inherit","uploaded_to":937,"date":"2019-06-03 11:52:25","modified":"2019-07-01 13:41:07","menu_order":0,"mime_type":"image\/jpeg","type":"image","subtype":"jpeg","icon":"https:\/\/strandhotellet-blokhus.dk\/de\/wp-includes\/images\/media\/default.png","width":330,"height":220,"sizes":{"thumbnail":"https:\/\/strandhotellet-blokhus.dk\/de\/wp-content\/uploads\/sites\/3\/2019\/06\/Strandhotellet-blokhus-rasifoto-preview-150x150.jpg","thumbnail-width":150,"thumbnail-height":150,"medium":"https:\/\/strandhotellet-blokhus.dk\/de\/wp-content\/uploads\/sites\/3\/2019\/06\/Strandhotellet-blokhus-rasifoto-preview-300x200.jpg","medium-width":300,"medium-height":200,"medium_large":"https:\/\/strandhotellet-blokhus.dk\/de\/wp-content\/uploads\/sites\/3\/2019\/06\/Strandhotellet-blokhus-rasifoto-preview.jpg","medium_large-width":330,"medium_large-height":220,"large":"https:\/\/strandhotellet-blokhus.dk\/de\/wp-content\/uploads\/sites\/3\/2019\/06\/Strandhotellet-blokhus-rasifoto-preview.jpg","large-width":330,"large-height":220,"1536x1536":"https:\/\/strandhotellet-blokhus.dk\/de\/wp-content\/uploads\/sites\/3\/2019\/06\/Strandhotellet-blokhus-rasifoto-preview.jpg","1536x1536-width":330,"1536x1536-height":220,"2048x2048":"https:\/\/strandhotellet-blokhus.dk\/de\/wp-content\/uploads\/sites\/3\/2019\/06\/Strandhotellet-blokhus-rasifoto-preview.jpg","2048x2048-width":330,"2048x2048-height":220}}},{"image":{"ID":440,"id":440,"title":"Kombiner-m\u00f8de-med-gourmet-pa\u030a-Strandhotellet-400x267","filename":"Kombiner-m\u00f8de-med-gourmet-pa\u030a-Strandhotellet-400x267.jpg","filesize":17689,"url":"https:\/\/strandhotellet-blokhus.dk\/de\/wp-content\/uploads\/sites\/3\/2019\/05\/Kombiner-m\u00f8de-med-gourmet-pa\u030a-Strandhotellet-400x267.jpg","link":"https:\/\/strandhotellet-blokhus.dk\/de\/galerie\/kombiner-moede-med-gourmet-pa%cc%8a-strandhotellet-400x267\/#main","alt":"","author":"1","description":"","caption":"","name":"kombiner-moede-med-gourmet-pa%cc%8a-strandhotellet-400x267","status":"inherit","uploaded_to":937,"date":"2019-05-29 07:08:33","modified":"2019-07-01 13:47:12","menu_order":0,"mime_type":"image\/jpeg","type":"image","subtype":"jpeg","icon":"https:\/\/strandhotellet-blokhus.dk\/de\/wp-includes\/images\/media\/default.png","width":400,"height":267,"sizes":{"thumbnail":"https:\/\/strandhotellet-blokhus.dk\/de\/wp-content\/uploads\/sites\/3\/2019\/05\/Kombiner-m\u00f8de-med-gourmet-pa\u030a-Strandhotellet-400x267-150x150.jpg","thumbnail-width":150,"thumbnail-height":150,"medium":"https:\/\/strandhotellet-blokhus.dk\/de\/wp-content\/uploads\/sites\/3\/2019\/05\/Kombiner-m\u00f8de-med-gourmet-pa\u030a-Strandhotellet-400x267-300x200.jpg","medium-width":300,"medium-height":200,"medium_large":"https:\/\/strandhotellet-blokhus.dk\/de\/wp-content\/uploads\/sites\/3\/2019\/05\/Kombiner-m\u00f8de-med-gourmet-pa\u030a-Strandhotellet-400x267.jpg","medium_large-width":400,"medium_large-height":267,"large":"https:\/\/strandhotellet-blokhus.dk\/de\/wp-content\/uploads\/sites\/3\/2019\/05\/Kombiner-m\u00f8de-med-gourmet-pa\u030a-Strandhotellet-400x267.jpg","large-width":400,"large-height":267,"1536x1536":"https:\/\/strandhotellet-blokhus.dk\/de\/wp-content\/uploads\/sites\/3\/2019\/05\/Kombiner-m\u00f8de-med-gourmet-pa\u030a-Strandhotellet-400x267.jpg","1536x1536-width":400,"1536x1536-height":267,"2048x2048":"https:\/\/strandhotellet-blokhus.dk\/de\/wp-content\/uploads\/sites\/3\/2019\/05\/Kombiner-m\u00f8de-med-gourmet-pa\u030a-Strandhotellet-400x267.jpg","2048x2048-width":400,"2048x2048-height":267}}}],"show":"no","info_text":"","info_button":null},{"acf_fc_layout":"col_2_case_with_image_text_link","col12":null,"setup":"3grid","bg_color":"grey","text":"<h6 style=\"text-align: center;\">LASSEN SIE SICH AN DER NORDSEE VERW\u00d6HNEN<\/h6>\n<h2 style=\"text-align: center;\">Aufenthalte die verf\u00fchren<\/h2>\n","cases":[{"bg":{"ID":229,"id":229,"title":"Getaway-ophold_Strandhotellet-Blokhus","filename":"Getaway-ophold_Strandhotellet-Blokhus-e1558964563172.jpg","filesize":18371,"url":"https:\/\/strandhotellet-blokhus.dk\/de\/wp-content\/uploads\/sites\/3\/2019\/05\/Getaway-ophold_Strandhotellet-Blokhus-e1558964563172.jpg","link":"https:\/\/strandhotellet-blokhus.dk\/de\/hund-und-katze\/getaway-ophold_strandhotellet-blokhus\/#main","alt":"","author":"1","description":"","caption":"","name":"getaway-ophold_strandhotellet-blokhus","status":"inherit","uploaded_to":228,"date":"2019-05-27 13:42:21","modified":"2019-05-27 13:42:21","menu_order":0,"mime_type":"image\/jpeg","type":"image","subtype":"jpeg","icon":"https:\/\/strandhotellet-blokhus.dk\/de\/wp-includes\/images\/media\/default.png","width":500,"height":283,"sizes":{"thumbnail":"https:\/\/strandhotellet-blokhus.dk\/de\/wp-content\/uploads\/sites\/3\/2019\/05\/Getaway-ophold_Strandhotellet-Blokhus-e1558964563172-150x150.jpg","thumbnail-width":150,"thumbnail-height":150,"medium":"https:\/\/strandhotellet-blokhus.dk\/de\/wp-content\/uploads\/sites\/3\/2019\/05\/Getaway-ophold_Strandhotellet-Blokhus-e1558964563172-300x170.jpg","medium-width":300,"medium-height":170,"medium_large":"https:\/\/strandhotellet-blokhus.dk\/de\/wp-content\/uploads\/sites\/3\/2019\/05\/Getaway-ophold_Strandhotellet-Blokhus-e1558964563172.jpg","medium_large-width":500,"medium_large-height":283,"large":"https:\/\/strandhotellet-blokhus.dk\/de\/wp-content\/uploads\/sites\/3\/2019\/05\/Getaway-ophold_Strandhotellet-Blokhus-e1558964563172.jpg","large-width":500,"large-height":283,"1536x1536":"https:\/\/strandhotellet-blokhus.dk\/de\/wp-content\/uploads\/sites\/3\/2019\/05\/Getaway-ophold_Strandhotellet-Blokhus-e1558964563172.jpg","1536x1536-width":500,"1536x1536-height":283,"2048x2048":"https:\/\/strandhotellet-blokhus.dk\/de\/wp-content\/uploads\/sites\/3\/2019\/05\/Getaway-ophold_Strandhotellet-Blokhus-e1558964563172.jpg","2048x2048-width":500,"2048x2048-height":283}},"titel":"Getaway Aufenthalt","text":"Eine Verschnaufpause vom Alltag \u2013 lassen Sie sich verw\u00f6hnen.","link":{"title":"Details","url":"http:\/\/strandhotellet-blokhus.dk\/de\/getaway-aufenthalt\/","target":""}},{"bg":{"ID":230,"id":230,"title":"Klassisk-ophold_Strandhotellet-Blokhus","filename":"Klassisk-ophold_Strandhotellet-Blokhus-e1558964611156.jpg","filesize":24379,"url":"https:\/\/strandhotellet-blokhus.dk\/de\/wp-content\/uploads\/sites\/3\/2019\/05\/Klassisk-ophold_Strandhotellet-Blokhus-e1558964611156.jpg","link":"https:\/\/strandhotellet-blokhus.dk\/de\/hund-und-katze\/klassisk-ophold_strandhotellet-blokhus\/#main","alt":"","author":"1","description":"","caption":"","name":"klassisk-ophold_strandhotellet-blokhus","status":"inherit","uploaded_to":228,"date":"2019-05-27 13:42:21","modified":"2019-05-27 13:42:21","menu_order":0,"mime_type":"image\/jpeg","type":"image","subtype":"jpeg","icon":"https:\/\/strandhotellet-blokhus.dk\/de\/wp-includes\/images\/media\/default.png","width":500,"height":282,"sizes":{"thumbnail":"https:\/\/strandhotellet-blokhus.dk\/de\/wp-content\/uploads\/sites\/3\/2019\/05\/Klassisk-ophold_Strandhotellet-Blokhus-e1558964611156-150x150.jpg","thumbnail-width":150,"thumbnail-height":150,"medium":"https:\/\/strandhotellet-blokhus.dk\/de\/wp-content\/uploads\/sites\/3\/2019\/05\/Klassisk-ophold_Strandhotellet-Blokhus-e1558964611156-300x169.jpg","medium-width":300,"medium-height":169,"medium_large":"https:\/\/strandhotellet-blokhus.dk\/de\/wp-content\/uploads\/sites\/3\/2019\/05\/Klassisk-ophold_Strandhotellet-Blokhus-e1558964611156.jpg","medium_large-width":500,"medium_large-height":282,"large":"https:\/\/strandhotellet-blokhus.dk\/de\/wp-content\/uploads\/sites\/3\/2019\/05\/Klassisk-ophold_Strandhotellet-Blokhus-e1558964611156.jpg","large-width":500,"large-height":282,"1536x1536":"https:\/\/strandhotellet-blokhus.dk\/de\/wp-content\/uploads\/sites\/3\/2019\/05\/Klassisk-ophold_Strandhotellet-Blokhus-e1558964611156.jpg","1536x1536-width":500,"1536x1536-height":282,"2048x2048":"https:\/\/strandhotellet-blokhus.dk\/de\/wp-content\/uploads\/sites\/3\/2019\/05\/Klassisk-ophold_Strandhotellet-Blokhus-e1558964611156.jpg","2048x2048-width":500,"2048x2048-height":282}},"titel":"Klassischer Aufenthalt","text":"Lassen Sie sich von morgens bis abends auf H\u00e4nden tragen.","link":{"title":"Details","url":"http:\/\/strandhotellet-blokhus.dk\/de\/klassischer-aufenthalt\/","target":""}},{"bg":{"ID":231,"id":231,"title":"Gourmet-ophold_Strandhotellet-Blokhus","filename":"Gourmet-ophold_Strandhotellet-Blokhus-e1558964657142.jpg","filesize":44789,"url":"https:\/\/strandhotellet-blokhus.dk\/de\/wp-content\/uploads\/sites\/3\/2019\/05\/Gourmet-ophold_Strandhotellet-Blokhus-e1558964657142.jpg","link":"https:\/\/strandhotellet-blokhus.dk\/de\/hund-und-katze\/gourmet-ophold_strandhotellet-blokhus\/#main","alt":"","author":"1","description":"","caption":"","name":"gourmet-ophold_strandhotellet-blokhus","status":"inherit","uploaded_to":228,"date":"2019-05-27 13:42:22","modified":"2019-05-27 13:42:22","menu_order":0,"mime_type":"image\/jpeg","type":"image","subtype":"jpeg","icon":"https:\/\/strandhotellet-blokhus.dk\/de\/wp-includes\/images\/media\/default.png","width":500,"height":281,"sizes":{"thumbnail":"https:\/\/strandhotellet-blokhus.dk\/de\/wp-content\/uploads\/sites\/3\/2019\/05\/Gourmet-ophold_Strandhotellet-Blokhus-e1558964657142-150x150.jpg","thumbnail-width":150,"thumbnail-height":150,"medium":"https:\/\/strandhotellet-blokhus.dk\/de\/wp-content\/uploads\/sites\/3\/2019\/05\/Gourmet-ophold_Strandhotellet-Blokhus-e1558964657142-300x169.jpg","medium-width":300,"medium-height":169,"medium_large":"https:\/\/strandhotellet-blokhus.dk\/de\/wp-content\/uploads\/sites\/3\/2019\/05\/Gourmet-ophold_Strandhotellet-Blokhus-e1558964657142.jpg","medium_large-width":500,"medium_large-height":281,"large":"https:\/\/strandhotellet-blokhus.dk\/de\/wp-content\/uploads\/sites\/3\/2019\/05\/Gourmet-ophold_Strandhotellet-Blokhus-e1558964657142.jpg","large-width":500,"large-height":281,"1536x1536":"https:\/\/strandhotellet-blokhus.dk\/de\/wp-content\/uploads\/sites\/3\/2019\/05\/Gourmet-ophold_Strandhotellet-Blokhus-e1558964657142.jpg","1536x1536-width":500,"1536x1536-height":281,"2048x2048":"https:\/\/strandhotellet-blokhus.dk\/de\/wp-content\/uploads\/sites\/3\/2019\/05\/Gourmet-ophold_Strandhotellet-Blokhus-e1558964657142.jpg","2048x2048-width":500,"2048x2048-height":281}},"titel":"Luxus Aufenthalt","text":"Kitzeln Sie Ihre Geschmacksnerven mit exquisiten Abendessen und Wein.","link":{"title":"Details","url":"https:\/\/strandhotellet-blokhus.dk\/de\/luxus-aufenthalt\/","target":""}}]},{"acf_fc_layout":"col_1_insta_images","col12":null}]},"yoast_head":"<!-- This site is optimized with the Yoast SEO plugin v19.13 - https:\/\/yoast.com\/wordpress\/plugins\/seo\/ -->\n<title>Stornierung - Strandhotel Tysk<\/title>\n<meta name=\"robots\" content=\"index, follow, max-snippet:-1, max-image-preview:large, max-video-preview:-1\" \/>\n<link rel=\"canonical\" href=\"https:\/\/strandhotellet-blokhus.dk\/de\/stornierung\/\" \/>\n<meta property=\"og:locale\" content=\"de_DE\" \/>\n<meta property=\"og:type\" content=\"article\" \/>\n<meta property=\"og:title\" content=\"Stornierung - Strandhotel Tysk\" \/>\n<meta property=\"og:url\" content=\"https:\/\/strandhotellet-blokhus.dk\/de\/stornierung\/\" \/>\n<meta property=\"og:site_name\" content=\"Strandhotel Tysk\" \/>\n<meta property=\"article:modified_time\" content=\"2020-10-30T12:48:18+00:00\" \/>\n<meta name=\"twitter:card\" content=\"summary_large_image\" \/>\n<script type=\"application\/ld+json\" class=\"yoast-schema-graph\">{\"@context\":\"https:\/\/schema.org\",\"@graph\":[{\"@type\":\"WebPage\",\"@id\":\"https:\/\/strandhotellet-blokhus.dk\/de\/stornierung\/\",\"url\":\"https:\/\/strandhotellet-blokhus.dk\/de\/stornierung\/\",\"name\":\"Stornierung - Strandhotel Tysk\",\"isPartOf\":{\"@id\":\"https:\/\/strandhotellet-blokhus.dk\/de\/#website\"},\"datePublished\":\"2019-06-28T08:52:28+00:00\",\"dateModified\":\"2020-10-30T12:48:18+00:00\",\"breadcrumb\":{\"@id\":\"https:\/\/strandhotellet-blokhus.dk\/de\/stornierung\/#breadcrumb\"},\"inLanguage\":\"de-DE\",\"potentialAction\":[{\"@type\":\"ReadAction\",\"target\":[\"https:\/\/strandhotellet-blokhus.dk\/de\/stornierung\/\"]}]},{\"@type\":\"BreadcrumbList\",\"@id\":\"https:\/\/strandhotellet-blokhus.dk\/de\/stornierung\/#breadcrumb\",\"itemListElement\":[{\"@type\":\"ListItem\",\"position\":1,\"name\":\"Hjem\",\"item\":\"https:\/\/strandhotellet-blokhus.dk\/de\/\"},{\"@type\":\"ListItem\",\"position\":2,\"name\":\"Stornierung\"}]},{\"@type\":\"WebSite\",\"@id\":\"https:\/\/strandhotellet-blokhus.dk\/de\/#website\",\"url\":\"https:\/\/strandhotellet-blokhus.dk\/de\/\",\"name\":\"Strandhotel Tysk\",\"description\":\"\",\"publisher\":{\"@id\":\"https:\/\/strandhotellet-blokhus.dk\/de\/#organization\"},\"potentialAction\":[{\"@type\":\"SearchAction\",\"target\":{\"@type\":\"EntryPoint\",\"urlTemplate\":\"https:\/\/strandhotellet-blokhus.dk\/de\/?s={search_term_string}\"},\"query-input\":\"required name=search_term_string\"}],\"inLanguage\":\"de-DE\"},{\"@type\":\"Organization\",\"@id\":\"https:\/\/strandhotellet-blokhus.dk\/de\/#organization\",\"name\":\"Strandhotel Tysk\",\"url\":\"https:\/\/strandhotellet-blokhus.dk\/de\/\",\"logo\":{\"@type\":\"ImageObject\",\"inLanguage\":\"de-DE\",\"@id\":\"https:\/\/strandhotellet-blokhus.dk\/de\/#\/schema\/logo\/image\/\",\"url\":\"https:\/\/strandhotellet-blokhus.dk\/de\/wp-content\/uploads\/sites\/3\/2019\/05\/Strandhotellet-Blokhus-logo.png\",\"contentUrl\":\"https:\/\/strandhotellet-blokhus.dk\/de\/wp-content\/uploads\/sites\/3\/2019\/05\/Strandhotellet-Blokhus-logo.png\",\"width\":280,\"height\":119,\"caption\":\"Strandhotel Tysk\"},\"image\":{\"@id\":\"https:\/\/strandhotellet-blokhus.dk\/de\/#\/schema\/logo\/image\/\"}}]}<\/script>\n<!-- \/ Yoast SEO plugin. -->","yoast_head_json":{"title":"Stornierung - Strandhotel Tysk","robots":{"index":"index","follow":"follow","max-snippet":"max-snippet:-1","max-image-preview":"max-image-preview:large","max-video-preview":"max-video-preview:-1"},"canonical":"https:\/\/strandhotellet-blokhus.dk\/de\/stornierung\/","og_locale":"de_DE","og_type":"article","og_title":"Stornierung - Strandhotel Tysk","og_url":"https:\/\/strandhotellet-blokhus.dk\/de\/stornierung\/","og_site_name":"Strandhotel Tysk","article_modified_time":"2020-10-30T12:48:18+00:00","twitter_card":"summary_large_image","schema":{"@context":"https:\/\/schema.org","@graph":[{"@type":"WebPage","@id":"https:\/\/strandhotellet-blokhus.dk\/de\/stornierung\/","url":"https:\/\/strandhotellet-blokhus.dk\/de\/stornierung\/","name":"Stornierung - Strandhotel Tysk","isPartOf":{"@id":"https:\/\/strandhotellet-blokhus.dk\/de\/#website"},"datePublished":"2019-06-28T08:52:28+00:00","dateModified":"2020-10-30T12:48:18+00:00","breadcrumb":{"@id":"https:\/\/strandhotellet-blokhus.dk\/de\/stornierung\/#breadcrumb"},"inLanguage":"de-DE","potentialAction":[{"@type":"ReadAction","target":["https:\/\/strandhotellet-blokhus.dk\/de\/stornierung\/"]}]},{"@type":"BreadcrumbList","@id":"https:\/\/strandhotellet-blokhus.dk\/de\/stornierung\/#breadcrumb","itemListElement":[{"@type":"ListItem","position":1,"name":"Hjem","item":"https:\/\/strandhotellet-blokhus.dk\/de\/"},{"@type":"ListItem","position":2,"name":"Stornierung"}]},{"@type":"WebSite","@id":"https:\/\/strandhotellet-blokhus.dk\/de\/#website","url":"https:\/\/strandhotellet-blokhus.dk\/de\/","name":"Strandhotel Tysk","description":"","publisher":{"@id":"https:\/\/strandhotellet-blokhus.dk\/de\/#organization"},"potentialAction":[{"@type":"SearchAction","target":{"@type":"EntryPoint","urlTemplate":"https:\/\/strandhotellet-blokhus.dk\/de\/?s={search_term_string}"},"query-input":"required name=search_term_string"}],"inLanguage":"de-DE"},{"@type":"Organization","@id":"https:\/\/strandhotellet-blokhus.dk\/de\/#organization","name":"Strandhotel Tysk","url":"https:\/\/strandhotellet-blokhus.dk\/de\/","logo":{"@type":"ImageObject","inLanguage":"de-DE","@id":"https:\/\/strandhotellet-blokhus.dk\/de\/#\/schema\/logo\/image\/","url":"https:\/\/strandhotellet-blokhus.dk\/de\/wp-content\/uploads\/sites\/3\/2019\/05\/Strandhotellet-Blokhus-logo.png","contentUrl":"https:\/\/strandhotellet-blokhus.dk\/de\/wp-content\/uploads\/sites\/3\/2019\/05\/Strandhotellet-Blokhus-logo.png","width":280,"height":119,"caption":"Strandhotel Tysk"},"image":{"@id":"https:\/\/strandhotellet-blokhus.dk\/de\/#\/schema\/logo\/image\/"}}]}},"_links":{"self":[{"href":"https:\/\/strandhotellet-blokhus.dk\/de\/wp-json\/wp\/v2\/pages\/943"}],"collection":[{"href":"https:\/\/strandhotellet-blokhus.dk\/de\/wp-json\/wp\/v2\/pages"}],"about":[{"href":"https:\/\/strandhotellet-blokhus.dk\/de\/wp-json\/wp\/v2\/types\/page"}],"author":[{"embeddable":true,"href":"https:\/\/strandhotellet-blokhus.dk\/de\/wp-json\/wp\/v2\/users\/1"}],"replies":[{"embeddable":true,"href":"https:\/\/strandhotellet-blokhus.dk\/de\/wp-json\/wp\/v2\/comments?post=943"}],"version-history":[{"count":21,"href":"https:\/\/strandhotellet-blokhus.dk\/de\/wp-json\/wp\/v2\/pages\/943\/revisions"}],"predecessor-version":[{"id":1279,"href":"https:\/\/strandhotellet-blokhus.dk\/de\/wp-json\/wp\/v2\/pages\/943\/revisions\/1279"}],"wp:attachment":[{"href":"https:\/\/strandhotellet-blokhus.dk\/de\/wp-json\/wp\/v2\/media?parent=943"}],"curies":[{"name":"wp","href":"https:\/\/api.w.org\/{rel}","templated":true}]}}