{"id":297,"date":"2019-05-28T15:28:02","date_gmt":"2019-05-28T13:28:02","guid":{"rendered":"http:\/\/strandhotellet-blokhus.dk\/en\/?page_id=297"},"modified":"2023-01-12T14:06:45","modified_gmt":"2023-01-12T13:06:45","slug":"pool-and-sauna","status":"publish","type":"page","link":"https:\/\/strandhotellet-blokhus.dk\/en\/pool-and-sauna\/","title":{"rendered":"Pool and sauna"},"content":{"rendered":"","protected":false},"excerpt":{"rendered":"","protected":false},"author":1,"featured_media":0,"parent":0,"menu_order":0,"comment_status":"closed","ping_status":"closed","template":"","meta":[],"acf":{"show_banner":"yes","banner_image":{"ID":302,"id":302,"title":"Wellness-pool-sauna_afslapning_strandhotellet-blokhus","filename":"Wellness-pool-sauna_afslapning_strandhotellet-blokhus-1.jpg","filesize":137644,"url":"https:\/\/strandhotellet-blokhus.dk\/en\/wp-content\/uploads\/sites\/2\/2019\/05\/Wellness-pool-sauna_afslapning_strandhotellet-blokhus-1.jpg","link":"https:\/\/strandhotellet-blokhus.dk\/en\/pool-and-sauna\/wellness-pool-sauna_afslapning_strandhotellet-blokhus-2\/#main","alt":"","author":"1","description":"","caption":"","name":"wellness-pool-sauna_afslapning_strandhotellet-blokhus-2","status":"inherit","uploaded_to":297,"date":"2019-05-28 13:30:15","modified":"2019-05-28 13:30:15","menu_order":0,"mime_type":"image\/jpeg","type":"image","subtype":"jpeg","icon":"https:\/\/strandhotellet-blokhus.dk\/en\/wp-includes\/images\/media\/default.png","width":2000,"height":500,"sizes":{"thumbnail":"https:\/\/strandhotellet-blokhus.dk\/en\/wp-content\/uploads\/sites\/2\/2019\/05\/Wellness-pool-sauna_afslapning_strandhotellet-blokhus-1-150x150.jpg","thumbnail-width":150,"thumbnail-height":150,"medium":"https:\/\/strandhotellet-blokhus.dk\/en\/wp-content\/uploads\/sites\/2\/2019\/05\/Wellness-pool-sauna_afslapning_strandhotellet-blokhus-1-300x75.jpg","medium-width":300,"medium-height":75,"medium_large":"https:\/\/strandhotellet-blokhus.dk\/en\/wp-content\/uploads\/sites\/2\/2019\/05\/Wellness-pool-sauna_afslapning_strandhotellet-blokhus-1-768x192.jpg","medium_large-width":768,"medium_large-height":192,"large":"https:\/\/strandhotellet-blokhus.dk\/en\/wp-content\/uploads\/sites\/2\/2019\/05\/Wellness-pool-sauna_afslapning_strandhotellet-blokhus-1-1024x256.jpg","large-width":1024,"large-height":256,"1536x1536":"https:\/\/strandhotellet-blokhus.dk\/en\/wp-content\/uploads\/sites\/2\/2019\/05\/Wellness-pool-sauna_afslapning_strandhotellet-blokhus-1.jpg","1536x1536-width":1536,"1536x1536-height":384,"2048x2048":"https:\/\/strandhotellet-blokhus.dk\/en\/wp-content\/uploads\/sites\/2\/2019\/05\/Wellness-pool-sauna_afslapning_strandhotellet-blokhus-1.jpg","2048x2048-width":2000,"2048x2048-height":500}},"flex_content":[{"acf_fc_layout":"col_2_text_and_image_or_info_case","col6":null,"text":"<h1>Pool and sauna<\/h1>\n<h6><span style=\"text-decoration: underline;\">TOTAL RELAXATION FOR BODY AND SOUL\u00a0<\/span><\/h6>\n<div class=\"fusion-text\">\n<p>In the same part of the hotel as the\u00a0<a href=\"https:\/\/strandhotellet-blokhus.dk\/en\/fitness\/\">fitness room<\/a>, you will find our wellness area, which contains a heated pool with massage nozzles. There is even a cold-water shower and a sauna. Thereby, we have an environment that is perfect for you, if you require peace and quiet.<\/p>\n<p>The massage nozzles can loosen up your body while you\u2019re listening to the trickling water. Let time fly, and enjoy the silence in the sauna, where you can try the stimulating aromatic sauna experience.<\/p>\n<p>Put on the hotel robe and bathing slippers, lay back in one of our comfy chairs and enjoy a completely relaxing experience in Strandhotellet\u2019s calming wellness area.<\/p>\n<p>As a note, children under the age of 16 have access to the wellness area between 16:00 \u2013 18:00.<\/p>\n<p>Children must be accompanied by an adult during the entire visit to wellness.<\/p>\n<\/div>\n","buttons":false,"col6_copy":null,"images":false,"show":"yes","info_text":"<h2 style=\"text-align: center;\"><span style=\"text-decoration: underline;\">Allow us to indulge you<\/span><\/h2>\n<p>A break at Strandhotellet will give you access to the following:<\/p>\n<ul>\n<li>Wellness area<\/li>\n<li>Lobby with fireplace<\/li>\n<li>Morning robe and slippers<\/li>\n<li>Garden<\/li>\n<li>Roomservice<\/li>\n<li>Fitness room<\/li>\n<\/ul>\n","info_button":{"title":"Book now","url":"https:\/\/book.strandhotellet-blokhus.dk\/reserve\/en\/home ","target":"_blank"}},{"acf_fc_layout":"col_1_horizontal_viewing_of_images","col12":null,"images":[{"image":{"ID":262,"id":262,"title":"Inspirationsfoto-2","filename":"Inspirationsfoto-2.jpg","filesize":23162,"url":"https:\/\/strandhotellet-blokhus.dk\/en\/wp-content\/uploads\/sites\/2\/2019\/05\/Inspirationsfoto-2.jpg","link":"https:\/\/strandhotellet-blokhus.dk\/en\/winter-bathing\/inspirationsfoto-2\/#main","alt":"","author":"1","description":"","caption":"","name":"inspirationsfoto-2","status":"inherit","uploaded_to":255,"date":"2019-05-28 07:49:03","modified":"2019-05-28 07:49:03","menu_order":0,"mime_type":"image\/jpeg","type":"image","subtype":"jpeg","icon":"https:\/\/strandhotellet-blokhus.dk\/en\/wp-includes\/images\/media\/default.png","width":400,"height":400,"sizes":{"thumbnail":"https:\/\/strandhotellet-blokhus.dk\/en\/wp-content\/uploads\/sites\/2\/2019\/05\/Inspirationsfoto-2-150x150.jpg","thumbnail-width":150,"thumbnail-height":150,"medium":"https:\/\/strandhotellet-blokhus.dk\/en\/wp-content\/uploads\/sites\/2\/2019\/05\/Inspirationsfoto-2-300x300.jpg","medium-width":300,"medium-height":300,"medium_large":"https:\/\/strandhotellet-blokhus.dk\/en\/wp-content\/uploads\/sites\/2\/2019\/05\/Inspirationsfoto-2.jpg","medium_large-width":400,"medium_large-height":400,"large":"https:\/\/strandhotellet-blokhus.dk\/en\/wp-content\/uploads\/sites\/2\/2019\/05\/Inspirationsfoto-2.jpg","large-width":400,"large-height":400,"1536x1536":"https:\/\/strandhotellet-blokhus.dk\/en\/wp-content\/uploads\/sites\/2\/2019\/05\/Inspirationsfoto-2.jpg","1536x1536-width":400,"1536x1536-height":400,"2048x2048":"https:\/\/strandhotellet-blokhus.dk\/en\/wp-content\/uploads\/sites\/2\/2019\/05\/Inspirationsfoto-2.jpg","2048x2048-width":400,"2048x2048-height":400}}},{"image":{"ID":308,"id":308,"title":"Strandhotellet_blokhus_pool_wellness","filename":"Strandhotellet_blokhus_pool_wellness.jpg","filesize":114247,"url":"https:\/\/strandhotellet-blokhus.dk\/en\/wp-content\/uploads\/sites\/2\/2019\/05\/Strandhotellet_blokhus_pool_wellness.jpg","link":"https:\/\/strandhotellet-blokhus.dk\/en\/pool-and-sauna\/strandhotellet_blokhus_pool_wellness\/#main","alt":"","author":"1","description":"","caption":"","name":"strandhotellet_blokhus_pool_wellness","status":"inherit","uploaded_to":297,"date":"2019-05-28 13:40:55","modified":"2019-05-28 13:40:55","menu_order":0,"mime_type":"image\/jpeg","type":"image","subtype":"jpeg","icon":"https:\/\/strandhotellet-blokhus.dk\/en\/wp-includes\/images\/media\/default.png","width":600,"height":600,"sizes":{"thumbnail":"https:\/\/strandhotellet-blokhus.dk\/en\/wp-content\/uploads\/sites\/2\/2019\/05\/Strandhotellet_blokhus_pool_wellness-150x150.jpg","thumbnail-width":150,"thumbnail-height":150,"medium":"https:\/\/strandhotellet-blokhus.dk\/en\/wp-content\/uploads\/sites\/2\/2019\/05\/Strandhotellet_blokhus_pool_wellness-300x300.jpg","medium-width":300,"medium-height":300,"medium_large":"https:\/\/strandhotellet-blokhus.dk\/en\/wp-content\/uploads\/sites\/2\/2019\/05\/Strandhotellet_blokhus_pool_wellness.jpg","medium_large-width":600,"medium_large-height":600,"large":"https:\/\/strandhotellet-blokhus.dk\/en\/wp-content\/uploads\/sites\/2\/2019\/05\/Strandhotellet_blokhus_pool_wellness.jpg","large-width":600,"large-height":600,"1536x1536":"https:\/\/strandhotellet-blokhus.dk\/en\/wp-content\/uploads\/sites\/2\/2019\/05\/Strandhotellet_blokhus_pool_wellness.jpg","1536x1536-width":600,"1536x1536-height":600,"2048x2048":"https:\/\/strandhotellet-blokhus.dk\/en\/wp-content\/uploads\/sites\/2\/2019\/05\/Strandhotellet_blokhus_pool_wellness.jpg","2048x2048-width":600,"2048x2048-height":600}}},{"image":{"ID":312,"id":312,"title":"1B0A5529","filename":"1B0A5529.jpg","filesize":1159552,"url":"https:\/\/strandhotellet-blokhus.dk\/en\/wp-content\/uploads\/sites\/2\/2019\/05\/1B0A5529.jpg","link":"https:\/\/strandhotellet-blokhus.dk\/en\/pool-and-sauna\/1b0a5529\/#main","alt":"","author":"1","description":"","caption":"","name":"1b0a5529","status":"inherit","uploaded_to":297,"date":"2019-05-28 13:41:11","modified":"2019-05-28 13:41:11","menu_order":0,"mime_type":"image\/jpeg","type":"image","subtype":"jpeg","icon":"https:\/\/strandhotellet-blokhus.dk\/en\/wp-includes\/images\/media\/default.png","width":3060,"height":3515,"sizes":{"thumbnail":"https:\/\/strandhotellet-blokhus.dk\/en\/wp-content\/uploads\/sites\/2\/2019\/05\/1B0A5529-150x150.jpg","thumbnail-width":150,"thumbnail-height":150,"medium":"https:\/\/strandhotellet-blokhus.dk\/en\/wp-content\/uploads\/sites\/2\/2019\/05\/1B0A5529-261x300.jpg","medium-width":261,"medium-height":300,"medium_large":"https:\/\/strandhotellet-blokhus.dk\/en\/wp-content\/uploads\/sites\/2\/2019\/05\/1B0A5529-768x882.jpg","medium_large-width":768,"medium_large-height":882,"large":"https:\/\/strandhotellet-blokhus.dk\/en\/wp-content\/uploads\/sites\/2\/2019\/05\/1B0A5529-891x1024.jpg","large-width":891,"large-height":1024,"1536x1536":"https:\/\/strandhotellet-blokhus.dk\/en\/wp-content\/uploads\/sites\/2\/2019\/05\/1B0A5529.jpg","1536x1536-width":1337,"1536x1536-height":1536,"2048x2048":"https:\/\/strandhotellet-blokhus.dk\/en\/wp-content\/uploads\/sites\/2\/2019\/05\/1B0A5529.jpg","2048x2048-width":1783,"2048x2048-height":2048}}},{"image":{"ID":309,"id":309,"title":"Strandhotellet_blokhus_fitness_ferie","filename":"Strandhotellet_blokhus_fitness_ferie.jpg","filesize":100143,"url":"https:\/\/strandhotellet-blokhus.dk\/en\/wp-content\/uploads\/sites\/2\/2019\/05\/Strandhotellet_blokhus_fitness_ferie.jpg","link":"https:\/\/strandhotellet-blokhus.dk\/en\/pool-and-sauna\/strandhotellet_blokhus_fitness_ferie\/#main","alt":"","author":"1","description":"","caption":"","name":"strandhotellet_blokhus_fitness_ferie","status":"inherit","uploaded_to":297,"date":"2019-05-28 13:41:04","modified":"2019-05-28 13:41:04","menu_order":0,"mime_type":"image\/jpeg","type":"image","subtype":"jpeg","icon":"https:\/\/strandhotellet-blokhus.dk\/en\/wp-includes\/images\/media\/default.png","width":600,"height":600,"sizes":{"thumbnail":"https:\/\/strandhotellet-blokhus.dk\/en\/wp-content\/uploads\/sites\/2\/2019\/05\/Strandhotellet_blokhus_fitness_ferie-150x150.jpg","thumbnail-width":150,"thumbnail-height":150,"medium":"https:\/\/strandhotellet-blokhus.dk\/en\/wp-content\/uploads\/sites\/2\/2019\/05\/Strandhotellet_blokhus_fitness_ferie-300x300.jpg","medium-width":300,"medium-height":300,"medium_large":"https:\/\/strandhotellet-blokhus.dk\/en\/wp-content\/uploads\/sites\/2\/2019\/05\/Strandhotellet_blokhus_fitness_ferie.jpg","medium_large-width":600,"medium_large-height":600,"large":"https:\/\/strandhotellet-blokhus.dk\/en\/wp-content\/uploads\/sites\/2\/2019\/05\/Strandhotellet_blokhus_fitness_ferie.jpg","large-width":600,"large-height":600,"1536x1536":"https:\/\/strandhotellet-blokhus.dk\/en\/wp-content\/uploads\/sites\/2\/2019\/05\/Strandhotellet_blokhus_fitness_ferie.jpg","1536x1536-width":600,"1536x1536-height":600,"2048x2048":"https:\/\/strandhotellet-blokhus.dk\/en\/wp-content\/uploads\/sites\/2\/2019\/05\/Strandhotellet_blokhus_fitness_ferie.jpg","2048x2048-width":600,"2048x2048-height":600}}},{"image":{"ID":311,"id":311,"title":"Strandhotellet_blokhus_wellness_sauna","filename":"Strandhotellet_blokhus_wellness_sauna.jpg","filesize":57660,"url":"https:\/\/strandhotellet-blokhus.dk\/en\/wp-content\/uploads\/sites\/2\/2019\/05\/Strandhotellet_blokhus_wellness_sauna.jpg","link":"https:\/\/strandhotellet-blokhus.dk\/en\/pool-and-sauna\/strandhotellet_blokhus_wellness_sauna\/#main","alt":"","author":"1","description":"","caption":"","name":"strandhotellet_blokhus_wellness_sauna","status":"inherit","uploaded_to":297,"date":"2019-05-28 13:41:08","modified":"2019-05-28 13:41:08","menu_order":0,"mime_type":"image\/jpeg","type":"image","subtype":"jpeg","icon":"https:\/\/strandhotellet-blokhus.dk\/en\/wp-includes\/images\/media\/default.png","width":600,"height":600,"sizes":{"thumbnail":"https:\/\/strandhotellet-blokhus.dk\/en\/wp-content\/uploads\/sites\/2\/2019\/05\/Strandhotellet_blokhus_wellness_sauna-150x150.jpg","thumbnail-width":150,"thumbnail-height":150,"medium":"https:\/\/strandhotellet-blokhus.dk\/en\/wp-content\/uploads\/sites\/2\/2019\/05\/Strandhotellet_blokhus_wellness_sauna-300x300.jpg","medium-width":300,"medium-height":300,"medium_large":"https:\/\/strandhotellet-blokhus.dk\/en\/wp-content\/uploads\/sites\/2\/2019\/05\/Strandhotellet_blokhus_wellness_sauna.jpg","medium_large-width":600,"medium_large-height":600,"large":"https:\/\/strandhotellet-blokhus.dk\/en\/wp-content\/uploads\/sites\/2\/2019\/05\/Strandhotellet_blokhus_wellness_sauna.jpg","large-width":600,"large-height":600,"1536x1536":"https:\/\/strandhotellet-blokhus.dk\/en\/wp-content\/uploads\/sites\/2\/2019\/05\/Strandhotellet_blokhus_wellness_sauna.jpg","1536x1536-width":600,"1536x1536-height":600,"2048x2048":"https:\/\/strandhotellet-blokhus.dk\/en\/wp-content\/uploads\/sites\/2\/2019\/05\/Strandhotellet_blokhus_wellness_sauna.jpg","2048x2048-width":600,"2048x2048-height":600}}}]}],"show_formular":true,"text_over_form":""},"yoast_head":"<!-- This site is optimized with the Yoast SEO plugin v19.13 - https:\/\/yoast.com\/wordpress\/plugins\/seo\/ -->\n<title>Pool and sauna - Strandhotel Engelsk<\/title>\n<meta name=\"description\" content=\"Pool og sauna - DEN TOTALE AFSLAPNING AF KROP OG SJ\u00c6L - Wellnessafdelingen har en opvarmet pool, sv\u00f8mmetr\u00e6ner, massagedyser, koldt vandsbruser og sauna\" \/>\n<meta name=\"robots\" content=\"index, follow, max-snippet:-1, max-image-preview:large, max-video-preview:-1\" \/>\n<link rel=\"canonical\" href=\"https:\/\/strandhotellet-blokhus.dk\/en\/pool-and-sauna\/\" \/>\n<meta property=\"og:locale\" content=\"en_US\" \/>\n<meta property=\"og:type\" content=\"article\" \/>\n<meta property=\"og:title\" content=\"Pool and sauna - Strandhotel Engelsk\" \/>\n<meta property=\"og:description\" content=\"Pool og sauna - DEN TOTALE AFSLAPNING AF KROP OG SJ\u00c6L - Wellnessafdelingen har en opvarmet pool, sv\u00f8mmetr\u00e6ner, massagedyser, koldt vandsbruser og sauna\" \/>\n<meta property=\"og:url\" content=\"https:\/\/strandhotellet-blokhus.dk\/en\/pool-and-sauna\/\" \/>\n<meta property=\"og:site_name\" content=\"Strandhotel Engelsk\" \/>\n<meta property=\"article:modified_time\" content=\"2023-01-12T13:06:45+00:00\" \/>\n<meta name=\"twitter:card\" content=\"summary_large_image\" \/>\n<script type=\"application\/ld+json\" class=\"yoast-schema-graph\">{\"@context\":\"https:\/\/schema.org\",\"@graph\":[{\"@type\":\"WebPage\",\"@id\":\"https:\/\/strandhotellet-blokhus.dk\/en\/pool-and-sauna\/\",\"url\":\"https:\/\/strandhotellet-blokhus.dk\/en\/pool-and-sauna\/\",\"name\":\"Pool and sauna - Strandhotel Engelsk\",\"isPartOf\":{\"@id\":\"https:\/\/strandhotellet-blokhus.dk\/en\/#website\"},\"datePublished\":\"2019-05-28T13:28:02+00:00\",\"dateModified\":\"2023-01-12T13:06:45+00:00\",\"description\":\"Pool og sauna - DEN TOTALE AFSLAPNING AF KROP OG SJ\u00c6L - Wellnessafdelingen har en opvarmet pool, sv\u00f8mmetr\u00e6ner, massagedyser, koldt vandsbruser og sauna\",\"breadcrumb\":{\"@id\":\"https:\/\/strandhotellet-blokhus.dk\/en\/pool-and-sauna\/#breadcrumb\"},\"inLanguage\":\"en-US\",\"potentialAction\":[{\"@type\":\"ReadAction\",\"target\":[\"https:\/\/strandhotellet-blokhus.dk\/en\/pool-and-sauna\/\"]}]},{\"@type\":\"BreadcrumbList\",\"@id\":\"https:\/\/strandhotellet-blokhus.dk\/en\/pool-and-sauna\/#breadcrumb\",\"itemListElement\":[{\"@type\":\"ListItem\",\"position\":1,\"name\":\"Hjem\",\"item\":\"https:\/\/strandhotellet-blokhus.dk\/en\/\"},{\"@type\":\"ListItem\",\"position\":2,\"name\":\"Pool and sauna\"}]},{\"@type\":\"WebSite\",\"@id\":\"https:\/\/strandhotellet-blokhus.dk\/en\/#website\",\"url\":\"https:\/\/strandhotellet-blokhus.dk\/en\/\",\"name\":\"Strandhotel Engelsk\",\"description\":\"\",\"publisher\":{\"@id\":\"https:\/\/strandhotellet-blokhus.dk\/en\/#organization\"},\"potentialAction\":[{\"@type\":\"SearchAction\",\"target\":{\"@type\":\"EntryPoint\",\"urlTemplate\":\"https:\/\/strandhotellet-blokhus.dk\/en\/?s={search_term_string}\"},\"query-input\":\"required name=search_term_string\"}],\"inLanguage\":\"en-US\"},{\"@type\":\"Organization\",\"@id\":\"https:\/\/strandhotellet-blokhus.dk\/en\/#organization\",\"name\":\"Strandhotel Engelsk\",\"url\":\"https:\/\/strandhotellet-blokhus.dk\/en\/\",\"logo\":{\"@type\":\"ImageObject\",\"inLanguage\":\"en-US\",\"@id\":\"https:\/\/strandhotellet-blokhus.dk\/en\/#\/schema\/logo\/image\/\",\"url\":\"https:\/\/strandhotellet-blokhus.dk\/en\/wp-content\/uploads\/sites\/2\/2019\/05\/Strandhotellet-Blokhus-logo.png\",\"contentUrl\":\"https:\/\/strandhotellet-blokhus.dk\/en\/wp-content\/uploads\/sites\/2\/2019\/05\/Strandhotellet-Blokhus-logo.png\",\"width\":280,\"height\":119,\"caption\":\"Strandhotel Engelsk\"},\"image\":{\"@id\":\"https:\/\/strandhotellet-blokhus.dk\/en\/#\/schema\/logo\/image\/\"}}]}<\/script>\n<!-- \/ Yoast SEO plugin. -->","yoast_head_json":{"title":"Pool and sauna - Strandhotel Engelsk","description":"Pool og sauna - DEN TOTALE AFSLAPNING AF KROP OG SJ\u00c6L - Wellnessafdelingen har en opvarmet pool, sv\u00f8mmetr\u00e6ner, massagedyser, koldt vandsbruser og sauna","robots":{"index":"index","follow":"follow","max-snippet":"max-snippet:-1","max-image-preview":"max-image-preview:large","max-video-preview":"max-video-preview:-1"},"canonical":"https:\/\/strandhotellet-blokhus.dk\/en\/pool-and-sauna\/","og_locale":"en_US","og_type":"article","og_title":"Pool and sauna - Strandhotel Engelsk","og_description":"Pool og sauna - DEN TOTALE AFSLAPNING AF KROP OG SJ\u00c6L - Wellnessafdelingen har en opvarmet pool, sv\u00f8mmetr\u00e6ner, massagedyser, koldt vandsbruser og sauna","og_url":"https:\/\/strandhotellet-blokhus.dk\/en\/pool-and-sauna\/","og_site_name":"Strandhotel Engelsk","article_modified_time":"2023-01-12T13:06:45+00:00","twitter_card":"summary_large_image","schema":{"@context":"https:\/\/schema.org","@graph":[{"@type":"WebPage","@id":"https:\/\/strandhotellet-blokhus.dk\/en\/pool-and-sauna\/","url":"https:\/\/strandhotellet-blokhus.dk\/en\/pool-and-sauna\/","name":"Pool and sauna - Strandhotel Engelsk","isPartOf":{"@id":"https:\/\/strandhotellet-blokhus.dk\/en\/#website"},"datePublished":"2019-05-28T13:28:02+00:00","dateModified":"2023-01-12T13:06:45+00:00","description":"Pool og sauna - DEN TOTALE AFSLAPNING AF KROP OG SJ\u00c6L - Wellnessafdelingen har en opvarmet pool, sv\u00f8mmetr\u00e6ner, massagedyser, koldt vandsbruser og sauna","breadcrumb":{"@id":"https:\/\/strandhotellet-blokhus.dk\/en\/pool-and-sauna\/#breadcrumb"},"inLanguage":"en-US","potentialAction":[{"@type":"ReadAction","target":["https:\/\/strandhotellet-blokhus.dk\/en\/pool-and-sauna\/"]}]},{"@type":"BreadcrumbList","@id":"https:\/\/strandhotellet-blokhus.dk\/en\/pool-and-sauna\/#breadcrumb","itemListElement":[{"@type":"ListItem","position":1,"name":"Hjem","item":"https:\/\/strandhotellet-blokhus.dk\/en\/"},{"@type":"ListItem","position":2,"name":"Pool and sauna"}]},{"@type":"WebSite","@id":"https:\/\/strandhotellet-blokhus.dk\/en\/#website","url":"https:\/\/strandhotellet-blokhus.dk\/en\/","name":"Strandhotel Engelsk","description":"","publisher":{"@id":"https:\/\/strandhotellet-blokhus.dk\/en\/#organization"},"potentialAction":[{"@type":"SearchAction","target":{"@type":"EntryPoint","urlTemplate":"https:\/\/strandhotellet-blokhus.dk\/en\/?s={search_term_string}"},"query-input":"required name=search_term_string"}],"inLanguage":"en-US"},{"@type":"Organization","@id":"https:\/\/strandhotellet-blokhus.dk\/en\/#organization","name":"Strandhotel Engelsk","url":"https:\/\/strandhotellet-blokhus.dk\/en\/","logo":{"@type":"ImageObject","inLanguage":"en-US","@id":"https:\/\/strandhotellet-blokhus.dk\/en\/#\/schema\/logo\/image\/","url":"https:\/\/strandhotellet-blokhus.dk\/en\/wp-content\/uploads\/sites\/2\/2019\/05\/Strandhotellet-Blokhus-logo.png","contentUrl":"https:\/\/strandhotellet-blokhus.dk\/en\/wp-content\/uploads\/sites\/2\/2019\/05\/Strandhotellet-Blokhus-logo.png","width":280,"height":119,"caption":"Strandhotel Engelsk"},"image":{"@id":"https:\/\/strandhotellet-blokhus.dk\/en\/#\/schema\/logo\/image\/"}}]}},"_links":{"self":[{"href":"https:\/\/strandhotellet-blokhus.dk\/en\/wp-json\/wp\/v2\/pages\/297"}],"collection":[{"href":"https:\/\/strandhotellet-blokhus.dk\/en\/wp-json\/wp\/v2\/pages"}],"about":[{"href":"https:\/\/strandhotellet-blokhus.dk\/en\/wp-json\/wp\/v2\/types\/page"}],"author":[{"embeddable":true,"href":"https:\/\/strandhotellet-blokhus.dk\/en\/wp-json\/wp\/v2\/users\/1"}],"replies":[{"embeddable":true,"href":"https:\/\/strandhotellet-blokhus.dk\/en\/wp-json\/wp\/v2\/comments?post=297"}],"version-history":[{"count":21,"href":"https:\/\/strandhotellet-blokhus.dk\/en\/wp-json\/wp\/v2\/pages\/297\/revisions"}],"predecessor-version":[{"id":1612,"href":"https:\/\/strandhotellet-blokhus.dk\/en\/wp-json\/wp\/v2\/pages\/297\/revisions\/1612"}],"wp:attachment":[{"href":"https:\/\/strandhotellet-blokhus.dk\/en\/wp-json\/wp\/v2\/media?parent=297"}],"curies":[{"name":"wp","href":"https:\/\/api.w.org\/{rel}","templated":true}]}}